{"id":683432,"date":"2025-12-17T18:06:26","date_gmt":"2025-12-17T15:06:26","guid":{"rendered":"https:\/\/nbg.eu\/product\/kamera-tat-termografija-tal-karozza-nocpix-m6t25s-brilevazzjoni-intelligenti-ghal-oggetti-shan\/"},"modified":"2026-01-21T11:45:00","modified_gmt":"2026-01-21T08:45:00","slug":"kamera-tat-termografija-tal-karozza-nocpix-m6t25s-brilevazzjoni-intelligenti-ghal-oggetti-shan","status":"publish","type":"product","link":"https:\/\/nbg.eu\/mt\/product\/kamera-tat-termografija-tal-karozza-nocpix-m6t25s-brilevazzjoni-intelligenti-ghal-oggetti-shan\/","title":{"rendered":"Kamera tat-Termografija tal-Karozza Nocpix M6T25S b&#8217;Rilevazzjoni Intelligenti g\u0127al O\u0121\u0121etti S\u0127an"},"content":{"rendered":"<h2>Nocpix M6T25S Kamra tal-Karozza Termali b&#8217;Detezzjoni Intelli\u0121enti g\u0127al O\u0121\u0121etti S\u0127an<\/h2>\n<p>Qed nipprezentaw is-serje MT ta&#8217; Nocpix, l-iskaner tad-dome innovattiv iddisinjat spe\u010bifikament g\u0127all-ka\u010b\u010ba. Huwa l-g\u0127a\u017cla ideali tieg\u0127ek mhux biss g\u0127all-imsie\u0127ba waqt il-ka\u010b\u010ba, i\u017cda wkoll adattabbli g\u0127al diversi metodi u drawwiet ta&#8217; ka\u010b\u010ba. Mg\u0127ammar b&#8217;mudelli tal-intelli\u0121enza artifi\u010bjali avvanzati u sa\u0127\u0127a komputazzjonali g\u0127olja, l-MT ji\u017cgura prestazzjoni stabbli anke waqt is-sewqan u joffri detezzjoni, twa\u0127\u0127il u tra\u010b\u010bar pre\u010bi\u017c tal-pri\u017ca, jipprovdi imma\u0121nijiet ta&#8217; kwalit\u00e0 g\u0127olja u esperjenza e\u010b\u010bezzjonali tal-ka\u010b\u010ba.<\/p>\n<h2>Prestazzjoni Intelli\u0121enti tal-AI<\/h2>\n<p>Ikkontrollat mill-mudell tat-tag\u0127lim profond YOLO V5 u 2T ta&#8217; sa\u0127\u0127a komputazzjonali, dan is-sistema huwa ddisinjat biex itejjeb l-esperjenza tal-ka\u010b\u010ba tieg\u0127ek. Il-mudell tat-tag\u0127lim profond, im\u0127arre\u0121 fuq data kbira, jippermetti g\u0127arfien awtomatiku u tra\u010b\u010bar tal-pri\u017ca malajr, b&#8217;kaxex limiti pre\u010bi\u017ci g\u0127at-tikkettar tal-mira. Dan jag\u0127mel il-pro\u010bess kollu tal-ka\u010b\u010ba &#8211; identifikazzjoni, immira, u tra\u010b\u010bar &#8211; \u0127afna e\u0127fef u aktar smoothi, u jnaqqas l-isforz me\u0127tie\u0121 biex twettaq kull pass wa\u0127dek.<\/p>\n<h2>Vista Panoramika ta&#8217; 360\u00b0 ming\u0127ajr Brushes b&#8217;Medda ta&#8217; Tilt ta&#8217; 90\u00b0<\/h2>\n<p>L-MT joffri vista panoramika wiesg\u0127a ta&#8217; 360\u00b0 b&#8217;medda ta&#8217; tilt ta&#8217; 90\u00b0, li tipprovdi kopertura s\u0127i\u0127a. Dan ji\u017cgura tra\u010b\u010bar komplut u bla xkiel tal-pri\u017ca tieg\u0127ek ming\u0127ajr l-ebda punkti g\u0127omja.<\/p>\n<h2>Stabbilizzazzjoni Finali<\/h2>\n<p>L-istabbilizzazzjoni ta&#8217; 2 assi tippermetti lill-MT bil-kapa\u010bit\u00e0 li jipprovdi imma\u0121ni stabbli, il-kalibrazzjoni awtomatika tikkore\u0121i l-bidla fil-lensijiet ikkaw\u017cata minn bibien fit-triq jew kwalunkwe fatturi ambjentali esterni, u \u017c\u017comm direzzjoni kostanti.<\/p>\n<h2>Esperjenza tal-Utent Silenzju\u017ca \u0126afna<\/h2>\n<p>L-M6T25S ju\u017ca mutur bla brushes g\u0127at-rotazzjoni orizzontali ta&#8217; 360 grad u disinn ta&#8217; bilan\u010b dinamiku, li jfisser li jopera f&#8217;livell baxx ta&#8217; decibel matul ir-rotazzjoni u t-tilt, u ji\u017cgura li l-esperjenza tal-ka\u010b\u010ba tieg\u0127ek tibqa&#8217; mhux interrotta u pja\u010bevoli.<\/p>\n<h2>Diversi Metodi ta&#8217; Konnessjoni u Displej Terminali<\/h2>\n<p>Biex ti\u0121i akkomodata u\u017cu u xenarji differenti, huma appo\u0121\u0121jati \u017cew\u0121 metodi ta&#8217; konnessjoni: kavo u WiFi. Il-konnessjoni bil-kavo tipprovdi tra\u017cmissjoni tal-imma\u0121ni aktar stabbli, filwaqt li l-WiFi toffri esperjenza aktar komda u ming\u0127ajr fili. Tra\u017cmissjoni tal-imma\u0121ni f&#8217;\u0127in reali hija disponibbli fuq kwalunkwe apparat b&#8217;app Nocpix installata, inklu\u017c i\u017cda mhux limitata g\u0127al iPad, telephones \u010bellulari, etc.<\/p>\n","protected":false},"excerpt":{"rendered":"<p>Nocpix M6T25S Kamra tat-termali tal-karozza b&#8217;detezzjoni intelli\u0121enti g\u0127al o\u0121\u0121etti s\u0127an. Tfittxija intelli\u0121enti, firxa effettiva 2300m, kontroll mill-bog\u0127od, 2 batteriji rikarigabbli g\u0127al sa 7 sig\u0127at ta&#8217; t\u0127addim.<\/p>\n<p>Jekk l-o\u0121\u0121ett mhux disponibbli, jekk jog\u0127\u0121bok ikkuntattjana: shop@nbg.eu jew +359896147790<\/p>\n","protected":false},"featured_media":683451,"template":"","meta":{"_acf_changed":false},"product_brand":[14451],"product_cat":[14129],"product_tag":[],"class_list":{"0":"post-683432","1":"product","2":"type-product","3":"status-publish","4":"has-post-thumbnail","6":"product_brand-nocpix","7":"product_cat-termali","9":"first","10":"instock","11":"taxable","12":"shipping-taxable","13":"purchasable","14":"product-type-simple"},"acf":[],"_links":{"self":[{"href":"https:\/\/nbg.eu\/mt\/wp-json\/wp\/v2\/product\/683432","targetHints":{"allow":["GET"]}}],"collection":[{"href":"https:\/\/nbg.eu\/mt\/wp-json\/wp\/v2\/product"}],"about":[{"href":"https:\/\/nbg.eu\/mt\/wp-json\/wp\/v2\/types\/product"}],"wp:featuredmedia":[{"embeddable":true,"href":"https:\/\/nbg.eu\/mt\/wp-json\/wp\/v2\/media\/683451"}],"wp:attachment":[{"href":"https:\/\/nbg.eu\/mt\/wp-json\/wp\/v2\/media?parent=683432"}],"wp:term":[{"taxonomy":"product_brand","embeddable":true,"href":"https:\/\/nbg.eu\/mt\/wp-json\/wp\/v2\/product_brand?post=683432"},{"taxonomy":"product_cat","embeddable":true,"href":"https:\/\/nbg.eu\/mt\/wp-json\/wp\/v2\/product_cat?post=683432"},{"taxonomy":"product_tag","embeddable":true,"href":"https:\/\/nbg.eu\/mt\/wp-json\/wp\/v2\/product_tag?post=683432"}],"curies":[{"name":"wp","href":"https:\/\/api.w.org\/{rel}","templated":true}]}}