{"id":683630,"date":"2026-01-08T18:14:29","date_gmt":"2026-01-08T15:14:29","guid":{"rendered":"https:\/\/nbg.eu\/product\/kamiera-termika-nocpix-vista-h50-50mm-12um-640x512-15mk-netd\/"},"modified":"2026-04-14T16:07:46","modified_gmt":"2026-04-14T13:07:46","slug":"kamiera-termika-nocpix-vista-h50-50mm-12um-640x512-15mk-netd","status":"publish","type":"product","link":"https:\/\/nbg.eu\/mt\/product\/kamiera-termika-nocpix-vista-h50-50mm-12um-640x512-15mk-netd\/","title":{"rendered":"Nocpix Kamera Termali VISTA H50"},"content":{"rendered":"<h2>Nocpix VISTA H50 &#8211; Kamra Termi\u010bi Avvanzata g\u0127al U\u017cu ta&#8217; Lejl u Jum<\/h2>\n<p>Il-Nocpix VISTA H50 hija kamra termi\u010bi avvanzata ddisinjata g\u0127al u\u017cu ta&#8217; lejl u jum. Jipprodu\u010bi kwalit\u00e0 e\u010b\u010bezzjonali anke f&#8217;kundizzjonijiet atmosferi\u010bi \u0127arxa b\u0127al nfuk, tidwir u xita u jista&#8217; jidentifika miri permezz ta&#8217; osta\u010bli b\u0127al ferg\u0127at, \u0127axix g\u0127oli u g\u0127adam fitti li normalment jg\u0127attu l-veduta.<\/p>\n<p>Il-VISTA H50 hija flessibbli \u0127afna u adattata g\u0127al firxa ta&#8217; applikazzjonijiet inklu\u017c ka\u010b\u010ba, sigurt\u00e0, sorveljanza, navigazzjoni tat-terrain u operazzjonijiet ta&#8217; tiftix u salvata\u0121\u0121. It-teknolo\u0121ija termi\u010bi avvanzata tag\u0127ha ti\u017cgura prestazzjoni affidabbli, tipprodu\u010bi imma\u0121ni \u010bari u kejl pre\u010bi\u017c f&#8217;ambjenti sfidanti.<\/p>\n<h2>Spe\u010bifikazzjonijiet Ewlenin:<\/h2>\n<p>Ri\u017coluzzjoni: 640 x 512<br \/>\nDaqs tal-pixel: 12<br \/>\nNETD, mK: \u226415<br \/>\nRata tal-qafas: 50<br \/>\nLentijiet: 50mm F0.9<br \/>\nKamp ta&#8217; \u0126arsa: 8.8 x 7.0<br \/>\nKamp ta&#8217; \u0126arsa (lineari): 15 x 12<br \/>\nMagnifikazzjoni: 4~40<br \/>\nFirxa ta&#8217; Identifikazzjoni: 2600<br \/>\nDistanza mill-G\u0127ajnejn: 25<br \/>\nDijametru tal-Pupilla \u0126ar\u0121a: 8<br \/>\nDiopter: -4 ~ +6<br \/>\nTip ta&#8217; Displej: AMOLED<br \/>\nRi\u017coluzzjoni tad-Displej: 2560 x 2560<br \/>\nBatterija: Batterija tal-Lithium-ion Skambjabbli IBP-7 \/ 4400mAh<br \/>\n\u0126in Operattiv Massimu: 5.5<br \/>\nWi-Fi\/App: IVA<br \/>\nMikrofonu: IVA<br \/>\nKapa\u010bit\u00e0 tal-Memoria: 64GB<br \/>\nKlassifikazzjoni IP: IP67<br \/>\nTemperatura Operattiva Massima: -20 ~ +50<br \/>\nPi\u017c (ons): 22.93<br \/>\nPi\u017c (g): 650<br \/>\nDimensjonijiet (in): 7.64 x 2.76 x 3.23<br \/>\nDimensjonijiet (mm): 194 x 70 x 82<\/p>\n","protected":false},"excerpt":{"rendered":"<p>Il-Nocpix VISTA H50 huwa kamra termali ta&#8217; 640&#215;512 12um b&#8217;NETD ta&#8217; \u226415mK, lensijiet ta&#8217; 50mm F0.9, u displej AMOLED ta&#8217; 2560&#215;2560.<\/p>\n<p>Jekk l-o\u0121\u0121ett ma jkunx disponibbli, jekk jog\u0127\u0121bok ikkuntattjana: shop@nbg.eu jew +359896147790<\/p>\n","protected":false},"featured_media":683660,"template":"","meta":{"_acf_changed":false},"product_brand":[14451],"product_cat":[14129,16088],"product_tag":[],"class_list":{"0":"post-683630","1":"product","2":"type-product","3":"status-publish","4":"has-post-thumbnail","6":"product_brand-nocpix","7":"product_cat-termali","8":"product_cat-thermal-cameras-mt","10":"first","11":"instock","12":"taxable","13":"shipping-taxable","14":"purchasable","15":"product-type-simple"},"acf":[],"_links":{"self":[{"href":"https:\/\/nbg.eu\/mt\/wp-json\/wp\/v2\/product\/683630","targetHints":{"allow":["GET"]}}],"collection":[{"href":"https:\/\/nbg.eu\/mt\/wp-json\/wp\/v2\/product"}],"about":[{"href":"https:\/\/nbg.eu\/mt\/wp-json\/wp\/v2\/types\/product"}],"wp:featuredmedia":[{"embeddable":true,"href":"https:\/\/nbg.eu\/mt\/wp-json\/wp\/v2\/media\/683660"}],"wp:attachment":[{"href":"https:\/\/nbg.eu\/mt\/wp-json\/wp\/v2\/media?parent=683630"}],"wp:term":[{"taxonomy":"product_brand","embeddable":true,"href":"https:\/\/nbg.eu\/mt\/wp-json\/wp\/v2\/product_brand?post=683630"},{"taxonomy":"product_cat","embeddable":true,"href":"https:\/\/nbg.eu\/mt\/wp-json\/wp\/v2\/product_cat?post=683630"},{"taxonomy":"product_tag","embeddable":true,"href":"https:\/\/nbg.eu\/mt\/wp-json\/wp\/v2\/product_tag?post=683630"}],"curies":[{"name":"wp","href":"https:\/\/api.w.org\/{rel}","templated":true}]}}