{"id":683731,"date":"2026-01-08T18:13:33","date_gmt":"2026-01-08T15:13:33","guid":{"rendered":"https:\/\/nbg.eu\/product\/kamera-termika-nocpix-vista-h35-minghajr-rangefinder-35mm-12um-640x512-15mk-net\/"},"modified":"2026-04-14T16:08:03","modified_gmt":"2026-04-14T13:08:03","slug":"kamera-termika-nocpix-vista-h35-minghajr-rangefinder-35mm-12um-640x512-15mk-net","status":"publish","type":"product","link":"https:\/\/nbg.eu\/mt\/product\/kamera-termika-nocpix-vista-h35-minghajr-rangefinder-35mm-12um-640x512-15mk-net\/","title":{"rendered":"Nocpix Kamera Termali VISTA H35"},"content":{"rendered":"<h2>Nocpix VISTA H35 Thermal Monocular &#8211; 35mm 12um 640&#215;512 \u226415mK NET<\/h2>\n<p>Il-Nocpix VISTA H35 huwa monocular termali b&#8217;diversi skopijiet iddisinjat g\u0127al u\u017cu affidabbli kemm ta&#8217; lejl kif ukoll ta&#8217; nhar. Dan il-apparat avvanzat joffri prestazzjoni e\u010b\u010bezzjonali tal-immaging termali, li tipprovdi vi\u017cwali \u010bari u dettaljati anke f&#8217;kundizzjonijiet meteorolo\u0121i\u010bi sfidanti b\u0127al tid\u0127in, nfafet u xita. Huwa kapa\u010bi jidentifika l-miri permezz ta&#8217; ostruzzjonijiet b\u0127al ferg\u0127at, g\u0127alqa g\u0127olja u ve\u0121etazzjoni mimlija, li ji\u017cgura operat effettiv f&#8217;ambjenti fejn l-ottika tradizzjonali hija inadegwata.<\/p>\n<p>Ideali g\u0127al firxa ta&#8217; applikazzjonijiet, il-VISTA H35 huwa perfett g\u0127all-ka\u010b\u010ba, is-sorveljanza, is-sigurt\u00e0, in-navigazzjoni tat-territorju u l-missjonijiet ta&#8217; tiftix u salvata\u0121\u0121. Bit-teknolo\u0121ija avanzata tieg\u0127u u l-kostruzzjoni robusta, il-VISTA H35 ji\u017cgura identifikazzjoni u kejl pre\u010bi\u017ci fl-aktar kundizzjonijiet diffi\u010bli.<\/p>\n<h2>Karatteristi\u010bi<\/h2>\n<p>&#8211; Detector ta&#8217; 640\u00d7512 12\u03bcm<br \/>\nNETD\u226415mK<br \/>\n&#8211; Rata ta&#8217; qafas g\u0127olja ta&#8217; 60Hz<br \/>\n&#8211; Lenti ta&#8217; F0.9<br \/>\n&#8211; Displej \u010birkolari AMOLED ta&#8217; 2560\u00d72560<br \/>\n&#8211; Batterija rikarikabbli IBP-7 li tinbidel malajr<br \/>\n&#8211; Zoom di\u0121itali ming\u0127ajr problemi: 1\u00d7~8\u00d7<br \/>\n&#8211; Modalit\u00e0 ultra nadifa<br \/>\n&#8211; Protezzjoni tal-g\u0127ajnejn b&#8217;lumino\u017cit\u00e0 baxxa, paletta tal-kuluri u tint s\u0127una<br \/>\n&#8211; Stabilizzazzjoni elettronika tal-istampa<\/p>\n","protected":false},"excerpt":{"rendered":"<p>Kamra termi\u010bi Nocpix VISTA H35 ming\u0127ajr ra\u0121\u0121unatur &#8211; 35mm 12um 640&#215;512 &lt;15mk NET<\/p>\n<p>Jekk l-item ma jkunx disponibbli, jekk jog\u0127\u0121bok ikkuntattjana: shop@nbg.eu jew +359896147790<\/p>\n<p>\n","protected":false},"featured_media":683878,"template":"","meta":{"_acf_changed":false},"product_brand":[14451],"product_cat":[14129,16088],"product_tag":[],"class_list":{"0":"post-683731","1":"product","2":"type-product","3":"status-publish","4":"has-post-thumbnail","6":"product_brand-nocpix","7":"product_cat-termali","8":"product_cat-thermal-cameras-mt","10":"first","11":"instock","12":"taxable","13":"shipping-taxable","14":"purchasable","15":"product-type-simple"},"acf":[],"_links":{"self":[{"href":"https:\/\/nbg.eu\/mt\/wp-json\/wp\/v2\/product\/683731","targetHints":{"allow":["GET"]}}],"collection":[{"href":"https:\/\/nbg.eu\/mt\/wp-json\/wp\/v2\/product"}],"about":[{"href":"https:\/\/nbg.eu\/mt\/wp-json\/wp\/v2\/types\/product"}],"wp:featuredmedia":[{"embeddable":true,"href":"https:\/\/nbg.eu\/mt\/wp-json\/wp\/v2\/media\/683878"}],"wp:attachment":[{"href":"https:\/\/nbg.eu\/mt\/wp-json\/wp\/v2\/media?parent=683731"}],"wp:term":[{"taxonomy":"product_brand","embeddable":true,"href":"https:\/\/nbg.eu\/mt\/wp-json\/wp\/v2\/product_brand?post=683731"},{"taxonomy":"product_cat","embeddable":true,"href":"https:\/\/nbg.eu\/mt\/wp-json\/wp\/v2\/product_cat?post=683731"},{"taxonomy":"product_tag","embeddable":true,"href":"https:\/\/nbg.eu\/mt\/wp-json\/wp\/v2\/product_tag?post=683731"}],"curies":[{"name":"wp","href":"https:\/\/api.w.org\/{rel}","templated":true}]}}