{"id":683922,"date":"2026-01-08T18:14:25","date_gmt":"2026-01-08T15:14:25","guid":{"rendered":"https:\/\/nbg.eu\/product\/kamera-termika-nocpix-rico-2-h50r\/"},"modified":"2026-04-14T16:07:49","modified_gmt":"2026-04-14T13:07:49","slug":"kamera-termika-nocpix-rico-2-h50r","status":"publish","type":"product","link":"https:\/\/nbg.eu\/mt\/product\/kamera-termika-nocpix-rico-2-h50r\/","title":{"rendered":"Nocpix Kamera Termali Rico 2 H50R"},"content":{"rendered":"<h2>Nocpix Rico 2 H50R: Espert fl-Imsie\u0127eb bin-Numru Twil<\/h2>\n<p>Is-serje ta&#8217; rifleskops b&#8217;imma\u0121ni termali Nocpix RICO 2 H50R hija ddisinjata g\u0127all-ka\u010b\u010baturi li je\u0127tie\u0121u l-a\u0127jar fi kwalit\u00e0, firxa u kumdit\u00e0. Iddisinjata b&#8217;sensur termali ewlieni fl-industrija u rata qawwija tal-qafas, hija tipprovdi kwalit\u00e0 ta&#8217; imma\u0121ni ultra-superjuri li tag\u0127mel l-identifikazzjoni u l-insegwiment tat-target fa\u010bli \u0127afna. Il-lun\u0121ezza fokali twila u l-LRF inkorporat ji\u017cguraw li inti tkun tista&#8217; tqies l-g\u0127odod imbieg\u0127da b&#8217;mod pre\u010bi\u017c, filwaqt li d-disinn ottiku avvanzat joffri esperjenza ta&#8217; titjir bla distorsjoni. Bil-leva tal-zoom bla pass u l-e\u010b\u010bellenza fil-kumdit\u00e0 tal-g\u0127ajnejn, is-serje Nocpix RICO 2 H50R tippermetti lill-ka\u010b\u010baturi jadattaw il-manifi kazzjoni b&#8217;mod fa\u010bli u j\u0127ossuhom komdi matul il-ka\u010b\u010b esti\u017ci. B&#8217;teknolo\u0121iji innovattivi u disinn iffukat fuq l-utent, is-serje Nocpix RICO 2 H50R tippermettilek tikka\u010b\u010bja lil hinn mill-limiti tal-possibbli.<\/p>\n<h2>Karatteristi\u010bi Prin\u010bipali:<\/h2>\n<p>Ibbenefika mis-sensur \u0121enerazzjoni sekonda premium 12\u03bcm@60Hz, b&#8217;NETD \u226420mK, g\u0127al imma\u0121ni b&#8217;kontrast g\u0127oli u kwalit\u00e0 e\u010b\u010bellenti, li jtejbu l-identifikazzjoni tat-target.<\/p>\n<p>In-Nocpix RICO 2 H50R hija mg\u0127ammra b&#8217;lenti o\u0121\u0121ettiv akbar (50 mm\/F1.0, 42 mm\/F1.0), li joffru kapa\u010bitajiet akbar ta&#8217; g\u0127emil tad-dawl g\u0127al kwalit\u00e0 e\u010b\u010bellenti tal-imma\u0121ni u firxa esti\u017ca tal-identifikazzjoni.<\/p>\n<p>Is-serje RICO 2 tippermettik ta\u0121\u0121usta l-manifi kazzjoni tieg\u0127ek b&#8217;mod fa\u010bli permezz ta&#8217; leva tal-zoom bla pass ta&#8217; stil LPVO, li jipprovdi a\u0121\u0121ustamenti rapidi u bla problemi biex tinkiseb prie\u010bi\u017cjoni fil-mira minn kull distanza.<\/p>\n<p>Is-serje RICO 2 tista&#8217; tidentifika minn firxa ta&#8217; sa 2600 m, li tag\u0127tik vanta\u0121\u0121 sinifi kanti fil-ka\u010b\u010ba minn firxa twila u fil-mira pre\u010bi\u017ca.<\/p>\n<p>In-Nocpix RICO 2 H50R hija mg\u0127ammra b&#8217;LRF integrat, li joffri identifikazzjoni bil-laser sa firxa ta&#8217; 1200m b&#8217;allinjament pre\u010bi\u017c tal-a\u017cli otti\u010bi, li ji\u017cgura kejl pre\u010bi\u017c tad-distanza filwaqt li \u017c\u017comm dehra slinka u eleganti.<\/p>\n<p>Ffa\u010bilita l-po\u017cizzjonament tal-ispar bil-kalkoli balisti\u010bi awtomati\u010bi, billi tu\u017ca l-LRF integrat biex t\u0127amma\u0121 bla e\u017citu pre\u010bi\u017c minn distanzi twal.<\/p>\n<p>Display OLED 2560\u00d72560 ta&#8217; 1.03&#8243; (H50R), sensazzjoni libera mil-lens, 70mm ta&#8217; rilaxx tal-g\u0127ajn u pupilla ta&#8217; 23mm jipprovdu titjir \u010bar u komdu g\u0127al sessjonijiet esti\u017ci.<\/p>\n<p>Il-mudell H50R huwa mg\u0127ammar b&#8217;distanza ta&#8217; 70mm bla pre\u010bedent, li tipprovdi l-massimu tal-kumdit\u00e0 g\u0127all-u\u017cu fit-tul ming\u0127ajr tensjoni tal-g\u0127ajnejn u ti\u017cgura s-sigurt\u00e0 tal-g\u0127ajnejn.<\/p>\n","protected":false},"excerpt":{"rendered":"<p>Il-kamera termika Nocpix Rico 2 H50R. Espert f&#8217;sparar b&#8217;firxa twila. Sensur 640&#215;512, 60Hz, LRF integrat, zoom kontinwu.<\/p>\n","protected":false},"featured_media":684555,"template":"","meta":{"_acf_changed":false},"product_brand":[14451],"product_cat":[14129,16088],"product_tag":[],"class_list":{"0":"post-683922","1":"product","2":"type-product","3":"status-publish","4":"has-post-thumbnail","6":"product_brand-nocpix","7":"product_cat-termali","8":"product_cat-thermal-cameras-mt","10":"first","11":"instock","12":"taxable","13":"shipping-taxable","14":"purchasable","15":"product-type-simple"},"acf":[],"_links":{"self":[{"href":"https:\/\/nbg.eu\/mt\/wp-json\/wp\/v2\/product\/683922","targetHints":{"allow":["GET"]}}],"collection":[{"href":"https:\/\/nbg.eu\/mt\/wp-json\/wp\/v2\/product"}],"about":[{"href":"https:\/\/nbg.eu\/mt\/wp-json\/wp\/v2\/types\/product"}],"wp:featuredmedia":[{"embeddable":true,"href":"https:\/\/nbg.eu\/mt\/wp-json\/wp\/v2\/media\/684555"}],"wp:attachment":[{"href":"https:\/\/nbg.eu\/mt\/wp-json\/wp\/v2\/media?parent=683922"}],"wp:term":[{"taxonomy":"product_brand","embeddable":true,"href":"https:\/\/nbg.eu\/mt\/wp-json\/wp\/v2\/product_brand?post=683922"},{"taxonomy":"product_cat","embeddable":true,"href":"https:\/\/nbg.eu\/mt\/wp-json\/wp\/v2\/product_cat?post=683922"},{"taxonomy":"product_tag","embeddable":true,"href":"https:\/\/nbg.eu\/mt\/wp-json\/wp\/v2\/product_tag?post=683922"}],"curies":[{"name":"wp","href":"https:\/\/api.w.org\/{rel}","templated":true}]}}