{"id":684920,"date":"2026-01-08T18:13:14","date_gmt":"2026-01-08T15:13:14","guid":{"rendered":"https:\/\/nbg.eu\/product\/kamera-termika-nocpix-ace-h50-12um-640x512-15mk-netd\/"},"modified":"2026-04-14T16:08:17","modified_gmt":"2026-04-14T13:08:17","slug":"kamera-termika-nocpix-ace-h50-12um-640x512-15mk-netd","status":"publish","type":"product","link":"https:\/\/nbg.eu\/mt\/product\/kamera-termika-nocpix-ace-h50-12um-640x512-15mk-netd\/","title":{"rendered":"Nocpix Kamera Termali ACE H50"},"content":{"rendered":"<h2>Nocpix ACE H50 Thermal Riflescope: Prestazzjoni Bla Paragun G\u0127all-Ka\u010b\u010ba<\/h2>\n<p>Il-Nocpix ACE H50 thermal riflescope jikkombina teknolo\u0121ija avvanzata ma&#8217; durabilit\u00e0 robusta g\u0127al esperjenza bla paragun tal-ka\u010b\u010ba. Huwa jkollu sensor termali b&#8217;ri\u017coluzzjoni 640&#215;512 b&#8217;NETD ta&#8217; \u226412mK g\u0127al \u010barezza tal-imma\u0121ni e\u010b\u010bezzjonali, firxa ta&#8217; detezzjoni ta&#8217; 3100 metri. Is-sistema innovattiva Vision+ toffri ingrandiment okulari g\u0127al ritratti mill-qrib \u010bari, filwaqt li sistema doppja tal-batterija ti\u017cgura u\u017cu fit-tul. Mag\u0127mul minn liga ta&#8217; aluminju b&#8217;sa\u0127\u0127a g\u0127olja u b&#8217;valutazzjoni IP67, dan ir-rifleskop huwa ma\u0127sub biex je\u010b\u010belli f&#8217;kull ambjent ta&#8217; barra u jadatta g\u0127al kull sitwazzjoni.<\/p>\n<p>Ir-Rifleskop Termali Nocpix ACE H50 huwa g\u0127odda avvanzata ma\u0127suba biex tiddefenixxi mill-\u0121did l-esperjenza tal-ka\u010b\u010ba, sew jekk tkun qed tinnegozja l-lejl imdallam jew qed tinsegwi l-pri\u017ca permezz ta&#8217; art diffi\u010bli. B\u0127ala parti mis-serje ewlenija ACE tan-NocPix, din id-dar ottika termali to\u0127ro\u0121 g\u0127al kwalit\u00e0 tal-imma\u0121ni u pre\u010bi\u017cjoni superjuri, grazzi g\u0127as-sensur termiku b&#8217;ri\u017coluzzjoni g\u0127olja \u017cviluppat internament u s-sistemi avvanzati Reality+ u Vision+.<\/p>\n<p>Fil-qalb tal-Nocpix ACE H50 hemm is-sensur termali HD Gen-2 tieg\u0127u, li jifra\u0127 ri\u017coluzzjoni ta&#8217; 640&#215;512 u rata ta&#8217; qafas ta&#8217; 60Hz, li joffri prestazzjoni stabbli \u0127afna. B&#8217;NETD ta&#8217; \u226412mK, dan ir-rifleskop jidentifika anke d-differenzi \u017c-\u017cg\u0127ar tat-temperatura, u jipprovdi imma\u0121nijiet termali dettaljati u bla problemi, ideali g\u0127all-insegwiment tal-miri li ji\u010b\u010baqilqu malajr f&#8217;\u0127in reali. L-algoritmu avvanzat tal-imaging Reality+ ittejjeb dan aktar billi jne\u0127\u0127i l-istorbju tat-temperatura ambjentali, billi jipprovdi kontrast u \u010barezza superjuri anke f&#8217;kundizzjonijiet ta&#8217; ka\u010b\u010ba diffi\u010bli.<\/p>\n<p>L-ACE H50 huwa mg\u0127ammar b&#8217;lenti ta&#8217; 50mm\/F0.9 li tippermetti 20% aktar dawl li jil\u0127aq is-sensur, li jo\u0127loq imma\u0121nijiet i\u017cjed ibri\u0121\u0121anti u \u010bari. Dan huwa kru\u010bjali g\u0127all-ka\u010b\u010baturi li jfittxu pre\u010bi\u017cjoni, peress li t-titjib fit-trasmissjoni tad-dawl jipprovdi vi\u017cibilit\u00e0 mtejba f&#8217;ambjenti b&#8217;dawl baxx. Barra minn hekk, il-firxa ta&#8217; detezzjoni ta&#8217; 3100 metri taqsam lill-ACE, billi tag\u0127mel l-identifikazzjoni u l-insegwiment ta&#8217; miri remoti aktar fa\u010bli u aktar effika\u010bi minn qatt qabel.<\/p>\n<p>Is-sistema integrata tal-Vision+ tittejjeb l-esperjenza vi\u017civa b&#8217;display AMOLED \u010birkolari ta&#8217; 1.03 pulzieri b&#8217;ri\u017coluzzjoni ta&#8217; 2560&#215;2560. Is-sistema ta&#8217; \u017cum otti\u010bi tag\u0127ha, imfassla biex tevita l-blur u d-distorsjoni tipikament asso\u010bjati ma\u017c-\u017cumijiet elettroni\u010bi tradizzjonali, ti\u017cgura li l-ka\u010b\u010baturi jgawdu minn vi\u017cti mill-qrib \u010bari u b&#8217;ri\u017coluzzjoni g\u0127olja ming\u0127ajr ma jintilfu d-dettalji. Dan jipprovdi esperjenza ta&#8217; titjira komda u immersiva, sew jekk tkun qed tara l-pri\u017ca mill-bog\u0127od jew qed tikkon\u010bentra g\u0127al attakk ta&#8217; pre\u010bi\u017cjoni.<\/p>\n<p>Imfassal g\u0127al u\u017cu esti\u017c fil-qasam, l-ACE g\u0127andu sistema doppja tal-batterija b&#8217;batterija integrata ta&#8217; 4000mAh u batterija addizzjonali ta&#8217; 18650 li tista&#8217; tinqala&#8217;, li tippermetti operazzjoni bla waqfien matul is-sessjonijiet twal tal-ka\u010b\u010ba. Id-disinn durabbli, mag\u0127mul minn liga ta&#8217; aluminju b&#8217;sa\u0127\u0127a g\u0127olja, ji\u017cgura li l-ACE jista&#8217; jibqa&#8217; jila\u0127\u0127aq ma&#8217; ambjenti ta&#8217; barra u u\u017cu qawwi, wara li g\u0127adda testijiet rigoru\u017ci ta&#8217; re\u017cistenza g\u0127all-impatt. B&#8217;valutazzjoni ta&#8217; IP67 g\u0127all-ilma, ir-rifleskop jibqa&#8217; affidabbli f&#8217;kundizzjonijiet atmosferi\u010bi \u0127\u017ciena, u joffri l-pa\u010bi tal-mo\u0127\u0127 lill-ka\u010b\u010baturi irrispettivament mill-ambjent.<\/p>\n<p>Imfassal b&#8217;ka\u010b\u010baturi f&#8217;mo\u0127\u0127u, in-NocPix ACE H50 jinkludi funzjonijiet essenzjali b\u0127as-setg\u0127a ta&#8217; re\u0121istrazzjoni tal-vidjo u d-disinn bla shutter g\u0127al operazzjoni bla problemi fil-qasam. B&#8217;\u017cidiet g\u0127all-u\u017cu fa\u010bli b\u0127al ag\u0121ustur tal-fokus, kopertura tal-\u010bar\u0121, u l-abilit\u00e0 li wie\u0127ed jirriprodu\u010bi l-vidjos direttament permezz tal-funzjoni Galleriija, dan ir-rifleskop jikkombina prestazzjoni g\u0127olja ma&#8217; konvenjenza g\u0127al esperjenza ottimali tal-ka\u010b\u010ba.<\/p>\n","protected":false},"excerpt":{"rendered":"<p>Il-Noppix ACE H50 thermal riflescope joffri ri\u017coluzzjoni ta&#8217; 640&#215;512, \u226415mK NETD, medda ta&#8217; detezzjoni ta&#8217; 3100m, u sistema ta&#8217; \u017cew\u0121 batteriji g\u0127al esperjenza e\u010b\u010bezzjonali ta&#8217; ka\u010b\u010ba.<\/p>\n","protected":false},"featured_media":684976,"template":"","meta":{"_acf_changed":false},"product_brand":[14451],"product_cat":[14129,16088],"product_tag":[],"class_list":{"0":"post-684920","1":"product","2":"type-product","3":"status-publish","4":"has-post-thumbnail","6":"product_brand-nocpix","7":"product_cat-termali","8":"product_cat-thermal-cameras-mt","10":"first","11":"instock","12":"taxable","13":"shipping-taxable","14":"purchasable","15":"product-type-simple"},"acf":[],"_links":{"self":[{"href":"https:\/\/nbg.eu\/mt\/wp-json\/wp\/v2\/product\/684920","targetHints":{"allow":["GET"]}}],"collection":[{"href":"https:\/\/nbg.eu\/mt\/wp-json\/wp\/v2\/product"}],"about":[{"href":"https:\/\/nbg.eu\/mt\/wp-json\/wp\/v2\/types\/product"}],"wp:featuredmedia":[{"embeddable":true,"href":"https:\/\/nbg.eu\/mt\/wp-json\/wp\/v2\/media\/684976"}],"wp:attachment":[{"href":"https:\/\/nbg.eu\/mt\/wp-json\/wp\/v2\/media?parent=684920"}],"wp:term":[{"taxonomy":"product_brand","embeddable":true,"href":"https:\/\/nbg.eu\/mt\/wp-json\/wp\/v2\/product_brand?post=684920"},{"taxonomy":"product_cat","embeddable":true,"href":"https:\/\/nbg.eu\/mt\/wp-json\/wp\/v2\/product_cat?post=684920"},{"taxonomy":"product_tag","embeddable":true,"href":"https:\/\/nbg.eu\/mt\/wp-json\/wp\/v2\/product_tag?post=684920"}],"curies":[{"name":"wp","href":"https:\/\/api.w.org\/{rel}","templated":true}]}}