{"id":685069,"date":"2026-01-08T18:13:21","date_gmt":"2026-01-08T15:13:21","guid":{"rendered":"https:\/\/nbg.eu\/product\/thermal-monocular-nocpix-lumi-p13\/"},"modified":"2026-04-14T16:08:10","modified_gmt":"2026-04-14T13:08:10","slug":"thermal-monocular-nocpix-lumi-p13","status":"publish","type":"product","link":"https:\/\/nbg.eu\/mt\/product\/thermal-monocular-nocpix-lumi-p13\/","title":{"rendered":"Nocpix Monokular Termali LUMI P13"},"content":{"rendered":"<h2>Prestazzjoni massima b&#8217;pi\u017c minimu &#8211; Nocpix LUMI P13: \u017bomm dejjem g\u0127ajn fuq l-im\u0127a\u017cen tieg\u0127ek<\/h2>\n<p>Is-serje ta&#8217; monokulari ta&#8217; immaging termali LUMI hija ddisinjata g\u0127al u\u017cu ta&#8217; jum u lejl u toffrilek kwalit\u00e0 e\u010b\u010bezzjonali tal-imma\u0121ini anke f&#8217;kundizzjonijiet atmosferi\u010bi diffi\u010bli b\u0127al tidim, smog jew xita. Anke jekk osta\u010bli b\u0127al ferg\u0127at, \u0127axix g\u0127oli jew infoltija jag\u0127mlu diffi\u010bli biex tara, grazzi g\u0127al din it-teknolo\u0121ija inti dejjem tista&#8217; tara b&#8217;mod \u010bar dak li jkun quddiemek. Huma wkoll daqshekk kompatti u \u0127fief li inti tista&#8217; t\u0121orrihom fa\u010bilment kull fejn trid.<\/p>\n<p>Il-kameras termali LUMI huma perfetti g\u0127al varjet\u00e0 ta&#8217; applikazzjonijiet b\u0127al ka\u010b\u010ba, sorveljanza, sigurt\u00e0, orjentazzjoni tat-terrain jew operazzjonijiet ta&#8217; tiftix u salvata\u0121\u0121.<\/p>\n<h2>Prestazzjoni tal-immaging li ma g\u0127andha xejn b\u0127alha g\u0127al imma\u0121ni \u0127afifa u \u010bari<\/h2>\n<p>Is-serje LUMI tistabbilixxi standards \u0121odda f&#8217;termini ta&#8217; kwalit\u00e0 tal-imma\u0121ni. Mg\u0127ammra b&#8217;algoritmi tal-immaging l-aktar avanzati u sensur termali qawwi b&#8217;NETD &lt; 20 mK, il-kamera tikkonsenja imma\u0121ni \u0127afifa u realisti\u010bi. Id-display AMOLED b&#039;ri\u017coluzzjoni ta&#039; 1440 x 1080 pixel ji\u017cgura displej e\u010b\u010bezzjonali tal-imma\u0121ni, filwaqt li l-modalit\u00e0 Ultra Clear tottimizza l-klarit\u00e0 tal-imma\u0121ni, spe\u010bjalment f&#039;kundizzjonijiet atmosferi\u010bi diffi\u010bli.<\/p>\n<h2>Esperjenza personalizzata tal-vi\u017cjoni \u2013 Personalizza l-apparat tieg\u0127ek perfettament<\/h2>\n<p>Grazzi g\u0127as-sensur ta&#8217; 256 x 192 px u varjet\u00e0 ta&#8217; opzjonijiet ta&#8217; a\u0121\u0121ustament, inti tista&#8217; tag\u0127mel l-apparat kompletament skont il-\u0127ti\u0121ijiet tieg\u0127ek. Ag\u0127\u017cel minn 5 modalitajiet tal-kulur u ottimizza l-vi\u017cjoni tieg\u0127ek b&#8217;10 livelli ta&#8217; sa\u0127\u0127a, ikklerit\u00e0 u kuntrast &#8211; sabiex l-ebda dettall ma jg\u0127addi ming\u0127ajr ma jkun osservat.<\/p>\n<h2>Qsim tal-esperjenza huwa fa\u010bli b&#8217;LUMI<\/h2>\n<p>Qbid ta&#8217; mumentijiet spe\u010bjali huwa essenzjali g\u0127all-ka\u010b\u010batur modern. Bl-apparat Nocpix LUMI P13, inti mhux biss tista&#8217; taqsam fa\u010bilment ir-re\u0121istrazzjonijiet tieg\u0127ek permezz tal-app, i\u017cda wkoll tista&#8217; tg\u0127odd lura direttament fuq l-apparat &#8211; perfett biex inti taqsam l-esperjenza tieg\u0127ek malajr ma&#8217; o\u0127rajn.<\/p>\n<h2>Jista&#8217; jintu\u017ca b&#8217;mod flessibbli grazzi g\u0127as-sistema tal-batterija li jista&#8217; jinqala&#8217;<\/h2>\n<p>Is-serje LUMI hija mg\u0127ammra b&#8217;batteriji standard 18650, li joffrulek flessibilit\u00e0 massima. Fejn tkun mar, bil-kar\u0121er tal-batterija inklu\u017ci inti tkun lest fi ftit tal-\u0127in &#8211; u inti tista&#8217; tkompli l-missjoni tieg\u0127ek.<\/p>\n","protected":false},"excerpt":{"rendered":"<p>Il-prestazzjoni massimu\u017ca b&#8217;pi\u017c minimu &#8211; Nocpix LUMI P13: \u017bomm g\u0127ajnejk dejjem fuq l-g\u0127an tieg\u0127ek.<\/p>\n","protected":false},"featured_media":685104,"template":"","meta":{"_acf_changed":false},"product_brand":[14451],"product_cat":[16087,14129],"product_tag":[],"class_list":{"0":"post-685069","1":"product","2":"type-product","3":"status-publish","4":"has-post-thumbnail","6":"product_brand-nocpix","7":"product_cat-monoculars-mt","8":"product_cat-termali","10":"first","11":"instock","12":"taxable","13":"shipping-taxable","14":"purchasable","15":"product-type-simple"},"acf":[],"_links":{"self":[{"href":"https:\/\/nbg.eu\/mt\/wp-json\/wp\/v2\/product\/685069","targetHints":{"allow":["GET"]}}],"collection":[{"href":"https:\/\/nbg.eu\/mt\/wp-json\/wp\/v2\/product"}],"about":[{"href":"https:\/\/nbg.eu\/mt\/wp-json\/wp\/v2\/types\/product"}],"wp:featuredmedia":[{"embeddable":true,"href":"https:\/\/nbg.eu\/mt\/wp-json\/wp\/v2\/media\/685104"}],"wp:attachment":[{"href":"https:\/\/nbg.eu\/mt\/wp-json\/wp\/v2\/media?parent=685069"}],"wp:term":[{"taxonomy":"product_brand","embeddable":true,"href":"https:\/\/nbg.eu\/mt\/wp-json\/wp\/v2\/product_brand?post=685069"},{"taxonomy":"product_cat","embeddable":true,"href":"https:\/\/nbg.eu\/mt\/wp-json\/wp\/v2\/product_cat?post=685069"},{"taxonomy":"product_tag","embeddable":true,"href":"https:\/\/nbg.eu\/mt\/wp-json\/wp\/v2\/product_tag?post=685069"}],"curies":[{"name":"wp","href":"https:\/\/api.w.org\/{rel}","templated":true}]}}