{"id":685234,"date":"2026-01-08T18:13:20","date_gmt":"2026-01-08T15:13:20","guid":{"rendered":"https:\/\/nbg.eu\/product\/tipa-termici-nocpix-lumi-l35r-btellefindu-tar-ragg\/"},"modified":"2026-04-14T16:08:13","modified_gmt":"2026-04-14T13:08:13","slug":"tipa-termici-nocpix-lumi-l35r-btellefindu-tar-ragg","status":"publish","type":"product","link":"https:\/\/nbg.eu\/mt\/product\/tipa-termici-nocpix-lumi-l35r-btellefindu-tar-ragg\/","title":{"rendered":"Nocpix Monokular Termali LUMI L35R LRF"},"content":{"rendered":"<h2>Monokulari Termali Nocpix LUMI L35R b&#8217;Radjatur La\u017cer<\/h2>\n<p>In-Nocpix LUMI L35R huwa monokulari termali qawwi u kompatt b&#8217;radjatur la\u017cer integrat. B&#8217;sensur tal-klassi l-aktar avvanzat b&#8217;NETD ta&#8217; \u226418mK, din il-kamra termali tipprovdi imma\u0121ini b&#8217;ri\u017coluzzjoni g\u0127olja anke f&#8217;kundizzjonijiet estremi tat-temp. Id-disinn \u0127afif u ergonomiku jag\u0127mlu fa\u010bli l-operat, filwaqt li s-sistema tal-batterija li tista&#8217; tne\u0127\u0127a bl-u\u017cu ta&#8217; batteriji standard 18650 tipprovdi \u017cmien ta&#8217; t\u0127addim esti\u017c.<\/p>\n<p>Ir-radjatur la\u017cer integrat jippermetti determinazzjoni pre\u010bi\u017ca tal-medda tal-mira, u l-algoritmi tal-imma\u0121ni R+ AI avanzati jissa\u0127\u0127u d-dettalji tal-imma\u0121ni u ju\u017caw il-potenzjal s\u0127i\u0127 tas-sensur. Il-monokulari huwa waterproof, dustproof, u ddisinjat g\u0127al u\u017cu komdu fl-awvuri, b&#8217;karatteristi\u010bi b\u0127al stabbilizzatur elettroniku tal-imma\u0121ni, paletti tal-kuluri tar-reputazzjoni, u buttuni ultra silenzju\u017ci.<\/p>\n<p>B&#8217;medda tas-sensur sa 1800m, in-Nocpix LUMI L35R huwa soluzzjoni termali versattili g\u0127all-ka\u010b\u010ba, is-sigurt\u00e0, u l-attivitajiet fl-awvuri. B&#8217;garanzija s\u0127i\u0127a tal-manifattur ta&#8217; 3 snin, dan il-monokulari termali joffri prestazzjoni u affidabbilt\u00e0 e\u010b\u010bezzjonali.<\/p>\n","protected":false},"excerpt":{"rendered":"<p>Monokulari termali Nocpix LUMI L35R b&#8217;radjatur bil-laser: sensur b&#8217;ri\u017coluzzjoni g\u0127olja \u226418 mK NETD, kompatt u \u0127afif, batterija li tista&#8217; tne\u0127\u0127a.<\/p>\n","protected":false},"featured_media":685299,"template":"","meta":{"_acf_changed":false},"product_brand":[14451],"product_cat":[16087,14129],"product_tag":[],"class_list":{"0":"post-685234","1":"product","2":"type-product","3":"status-publish","4":"has-post-thumbnail","6":"product_brand-nocpix","7":"product_cat-monoculars-mt","8":"product_cat-termali","10":"first","11":"instock","12":"taxable","13":"shipping-taxable","14":"purchasable","15":"product-type-simple"},"acf":[],"_links":{"self":[{"href":"https:\/\/nbg.eu\/mt\/wp-json\/wp\/v2\/product\/685234","targetHints":{"allow":["GET"]}}],"collection":[{"href":"https:\/\/nbg.eu\/mt\/wp-json\/wp\/v2\/product"}],"about":[{"href":"https:\/\/nbg.eu\/mt\/wp-json\/wp\/v2\/types\/product"}],"wp:featuredmedia":[{"embeddable":true,"href":"https:\/\/nbg.eu\/mt\/wp-json\/wp\/v2\/media\/685299"}],"wp:attachment":[{"href":"https:\/\/nbg.eu\/mt\/wp-json\/wp\/v2\/media?parent=685234"}],"wp:term":[{"taxonomy":"product_brand","embeddable":true,"href":"https:\/\/nbg.eu\/mt\/wp-json\/wp\/v2\/product_brand?post=685234"},{"taxonomy":"product_cat","embeddable":true,"href":"https:\/\/nbg.eu\/mt\/wp-json\/wp\/v2\/product_cat?post=685234"},{"taxonomy":"product_tag","embeddable":true,"href":"https:\/\/nbg.eu\/mt\/wp-json\/wp\/v2\/product_tag?post=685234"}],"curies":[{"name":"wp","href":"https:\/\/api.w.org\/{rel}","templated":true}]}}