{"id":685310,"date":"2025-12-17T17:50:25","date_gmt":"2025-12-17T14:50:25","guid":{"rendered":"https:\/\/nbg.eu\/product\/thermal-monocular-nocpix-lumi-l19\/"},"modified":"2026-01-21T11:59:28","modified_gmt":"2026-01-21T08:59:28","slug":"thermal-monocular-nocpix-lumi-l19","status":"publish","type":"product","link":"https:\/\/nbg.eu\/mt\/product\/thermal-monocular-nocpix-lumi-l19\/","title":{"rendered":"Thermal monocular Nocpix LUMI L19"},"content":{"rendered":"<h2>Prestazzjoni massima b&#8217;pi\u017c minimu &#8211; Nocpix LUMI L19: L-osservatur tieg\u0127ek g\u0127all-foresti u l-paduni<\/h2>\n<p>Is-serje tal-monokular tal-imma\u0121ini termali LUMI hija ddisinjata g\u0127all-u\u017cu ta&#8217; kuljum u tal-lejl u toffrilek kwalit\u00e0 e\u010b\u010bezzjonali tal-imma\u0121ni anke f&#8217;kundizzjonijiet atmosferi\u010bi diffi\u010bli b\u0127all-\u0127arg\u0127a, is-smug jew ix-xita. Anke jekk l-ostakoli b\u0127al ferg\u0127at, g\u0127alqa g\u0127olja jew ve\u0121etazzjoni densa jkunu ta&#8217; ostakolju biex tara, min\u0127abba f&#8217;din it-teknolo\u0121ija inti dejjem tkun tista&#8217; tara b&#8217;mod \u010bar dak li jkun quddiemek. Huma wkoll hekk kompatti u \u0127fief li int tista&#8217; \u0121\u0121orrhom fa\u010bilment kull fejn tmur.<\/p>\n<p>Il-kmamar termali LUMI huma perfetti g\u0127al varjet\u00e0 ta&#8217; applikazzjonijiet b\u0127all-ka\u010b\u010ba, is-sorveljanza, is-sigurt\u00e0, l-orjentazzjoni tat-territorju jew l-operazzjonijiet ta&#8217; tfittxija u salvata\u0121\u0121.<\/p>\n<h2>Prestazzjoni tal-imma\u0121nijiet bla paraguni g\u0127al imma\u0121nijiet b&#8217;saqaf kwa\u017ci<\/h2>\n<p>Is-serje LUMI tistabbilixxi standards \u0121odda fir-rigward tal-kwalit\u00e0 tal-imma\u0121nijiet. Mg\u0127ammra bl-aktar algoritmi avvanzati tal-imma\u0121nijiet u sensur termali b&#8217;sa\u0127\u0127a b&#8217;NETD &lt; 18 mK, il-kamera tipprovdi imma\u0121nijiet b&#039;saqaf kwa\u017ci u realisti\u010bi. Id-display AMOLED b&#039;ri\u017coluzzjoni ta&#039; 1024 x 768 pixels ji\u017cgura pre\u017centazzjoni e\u010b\u010bezzjonali tal-imma\u0121nijiet, filwaqt li l-modalit\u00e0 Ultra Clear tottimizza aktar il-klarit\u00e0 tal-imma\u0121ni, spe\u010bjalment f&#039;kundizzjonijiet atmosferi\u010bi diffi\u010bli.<\/p>\n<h2>Esperjenza personalizzata ta&#8217; vi\u017cjoni &#8211; Personalizza l-apparat tieg\u0127ek b&#8217;mod perfett<\/h2>\n<p>Grazzi g\u0127as-sensur ta&#8217; daqs medju ta&#8217; 384 x 288 px u varjet\u00e0 ta&#8217; opzjonijiet ta&#8217; setting, inti tista&#8217; taddatta l-apparat e\u017cattament g\u0127all-b\u017connijiet tieg\u0127ek. Ag\u0127\u017cel minn 5 modalitajiet tal-kulur u ottimizza l-vista tieg\u0127ek b&#8217;10 livelli ta&#8217; lumino\u017cit\u00e0, akutezza u kuntrast &#8211; sabiex l-ebda dettal ma jmur inadvertit.<\/p>\n<h2>Esperjenza fa\u010bli ta&#8217; kondivi\u017cjoni<\/h2>\n<p>Il-qbid ta&#8217; mumenti spe\u010bjali huwa essenzjali g\u0127all-ka\u010b\u010batur modern. Bil-Nocpix LUMI, inti mhux biss tista&#8217; tikkondividi fa\u010bilment ir-rekordings tieg\u0127ek permezz tal-app, i\u017cda tista&#8217; wkoll tirriprodu\u010bihom direttament fuq l-apparat &#8211; perfett biex taqsam mument mal-o\u0127rajn minnufih.<\/p>\n<h2>Jista&#8217; jintu\u017ca b&#8217;mod flessibbli grazzi g\u0127as-sistema tal-batterija tne\u0127\u0127ibbli<\/h2>\n<p>Is-serje LUMI hija mg\u0127ammra b&#8217;batteriji standard 18650, li j\u0121ibu l-massimu ta&#8217; flessibbilt\u00e0. Irrispettivament minn fejn tmur, bil-qarrej tal-batterija inklu\u017c inti tkun lest mill-\u0121did fi ftit \u0127in &#8211; u tkun tista&#8217; tkompli l-missjoni tieg\u0127ek.<\/p>\n","protected":false},"excerpt":{"rendered":"<p>Prestazzjoni massima b&#8217;pi\u017c minimu &#8211; Nocpix LUMI L19: L-osservatur tieg\u0127ek g\u0127al foresti u bwar<br \/>\nshop@nbg.eu jew +359896147790<\/p>\n","protected":false},"featured_media":685582,"template":"","meta":{"_acf_changed":false},"product_brand":[14451],"product_cat":[14129],"product_tag":[],"class_list":{"0":"post-685310","1":"product","2":"type-product","3":"status-publish","4":"has-post-thumbnail","6":"product_brand-nocpix","7":"product_cat-termali","9":"first","10":"outofstock","11":"taxable","12":"shipping-taxable","13":"purchasable","14":"product-type-simple"},"acf":[],"_links":{"self":[{"href":"https:\/\/nbg.eu\/mt\/wp-json\/wp\/v2\/product\/685310","targetHints":{"allow":["GET"]}}],"collection":[{"href":"https:\/\/nbg.eu\/mt\/wp-json\/wp\/v2\/product"}],"about":[{"href":"https:\/\/nbg.eu\/mt\/wp-json\/wp\/v2\/types\/product"}],"wp:featuredmedia":[{"embeddable":true,"href":"https:\/\/nbg.eu\/mt\/wp-json\/wp\/v2\/media\/685582"}],"wp:attachment":[{"href":"https:\/\/nbg.eu\/mt\/wp-json\/wp\/v2\/media?parent=685310"}],"wp:term":[{"taxonomy":"product_brand","embeddable":true,"href":"https:\/\/nbg.eu\/mt\/wp-json\/wp\/v2\/product_brand?post=685310"},{"taxonomy":"product_cat","embeddable":true,"href":"https:\/\/nbg.eu\/mt\/wp-json\/wp\/v2\/product_cat?post=685310"},{"taxonomy":"product_tag","embeddable":true,"href":"https:\/\/nbg.eu\/mt\/wp-json\/wp\/v2\/product_tag?post=685310"}],"curies":[{"name":"wp","href":"https:\/\/api.w.org\/{rel}","templated":true}]}}