{"id":685621,"date":"2025-12-17T17:47:09","date_gmt":"2025-12-17T14:47:09","guid":{"rendered":"https:\/\/nbg.eu\/product\/lumi-h35r-monokulari-termali-bl-imradd-tal-laser\/"},"modified":"2026-01-21T11:58:52","modified_gmt":"2026-01-21T08:58:52","slug":"lumi-h35r-monokulari-termali-bl-imradd-tal-laser","status":"publish","type":"product","link":"https:\/\/nbg.eu\/mt\/product\/lumi-h35r-monokulari-termali-bl-imradd-tal-laser\/","title":{"rendered":"Lumi H35R monokulari termali bl-imradd tal-laser"},"content":{"rendered":"<h2>Monokulari termali b&#8217;firxa tas-sensur sa 1800m, kompatt u \u0127afif \u0127afna!<\/h2>\n<p>Raneo tal-laser integrat.<\/p>\n<p>Sensur b&#8217;ri\u017coluzzjoni g\u0127olja u b&#8217;qawwa partikolari: \u2264 18 mK NETD.<\/p>\n<p>Sistema tal-batterija li tista&#8217; tinqala&#8217;, b&#8217;batteriji 18650<\/p>\n<p>Re\u0121istrazzjoni ta&#8217; vidjo, ilqugh mill-ilma u operat partikolralment kwiet.<\/p>\n<p>Garanzija ta&#8217; 3 snin mill-manifattur!<\/p>\n<h2>Aktar funzjonijiet:<\/h2>\n<p>-Raneo tal-laser integrat g\u0127ad-determinazzjoni pre\u010bi\u017ca tad-distanza tal-mira<\/p>\n<p>-Kwalit\u00e0 g\u0127olja tal-imma\u0121ni: Anke f&#8217;kundizzjonijiet meteorolo\u0121i\u010bi estremi, il-kwalit\u00e0 tal-imma\u0121ni tibqa&#8217; stabbli.<\/p>\n<p>-Sensur ma\u0127sub spe\u010bifikament g\u0127al finijiet tal-ka\u010b\u010ba: Jipprovdi operat stabbli b&#8217;NETD \u2264 18mK g\u0127al kwalit\u00e0 superjuri tal-imma\u0121ni.<\/p>\n<p>-Lenti F0.9: 20% iktar trasmissjoni tad-dawl meta mqabbla ma&#8217; lenti F1.0 g\u0127al imma\u0121nijiet aktar sabi\u0127a u \u010bari.<\/p>\n<p>-Ottimizzazzjoni tal-imma\u0121ni Reality+: Algoritmi avvanzati itejbu l-kwalit\u00e0 tal-imma\u0121ni u jne\u0127\u0127u l-istorbju tal-imma\u0121ni.<\/p>\n<p>-Stabbilizzazzjoni elettronika tal-imma\u0121ni: G\u0127al vidjos bla tibrik u stabbli.<\/p>\n<p>-Paljetti ta&#8217; kulur tar-ri\u0127: Paljetti spe\u010bjali \u0127omor u \u0127odor jnaqqsu l-g\u0127eja tal-g\u0127ajnejn waqt u\u017cu fit-tul.<\/p>\n<p>-Batterija 18650 li tista&#8217; tinqala&#8217;: B&#8217;polarit\u00e0 inversa g\u0127al bdil fa\u010bli, ideali bil-lejl.<\/p>\n<p>-Buttuni ultra-kwiti: Operat kwiet li ma jdejjaqx l-annimali selva\u0121\u0121i.<\/p>\n<p>-Disinn kompatt: L-apparat huwa i\u017cg\u0127ar minn telefon \u010bellulari u fa\u010bli biex i\u0121orr.<\/p>\n<p>-Klassi ta&#8217; protezzjoni IP67: Protezzjoni mill-ilma u mid-du\u0127\u0127an g\u0127all-u\u017cu f&#8217;ambjenti estremi.<\/p>\n<p>-Disinn ergonomiku: Ideal g\u0127all-u\u017cu fl-arja miftu\u0127a, komdu u fa\u010bli g\u0127all-utent.<\/p>\n<p>-\u0126afif: L-apparat ji\u017cen inqas minn 345g.<\/p>\n<p>-Pupilla ta&#8217; 10 mm: Tipprovdi vi\u017cibbilt\u00e0 ottimali u angolu komdu ta&#8217; \u0127arsa.<\/p>\n<p>-Affidabbli bil-lejl: Grazzi g\u0127all-operat kwiet u fa\u010bli, jista&#8217; jintu\u017ca b&#8217;mod ottimali anke f&#8217;ambjenti die\u0127la.<\/p>\n<p>-Batterija li tista&#8217; tinqala&#8217;: Tippermetti \u017cmien itwal ta&#8217; operat billi ssir sostituzzjoni tal-batteriji.<\/p>\n<p>-Aperttura kbira: I\u017c\u017cid il-qbid tad-dawl u l-brillu tal-imma\u0121ni f&#8217;kundizzjonijiet ta&#8217; dawl diffi\u010bli.<\/p>\n<p>-Mikrofonu integrat: Jippermettu re\u0121istrazzjoni tal-awdjo.<\/p>\n<p>-Memorja ta&#8217; 32GB: G\u0127al ritratti, vidjos u re\u0121istrazzjonijiet awdjo.<\/p>\n<p>-Fa\u010bli biex jintu\u017ca: Ideal g\u0127al utenti li jippreferru apparat kompatt u \u0127afif.<\/p>\n<p>-Algoritmi R+ AI tal-imma\u0121ni: Jissa\u0127\u0127a\u0127 id-dettall tal-imma\u0121ni u jintu\u017ca l-potenzjal s\u0127i\u0127 tas-sensur.<\/p>\n","protected":false},"excerpt":{"rendered":"<p>Il-sensur l-aktar avvanzat fil-klassi tieg\u0127u (&lt;18mK NETD). Mi\u017cer tal-firxa bil-laser integrat. Partikolari fa\u010bli biex topera: kaxxa \u0127afifa u kompatta. Sistema tal-batterija li tista&#039; titbiddel b&#039;batteriji standard 18650.<\/p>\n<p>Jekk l-item ma jkunx disponibbli, jekk jog\u0127\u0121bok ikkuntattjana: shop@nbg.eu jew +359896147790<\/p>\n","protected":false},"featured_media":685644,"template":"","meta":{"_acf_changed":false},"product_brand":[14451],"product_cat":[14129],"product_tag":[],"class_list":{"0":"post-685621","1":"product","2":"type-product","3":"status-publish","4":"has-post-thumbnail","6":"product_brand-nocpix","7":"product_cat-termali","9":"first","10":"instock","11":"taxable","12":"shipping-taxable","13":"purchasable","14":"product-type-simple"},"acf":[],"_links":{"self":[{"href":"https:\/\/nbg.eu\/mt\/wp-json\/wp\/v2\/product\/685621","targetHints":{"allow":["GET"]}}],"collection":[{"href":"https:\/\/nbg.eu\/mt\/wp-json\/wp\/v2\/product"}],"about":[{"href":"https:\/\/nbg.eu\/mt\/wp-json\/wp\/v2\/types\/product"}],"wp:featuredmedia":[{"embeddable":true,"href":"https:\/\/nbg.eu\/mt\/wp-json\/wp\/v2\/media\/685644"}],"wp:attachment":[{"href":"https:\/\/nbg.eu\/mt\/wp-json\/wp\/v2\/media?parent=685621"}],"wp:term":[{"taxonomy":"product_brand","embeddable":true,"href":"https:\/\/nbg.eu\/mt\/wp-json\/wp\/v2\/product_brand?post=685621"},{"taxonomy":"product_cat","embeddable":true,"href":"https:\/\/nbg.eu\/mt\/wp-json\/wp\/v2\/product_cat?post=685621"},{"taxonomy":"product_tag","embeddable":true,"href":"https:\/\/nbg.eu\/mt\/wp-json\/wp\/v2\/product_tag?post=685621"}],"curies":[{"name":"wp","href":"https:\/\/api.w.org\/{rel}","templated":true}]}}