{"id":685796,"date":"2025-12-18T16:23:59","date_gmt":"2025-12-18T13:23:59","guid":{"rendered":"https:\/\/nbg.eu\/product\/titjir-termali-nocpix-quest-h35r-lrf-640x512-netd-15mk\/"},"modified":"2026-01-21T12:22:39","modified_gmt":"2026-01-21T09:22:39","slug":"titjir-termali-nocpix-quest-h35r-lrf-640x512-netd-15mk","status":"publish","type":"product","link":"https:\/\/nbg.eu\/mt\/product\/titjir-termali-nocpix-quest-h35r-lrf-640x512-netd-15mk\/","title":{"rendered":"Titjir termali Nocpix Quest H35R LRF 640&#215;512 NETD &lt;15mK"},"content":{"rendered":"<h2>Nocpix QUEST H35R LRF 640&#215;512 Thermal Binoculars<\/h2>\n<p>QUEST huwa \u0127afif u li jista&#8217; jin\u0121arr, u joffri firxa ta&#8217; identifikazzjoni ta&#8217; sa 2600m u LRF mo\u0127bi integrat b&#8217;firxa ta&#8217; 1000m g\u0127al pre\u010bi\u017cjoni u vi\u017cibbilt\u00e0 superjuri. Id-disinn tradizzjonali tal-binokulari tieg\u0127u jinkludi kopertura kollha tal-lastku u klassifikazzjoni IP67 g\u0127ad-durabbilt\u00e0 u l-komfort f&#8217;kundizzjonijiet \u0127arxa. Mg\u0127ammar b&#8217;sensor 640&#215;512 (NETD \u226415mK, 60Hz) b&#8217;prestazzjoni g\u0127olja, QUEST jipprovdi \u010barezza tal-imma\u0121ni e\u010b\u010bezzjonali, sensittivit\u00e0 termali superjuri u t\u0127addim ming\u0127ajr problemi f&#8217;ambjenti sfidanti.<\/p>\n<h2>Esperjenza vi\u017civa e\u010b\u010bellenti<\/h2>\n<p>Nocpix QUEST joffri titjib tal-imma\u0121ni R+ g\u0127al \u010barezza u pre\u010bi\u017cjoni superjuri, flimkien ma&#8217; display AMOLED 1920&#215;1200 g\u0127al esperjenza ta&#8217; vi\u017cjoni immersiva u konfortevoli g\u0127all-g\u0127ajnejn.<\/p>\n<h2>Sensor superjuri jassigura l-e\u010b\u010bellenza<\/h2>\n<p>Nocpix QUEST huwa mg\u0127ammar b&#8217;sensor b&#8217;prestazzjoni g\u0127olja (640&#215;512@12\u00b5m) li jipprovdi \u010barezza tal-imma\u0121ni e\u010b\u010bezzjonali. B&#8217;NETD \u226415mK u rata ta&#8217; qafas 60Hz, jipprovdi sensittivit\u00e0 termali superjuri, u jipprovdi imma\u0121ni \u010bari u vi\u017civi anke fil-kundizzjonijiet l-aktar sfidanti.<\/p>\n<h2>Kapa\u010bitajiet ta&#8217; identifikazzjoni qawwija<\/h2>\n<p>Nocpix QUEST joffri firxa ta&#8217; identifikazzjoni sa 2600 m u LRF mo\u0127bi integrat b&#8217;firxa sa 1000 m, li jippermettik tara aktar &#8216;il bog\u0127od u b&#8217;mod aktar pre\u010bi\u017c minn qatt qabel. Jissapportja wkoll il-kalkolazzjonijiet ballisti\u010bi, u jipprovdi appo\u0121\u0121 ta&#8217; data g\u0127al ka\u010b\u010ba kooperattiva.<\/p>\n<h2>Operazzjoni b&#8217;id wa\u0127da<\/h2>\n<p>Nocpix QUEST joffri mmani\u0121\u0121jar ergonomiku u li ma jiskaffax bl-u\u017cu ta&#8217; 4 buttuni u roti ta&#8217; skroll \u010bentrali g\u0127al operazzjoni fa\u010bli b&#8217;id wa\u0127da u qbid sod f&#8217;kull kundizzjoni.<\/p>\n<h2>\u0126afif u li jista&#8217; jin\u0121arr<\/h2>\n<p>QUEST ji\u017cen biss 700g u jinkludi bor\u017ca tal-\u0121arr personalizzata, li joffri portabbilt\u00e0 u komfort fa\u010bli g\u0127all-attivitajiet barra l-post b\u0127all-ka\u010b\u010ba u l-esplorazzjoni.<\/p>\n<h2>Tellinazzjoni l-ansjet\u00e0 dwar l-ener\u0121ija<\/h2>\n<p>Is-serje QUEST g\u0127andha disinn b&#8217;\u017cew\u0121 batteriji b&#8217;batterija integrata u sostitwibbli 18650, li ti\u017cgura sostituzzjoni bla problemi u u\u017cu kontinwu matul l-avventura tieg\u0127ek.<\/p>\n<h2>L-a\u0127jar esperjenza tal-binokulari<\/h2>\n<p>QUEST joffri disinn tradizzjonali tal-binokulari b&#8217;kopertura bir-rubber sofistikata kollha u klassifikazzjoni IP67 g\u0127ar-re\u017cistenza g\u0127all-ilma u d-trab, li ji\u017cgura d-durabbilt\u00e0 u l-komfort \u0121enerali.<\/p>\n","protected":false},"excerpt":{"rendered":"<p>Linji Nocpix Quest H35R LRF 640&#215;512 NETD &lt;15mK: \u017dwietel u portabbli, b&#039;medda ta&#039; identifikazzjoni ta&#039; 2600m, 1000m LRF, u \u010barezza e\u010b\u010bezzjonali tal-imma\u0121ni.<\/p>\n","protected":false},"featured_media":686417,"template":"","meta":{"_acf_changed":false},"product_brand":[14451],"product_cat":[14689,14129],"product_tag":[],"class_list":{"0":"post-685796","1":"product","2":"type-product","3":"status-publish","4":"has-post-thumbnail","6":"product_brand-nocpix","7":"product_cat-binokli","8":"product_cat-termali","10":"first","11":"instock","12":"taxable","13":"shipping-taxable","14":"purchasable","15":"product-type-simple"},"acf":[],"_links":{"self":[{"href":"https:\/\/nbg.eu\/mt\/wp-json\/wp\/v2\/product\/685796","targetHints":{"allow":["GET"]}}],"collection":[{"href":"https:\/\/nbg.eu\/mt\/wp-json\/wp\/v2\/product"}],"about":[{"href":"https:\/\/nbg.eu\/mt\/wp-json\/wp\/v2\/types\/product"}],"wp:featuredmedia":[{"embeddable":true,"href":"https:\/\/nbg.eu\/mt\/wp-json\/wp\/v2\/media\/686417"}],"wp:attachment":[{"href":"https:\/\/nbg.eu\/mt\/wp-json\/wp\/v2\/media?parent=685796"}],"wp:term":[{"taxonomy":"product_brand","embeddable":true,"href":"https:\/\/nbg.eu\/mt\/wp-json\/wp\/v2\/product_brand?post=685796"},{"taxonomy":"product_cat","embeddable":true,"href":"https:\/\/nbg.eu\/mt\/wp-json\/wp\/v2\/product_cat?post=685796"},{"taxonomy":"product_tag","embeddable":true,"href":"https:\/\/nbg.eu\/mt\/wp-json\/wp\/v2\/product_tag?post=685796"}],"curies":[{"name":"wp","href":"https:\/\/api.w.org\/{rel}","templated":true}]}}