{"id":686436,"date":"2026-01-08T18:14:39","date_gmt":"2026-01-08T15:14:39","guid":{"rendered":"https:\/\/nbg.eu\/product\/thermal-mount-nocpix-mate-ultra-s60r\/"},"modified":"2026-04-14T16:07:42","modified_gmt":"2026-04-14T13:07:42","slug":"thermal-mount-nocpix-mate-ultra-s60r","status":"publish","type":"product","link":"https:\/\/nbg.eu\/mt\/product\/thermal-mount-nocpix-mate-ultra-s60r\/","title":{"rendered":"Nocpix Adattatur Termali Mate Ultra S60R"},"content":{"rendered":"<h2>Ibdel il-jum tieg\u0127ek f&#8217;lenti termi\u010bi tar-rifle moderna bl-uniku Nocpix MATE Ultra S60R thermal mount &#8211; l-a\u0127jar thermal mount tal-qoxra mfassla g\u0127all-ka\u010b\u010baturi professjonali, l-osservaturi tal-fawna u l-\u0127attiefa li je\u0127tie\u0121u pre\u010bi\u017cjoni.<\/h2>\n<p>Mag\u0127mul bl-a\u0127\u0127ar teknolo\u0121ija tal-immaging, il-Nocpix MATE Ultra S60R joffri klarit\u00e0 bla pre\u010bedent, detezzjoni b&#8217;firxa twila, u funzjonijiet avvanzati g\u0127al prestazzjoni superjuri f&#8217;kull ambjent.<\/p>\n<h2>Kwalit\u00e0 tal-imma\u0121ni u firxa tad-detezzjoni e\u010b\u010bezzjonali<\/h2>\n<p>F&#8217;qalb tal-Nocpix MATE Ultra S60R hemm sensur termi\u010bi HD 1280\u00d71024 tat-tieni \u0121enerazzjoni b&#8217;distanza tal-pixel ultra-finali ta&#8217; 12 \u03bcm u sensittivit\u00e0 ta&#8217; NETD \u226415mK, li ji\u017cgura li anke d-differenzi termali iktar dg\u0127ajfa ji\u0121u ddetetjati. Il-lenti kbira ta&#8217; 60mm F1.0 jaqbad aktar ener\u0121ija termi\u010bi g\u0127al imma\u0121nijiet \u010bari \u0127afna u firxa esti\u017ca, li joffru firxa tad-detezzjoni sa 3100 m. Sew jekk qed iddur fuq \u010berv fil-fatt jew qed tiffokka fuq g\u0127elieqi wiesg\u0127a billejl, l-S60R ji\u017cgura li ebda dettal ma jg\u0127addi ming\u0127ajr ma ji\u0121i osservat.<\/p>\n<h2>Pro\u010bessar tal-imma\u0121ni avvanzat b&#8217;Reality+ AI<\/h2>\n<p>Mg\u0127ammar b&#8217;\u017cew\u0121 algoritmi tal-immaging &#8211; pro\u010bessur tal-imma\u0121ni qawwi m\u0127allat mat-teknolo\u0121ija intelli\u0121enti Reality+ &#8211; il-MATE Ultra S60R jaddatta awtomatikament g\u0127all-ingrandiment tal-lenti tieg\u0127ek. Dan ji\u017cgura vi\u017cwali \u010bar, \u017cum pre\u010bi\u017c, u stabbilt\u00e0 konsistenti tal-imma\u0121ni, anke fix-xita jew f&#8217;kundizzjonijiet ta&#8217; dawl dg\u0127ajjef.<\/p>\n<p>Magic Zoom (ming\u0127ajr LITE) &#8211; A\u0121\u0121ustament awtomatiku tal-imma\u0121ni u l-interfa\u010b\u010ba f&#8217;waqthom g\u0127al \u017coom bla xkiel.<\/p>\n<p>7 paletti differenti tal-kulur &#8211; Ag\u0127\u017cel l-a\u0127jar vi\u017cta termali g\u0127al kull xenarju.<\/p>\n<p>Displej AMOLED 1920\u00d71080 &#8211; Imma\u0121nijiet estremament \u010bari b&#8217;kontrast \u0127aj.<\/p>\n<h2>Imfassla g\u0127al pre\u010bi\u017cjoni u ka\u010b\u010ba etika<\/h2>\n<p>B&#8217;rankatur tal-firxa integrat (sa 1200m) u kalkolatur balistiku, l-S60R jg\u0127inek tie\u0127u de\u010bi\u017cjonijiet ta&#8217; skiet infurmat u etiku. Il-modalit\u00e0 ta&#8217; slajd fl-imma\u0121ni (PIP) itejjeb il-pre\u010bi\u017cjoni tal-mira, u l-vidjo attivat mir-recoil (RAV) ji\u017cgura li kull mument kru\u010bjali ji\u0121i rekordjat.<\/p>\n<p>Irrekordja ritratti, vidjos u awdjo b&#8217;memorja ta&#8217; 64GB<\/p>\n<p>Wi-Fi u konnettivit\u00e0 mill-bog\u0127od permezz ta&#8217; N-Link<\/p>\n<p>Teknolo\u0121ija ming\u0127ajr shatters g\u0127al operat silenzju\u017c u affidabbli<\/p>\n<h2>Qawwi, prattiku u affidabbli<\/h2>\n<p>Imfassal g\u0127all-ispazju miftu\u0127, il-MATE Ultra S60R huwa kemm qawwi kif ukoll fa\u010bli biex jintu\u017caw. G\u0127andu lenti 60mm kbira mal-g\u0127ajn b&#8217;inqas minn 1% ta&#8217; distorsjoni, li \u017c\u017comm punt stabbli tal-impatt u allinjament konsistenti sa 16x ingrandiment. Ener\u0121izzat minn batteriji 18650 sostitwibbli (4 inklu\u017ci fil-ULTRA), joffri affidabilit\u00e0 fit-tul g\u0127al sessjonijiet esterni esti\u017ci.<\/p>\n<h2>Spe\u010bifikazzjonijiet prin\u010bipali<\/h2>\n<p>&#8211; Sensur Sub 15mk 1280\u00d71024 60Hz tat-tieni \u0121enerazzjoni (Ultra)<\/p>\n<p>&#8211; Lenti F1.0 &#8211; qbid superjuri tad-dawl<\/p>\n<p>&#8211; Firxa tad-detezzjoni sa 3100 m<\/p>\n<p>&#8211; LRF integrat ta&#8217; 1200 m (ming\u0127ajr LITE)<\/p>\n<p>&#8211; Pro\u010bessar tal-imma\u0121ni Reality+ bl-intelli\u0121enza artifi\u010bjali<\/p>\n<p>&#8211; Appo\u0121\u0121 g\u0127all-kalkolazzjoni balistika<\/p>\n<p>&#8211; Ritratti\/vidjos\/rekordings tal-awdjo, 64GB ta&#8217; memoria<\/p>\n<p>&#8211; Vidjo attivat mir-recoil (RAV)<\/p>\n<p>&#8211; Displej AMOLED b&#8217;ri\u017coluzzjoni 1920\u00d71080<\/p>\n<p>&#8211; 7 paletti tal-kulur<\/p>\n<p>&#8211; Kompatibilit\u00e0 mal-kontroll mill-bog\u0127od permezz ta&#8217; WiFi\/N-Link<\/p>\n<p>&#8211; Batteriji 18650 sostitwibbli<\/p>\n<h2>G\u0127aliex tag\u0127\u017cel in-Nocpix MATE Ultra S60R?<\/h2>\n<p>Jekk qed tfittex il-mount tal-immaging termi\u010bi definitiv g\u0127all-lenti tar-rifle tieg\u0127ek, il-MATE Ultra S60R joffri l-kombinazzjoni perfetta ta&#8217; detezzjoni b&#8217;firxa twila, teknolo\u0121ija tal-immaging AI avvanzata, u affidabilit\u00e0 g\u0127all-ispazju miftu\u0127. Sew jekk tintu\u017ca g\u0127all-ka\u010b\u010ba, l-osservazzjoni tal-fawna, jew applikazzjonijiet tattici, terdeffinixxi dak li mount tal-immaging termi\u010bi jista&#8217; jil\u0127aq.<\/p>\n","protected":false},"excerpt":{"rendered":"<p>Il-Nocpix MATE Ultra S60R thermal mount &#8211; l-aqwa mount termali front-mount iddisinjat g\u0127al ka\u010b\u010baturi professjonali, osservaturi tal-annimali selva\u0121\u0121i u sparaturi li jitolbu pre\u010bi\u017cjoni.<\/p>\n<p>Jekk l-o\u0121\u0121ett ma jkunx disponibbli, jekk jog\u0127\u0121bok ikkuntattjana: shop@nbg.eu jew +359896147790<\/p>\n","protected":false},"featured_media":686545,"template":"","meta":{"_acf_changed":false},"product_brand":[14451],"product_cat":[14129,16088],"product_tag":[],"class_list":{"0":"post-686436","1":"product","2":"type-product","3":"status-publish","4":"has-post-thumbnail","6":"product_brand-nocpix","7":"product_cat-termali","8":"product_cat-thermal-cameras-mt","10":"first","11":"instock","12":"taxable","13":"shipping-taxable","14":"purchasable","15":"product-type-simple"},"acf":[],"_links":{"self":[{"href":"https:\/\/nbg.eu\/mt\/wp-json\/wp\/v2\/product\/686436","targetHints":{"allow":["GET"]}}],"collection":[{"href":"https:\/\/nbg.eu\/mt\/wp-json\/wp\/v2\/product"}],"about":[{"href":"https:\/\/nbg.eu\/mt\/wp-json\/wp\/v2\/types\/product"}],"wp:featuredmedia":[{"embeddable":true,"href":"https:\/\/nbg.eu\/mt\/wp-json\/wp\/v2\/media\/686545"}],"wp:attachment":[{"href":"https:\/\/nbg.eu\/mt\/wp-json\/wp\/v2\/media?parent=686436"}],"wp:term":[{"taxonomy":"product_brand","embeddable":true,"href":"https:\/\/nbg.eu\/mt\/wp-json\/wp\/v2\/product_brand?post=686436"},{"taxonomy":"product_cat","embeddable":true,"href":"https:\/\/nbg.eu\/mt\/wp-json\/wp\/v2\/product_cat?post=686436"},{"taxonomy":"product_tag","embeddable":true,"href":"https:\/\/nbg.eu\/mt\/wp-json\/wp\/v2\/product_tag?post=686436"}],"curies":[{"name":"wp","href":"https:\/\/api.w.org\/{rel}","templated":true}]}}