{"id":686572,"date":"2026-01-08T18:15:06","date_gmt":"2026-01-08T15:15:06","guid":{"rendered":"https:\/\/nbg.eu\/product\/nqifa-termali-nocpix-mate-h50r\/"},"modified":"2026-04-14T16:07:39","modified_gmt":"2026-04-14T13:07:39","slug":"nqifa-termali-nocpix-mate-h50r","status":"publish","type":"product","link":"https:\/\/nbg.eu\/mt\/product\/nqifa-termali-nocpix-mate-h50r\/","title":{"rendered":"Nocpix Mira Termali Mate H50R"},"content":{"rendered":"<h2>Ibdel il-Kurrent Skop Tieg\u0127ek G\u0127al Skop Terminali Modern Tar-Rifle bil-Nocpix MATE H50R<\/h2>\n<p>Ibdel il-kurrent skop tieg\u0127ek g\u0127al skop terminali modern tar-rifle bil-uniku 640X512 Nocpix MATE H50R thermal scope &#8211; l-a\u0127jar skop terminali front-mount mag\u0127mul apposta g\u0127al ka\u010b\u010baturi professjonali, osservaturi tal-annimali selva\u0121\u0121i u sparaturi li jitolbu pre\u010bi\u017cjoni.<\/p>\n<p>Mag\u0127mul bit-teknolo\u0121ija tal-imma\u0121ni tal-\u0121enerazzjoni li jmiss, in-Nocpix MATE H50R jipprovdi \u010barezza bla pre\u010bedent, detezzjoni g\u0127al firxa twila, u karatteristi\u010bi fl-a\u0127\u0127ar tal-a\u0127\u0127ar g\u0127al prestazzjoni superjuri f&#8217;kull ambjent.<\/p>\n<h2>Kwalit\u00e0 tal-Imma\u0121ni E\u010b\u010bezzjonali u Medda ta&#8217; Detezzjoni<\/h2>\n<p>Fil-qalb tan-Nocpix MATE Ultra H50R hemm sensur terminali HD 640X512 \u0120en-2 b&#8217;pixel pitch ultra-fini ta&#8217; 12 \u03bcm u sensittivit\u00e0 ta&#8217; NETD \u226415mK, li ji\u017cgura li anke d-differenzi terminali l-aktar dg\u0127ajfa ji\u0121u identifikati. Il-lens kbir ta&#8217; 50mm F1.0 jaqbad aktar ener\u0121ija terminali g\u0127al imma\u0121ni \u010barissima u firxa esti\u017ca, li joffri distanzi ta&#8217; detezzjoni sa 2600 m. Kemm jekk qed tostenja \u010berv fil-bidu tal-jum kif ukoll jekk qed tiskannja \u0127afna oqsma filg\u0127axija, l-H50R ji\u017cgura li l-ebda dettal ma jintilef.<\/p>\n<h2>Ippro\u010bessar Avanzat tal-Imma\u0121ni bil-Reality+ AI<\/h2>\n<p>Mg\u0127ammar b&#8217;\u017cew\u0121 algoritmi tal-imma\u0121ni &#8211; pro\u010bessur tal-imma\u0121ni qawwi kombinat mat-teknolo\u0121ija intelli\u0121enti Reality+ &#8211; in-MATE Ultra H50R jaddatta awtomatikament g\u0127all-magnifikazzjoni tal-iskop tieg\u0127ek. Dan ji\u017cgura vi\u017cwali affinati, \u017cummar pre\u010bi\u017c, u stabbilt\u00e0 konsistenti tal-imma\u0121ni, anke fix-xita g\u0127anduma jew f&#8217;kundizzjonijiet ta&#8217; dawl baxx sfidanti.<\/p>\n<h2>Imfassla g\u0127all-Pre\u010bi\u017cjoni u Ka\u010b\u010ba Etika<\/h2>\n<p>B&#8217;radjazzjoni tal-laser integrata (sa 1200m) u kalkolatur balistiku integrat, l-H50R jg\u0127innek tag\u0127mel de\u010bi\u017cjonijiet ta&#8217; sparar infurmati u etti\u010bi. Il-modalit\u00e0 &#8220;Picture-in-Picture&#8221; (PIP) itejjeb il-pre\u010bi\u017cjoni tat-tindif, u l-vidjo attivat mir-rikoil (RAV) ji\u017cgura li kull mument kritiku jkun imrawwam.<\/p>\n<h2>Sod, Prattiku u Affidabbli<\/h2>\n<p>Imfassal g\u0127all-qasam, in-MATE Ultra H50R huwa sod u fa\u010bli biex jintu\u017ca. G\u0127andu eyepiece kbir ta&#8217; 60mm b'&lt;1% distorsjoni, li j\u017comm punt tal-impatt stabbli u alinjament konsistenti sa 16x magnifikazzjoni. Jitmexxa b&#8217;batteriji 18650 li jistg\u0127u jinbidlu (4x inklu\u017ci g\u0127all-ULTRA), u joffri affidabbilt\u00e0 li tdum fit-tul g\u0127al sessjonijiet barra fit-tul.<\/p>\n","protected":false},"excerpt":{"rendered":"<p>Il-Lejn \u0126iere\u0121 Scowl tieg\u0127ek f&#8217;Thermal Rifle Scope modern bl-uniku 640X512 Nocpix MATE H50R thermal mount &#8211; l-a\u0127jar front-mount thermal mount iddisinjata g\u0127all-ka\u010b\u010baturi professjonisti, l-osservaturi tal-\u0127ajja selva\u0121\u0121a u l-isparatur li jitolbu pre\u010bi\u017cjoni.<\/p>\n<p>Jekk l-o\u0121\u0121ett mhux disponibbli, jekk jog\u0127\u0121bok ikkuntattjana: shop@nbg.eu jew +359896147790<\/p>\n","protected":false},"featured_media":686676,"template":"","meta":{"_acf_changed":false},"product_brand":[14451],"product_cat":[14129],"product_tag":[],"class_list":{"0":"post-686572","1":"product","2":"type-product","3":"status-publish","4":"has-post-thumbnail","6":"product_brand-nocpix","7":"product_cat-termali","9":"first","10":"instock","11":"taxable","12":"shipping-taxable","13":"purchasable","14":"product-type-simple"},"acf":[],"_links":{"self":[{"href":"https:\/\/nbg.eu\/mt\/wp-json\/wp\/v2\/product\/686572","targetHints":{"allow":["GET"]}}],"collection":[{"href":"https:\/\/nbg.eu\/mt\/wp-json\/wp\/v2\/product"}],"about":[{"href":"https:\/\/nbg.eu\/mt\/wp-json\/wp\/v2\/types\/product"}],"wp:featuredmedia":[{"embeddable":true,"href":"https:\/\/nbg.eu\/mt\/wp-json\/wp\/v2\/media\/686676"}],"wp:attachment":[{"href":"https:\/\/nbg.eu\/mt\/wp-json\/wp\/v2\/media?parent=686572"}],"wp:term":[{"taxonomy":"product_brand","embeddable":true,"href":"https:\/\/nbg.eu\/mt\/wp-json\/wp\/v2\/product_brand?post=686572"},{"taxonomy":"product_cat","embeddable":true,"href":"https:\/\/nbg.eu\/mt\/wp-json\/wp\/v2\/product_cat?post=686572"},{"taxonomy":"product_tag","embeddable":true,"href":"https:\/\/nbg.eu\/mt\/wp-json\/wp\/v2\/product_tag?post=686572"}],"curies":[{"name":"wp","href":"https:\/\/api.w.org\/{rel}","templated":true}]}}