{"id":686686,"date":"2026-01-08T18:14:07","date_gmt":"2026-01-08T15:14:07","guid":{"rendered":"https:\/\/nbg.eu\/product\/kamra-termika-nocpix-ace-l35-sensur-384x288-lenti-35mm\/"},"modified":"2026-04-14T16:07:56","modified_gmt":"2026-04-14T13:07:56","slug":"kamra-termika-nocpix-ace-l35-sensur-384x288-lenti-35mm","status":"publish","type":"product","link":"https:\/\/nbg.eu\/mt\/product\/kamra-termika-nocpix-ace-l35-sensur-384x288-lenti-35mm\/","title":{"rendered":"Nocpix Kamera Termali ACE L35"},"content":{"rendered":"<h2>Nocpix ACE L35 Thermal camera<\/h2>\n<p>Il-Nocpix ACE L35 huwa mibnija dwar l-idea li jikkombinakompetenzi avvanzati mitluba mill-utenti f&#8217;optic simplifikat li jippre\u017centa kapa\u010bitajiet avvanzati flimkien ma&#8217; fa\u010bilit\u00e0 fl-u\u017cu fil-qasam. Imfassla biex t\u0127oss b\u0127al optic ta&#8217; kuljum tradizzjonali, l-ACE hija kompatibbli ma&#8217; tiri bolt-action jew semi-awtomati\u010bi li ju\u017caw arran\u0121amenti u annelli standard ta&#8217; 30mm. Il-kombinazzjoni ta&#8217; batterija interna li tittella&#8217; permezz ta&#8217; USB-C u batterija li tista&#8217; tittie\u0127ed 18650 rikarikabbli tippermetti lill-utenti jbiddlu l-batteriji &#8216;l barra g\u0127al runtime bla limitu. Ingrandiment ta&#8217; 1x sa 3x ta&#8217; lenti tal-g\u0127ajnejn jipprovdi ingrandiment ottiku tad-di\u017cplay AMOLED \u010birkolari 2560\u00d72560 \u0121o l-lenti tal-g\u0127ajnejn. Is-sistema Vision+ tikkombina din id-di\u017cplay b&#8217;ri\u017coluzzjoni g\u0127olja ma&#8217; sensur NETD ta&#8217; 18 mK g\u0127al imma\u0121nijiet dettaljati u pre\u010bi\u017ci \u0127afna.<\/p>\n<p>In-Nocpix ACE L35 toffri g\u0127a\u017cla aktar affordabbli fil-linja ACE g\u0127all-ka\u010b\u010baturi ta&#8217; predaturi u annimali selva\u0121\u0121i li ma g\u0127andhomx b\u017conn ranji bil-laser jew sensur b&#8217;ri\u017coluzzjoni og\u0127la. B&#8217;prezz kbir \u0121wejjed, l-ACE L35 i\u017c\u017comm il-karatteristi\u010bi l-o\u0127ra kollha tal-linja ta&#8217; thermal rifle scopes ACE.<\/p>\n<p>Ingrandiment tal-lenti tal-g\u0127ajnejn ottiku ma&#8217; 1-3x ingrandiment jipprovdi ingrandiment addizzjonali tad-di\u017cplay ming\u0127ajr ma jbiddel l-iskala jew i\u017c-\u017cum di\u0121itali. Di\u017cplay \u010birkolari AMOLED b&#8217;kuntrast g\u0127oli b&#8217;ri\u017coluzzjoni ta&#8217; 2560\u00d72560 jipprovdi \u010barezza u dettall akbar. Kontrijiet simplifikati joffru ergonomija mtejba u esperjenza a\u0127jar tal-utent fil-qasam. Tu\u017ca batteriji rikarikabbli standard 18650. Il-karatteristika tal-kalkolutur balli turi l-valuri tal-qg\u0127ad tal-proiettili ibba\u017cata fuq input mir-ranji bil-laser u profil tal-karto\u010b\u010ba personalizzat mill-utent. I\u010b\u010bar\u0121ja permezz tad-di\u017cpo\u017cittiv b&#8217;port USB-C bir-rota protett.<\/p>\n","protected":false},"excerpt":{"rendered":"<p>Il-kamera termali Nocpix ACE L35 g\u0127andha sensur ta&#8217; 384&#215;288, lenti ta&#8217; 35mm, zoom di\u0121itali ta&#8217; 4x, u rata ta&#8217; qafas ta&#8217; 60Hz, b&#8217;medda ta&#8217; rilevament ta&#8217; 1970 \u0121ardi.<\/p>\n<p>Jekk l-o\u0121\u0121ett ma jkunx disponibbli, jekk jog\u0127\u0121bok ikkuntattjana: shop@nbg.eu jew +359896147790<\/p>\n","protected":false},"featured_media":686747,"template":"","meta":{"_acf_changed":false},"product_brand":[14451],"product_cat":[16088],"product_tag":[],"class_list":{"0":"post-686686","1":"product","2":"type-product","3":"status-publish","4":"has-post-thumbnail","6":"product_brand-nocpix","7":"product_cat-thermal-cameras-mt","9":"first","10":"instock","11":"taxable","12":"shipping-taxable","13":"purchasable","14":"product-type-simple"},"acf":[],"_links":{"self":[{"href":"https:\/\/nbg.eu\/mt\/wp-json\/wp\/v2\/product\/686686","targetHints":{"allow":["GET"]}}],"collection":[{"href":"https:\/\/nbg.eu\/mt\/wp-json\/wp\/v2\/product"}],"about":[{"href":"https:\/\/nbg.eu\/mt\/wp-json\/wp\/v2\/types\/product"}],"wp:featuredmedia":[{"embeddable":true,"href":"https:\/\/nbg.eu\/mt\/wp-json\/wp\/v2\/media\/686747"}],"wp:attachment":[{"href":"https:\/\/nbg.eu\/mt\/wp-json\/wp\/v2\/media?parent=686686"}],"wp:term":[{"taxonomy":"product_brand","embeddable":true,"href":"https:\/\/nbg.eu\/mt\/wp-json\/wp\/v2\/product_brand?post=686686"},{"taxonomy":"product_cat","embeddable":true,"href":"https:\/\/nbg.eu\/mt\/wp-json\/wp\/v2\/product_cat?post=686686"},{"taxonomy":"product_tag","embeddable":true,"href":"https:\/\/nbg.eu\/mt\/wp-json\/wp\/v2\/product_tag?post=686686"}],"curies":[{"name":"wp","href":"https:\/\/api.w.org\/{rel}","templated":true}]}}