{"id":686833,"date":"2026-01-08T18:13:27","date_gmt":"2026-01-08T15:13:27","guid":{"rendered":"https:\/\/nbg.eu\/product\/kamra-termika-nocpix-ace-h50r-12um-640x512-zeiss-rail\/"},"modified":"2026-04-14T17:19:29","modified_gmt":"2026-04-14T14:19:29","slug":"kamra-termika-nocpix-ace-h50r-12um-640x512-zeiss-rail","status":"publish","type":"product","link":"https:\/\/nbg.eu\/mt\/product\/kamra-termika-nocpix-ace-h50r-12um-640x512-zeiss-rail\/","title":{"rendered":"Nocpix Kamera Termali ACE H50R ZEISS RAIL"},"content":{"rendered":"<h2>Nocpix ACE H50R Scope Termiku: Precisjoni u \u010aarezza Bla Mi\u017cjed G\u0127all-Ka\u010b\u010ba<\/h2>\n<p>Is-scope termiku Nocpix ACE H50R jg\u0127aqqad teknolo\u0121ija avvanzata ma&#8217; durabilit\u00e0 robusta g\u0127al esperjenza tal-ka\u010b\u010ba bla mi\u017cjed. Jinkludi sensur termiku b&#8217;ri\u017coluzzjoni ta&#8217; 640&#215;512 b&#8217;NETD ta&#8217; \u226412mK g\u0127al \u010barezza tal-imma\u0121ni e\u010b\u010bezzjonali, firxa ta&#8217; detezzjoni ta&#8217; 3100 metri, u LRF integrat g\u0127al kejl pre\u010bi\u017c sa 1200 metri. Is-sistema innovattiva Vision+ toffri a\u010b\u010bessjoni tal-okulari g\u0127al qrib \u010bar, filwaqt li s-sistema tad-baterija doppja ti\u017cgura u\u017cu fit-tul. Mag\u0127mul minn lega ta&#8217; aluminju b&#8217;sa\u0127\u0127a g\u0127olja u klassifikat IP67, dan is-scope termiku huwa ddisinjat biex je\u010b\u010belli f&#8217;kull ambjent tad-di\u017cert u jaddatta g\u0127al kull sitwazzjoni.<\/p>\n<p>Is-scope termiku tar-rifle Nocpix ACE H50 huwa g\u0127odda avvanzata ddisinjata biex tiddefenixxi mill-\u0121did l-esperjenza tal-ka\u010b\u010ba, kemm jekk qed tinnawga l-lejl l-iktar skur jew qed tinsegwi l-pri\u017ca permezz tat-terrain li jiffa\u010b\u010bja sfidi. B\u0127ala parti mill-firxa ewlenija ACE ta&#8217; Nocpix, dan is-scope ottiku termiku jirfiet g\u0127all-kwalit\u00e0 superjuri tal-imma\u0121ni u l-pre\u010bi\u017cjoni, grazzi g\u0127as-sensur termiku b&#8217;ri\u017coluzzjoni g\u0127olja \u017cviluppat internament u s-sistemi avvanzati Reality+ u Vision+.<\/p>\n<p>Fil-qalb tal-Nocpix ACE H50R hu s-sensur termiku HD ta&#8217; \u0120enerazzjoni-2 tieg\u0127u, li jifra\u0127 ri\u017coluzzjoni ta&#8217; 640&#215;512 u rata ta&#8217; qafas ta&#8217; 60Hz, li joffri prestazzjoni stabbli inkredibbli. B&#8217;NETD ta&#8217; \u226412mK, dan is-scope jidentifika anke d-differenzi l-i\u017cg\u0127ar tat-temperatura, li jipprovdi rimarki termali dettaljati u bla xkiel, ideali g\u0127all-insegwiment ta&#8217; miri li ji\u010b\u010baqalqu malajr f&#8217;\u0127in reali. L-algoritmu avvanzat tal-immaging Reality+ i\u017cid aktar ma&#8217; dan billi jelimina l-istorbju tat-temperatura ambjentali, li jipprovdi kuntrast u \u010barezza superjuri anke f&#8217;kundizzjonijiet tal-ka\u010b\u010ba li jiffa\u010b\u010bjaw sfidi.<\/p>\n<p>L-ACE H50R huwa mg\u0127ammar b&#8217;lenti ta&#8217; 50mm\/F0.9 li tippermetti 20% aktar dawl li jasal g\u0127as-sensur, li jo\u0127loq rimarki i\u017cjed sabi\u0127a u \u010bari. Dan huwa kru\u010bjali g\u0127all-ka\u010b\u010bituri li jfittxu l-pre\u010bi\u017cjoni, peress li t-titjib fit-trasmissjoni tad-dawl jipprovdi vi\u017cibbilt\u00e0 mtejba f&#8217;ambjenti b&#8217;dawl baxx. Barra minn hekk, il-firxa ta&#8217; detezzjoni ta&#8217; 3100 metru tqieg\u0127ed l-ACE apart, li tag\u0127mel l-identifikazzjoni u l-insegwiment tal-miri mill-bog\u0127od aktar fa\u010bli u effika\u010bi minn qatt qabel.<\/p>\n<p>Is-sistema integrata tal-Vision+ itejjeb l-esperjenza vi\u017cwali b&#8217;displej AMOLED \u010birkolari ta&#8217; 1.03 pulzieri b&#8217;ri\u017coluzzjoni ta&#8217; 2560&#215;2560. Is-sistema tal-a\u010b\u010bessjoni ottika tag\u0127ha, iddisinjata biex tevita l-isfu\u0121\u0121iment u d-distorsjoni tipikament asso\u010bjati ma\u017c-\u017cooms elettroni\u010bi tradizzjonali, ti\u017cgura li l-ka\u010b\u010bituri jgawdu minn vi\u017cwalizzazzjoni mill-qrib \u010bara u b&#8217;ri\u017coluzzjoni g\u0127olja ming\u0127ajr ma jitilfu d-dettall. Dan jipprovdi esperjenza ta&#8217; vi\u017cwalizzazzjoni immersiva u komda, kemm jekk qed jospitat il-pri\u017ca mill-bog\u0127od jew qed juzma g\u0127al mmmirar ta&#8217; pre\u010bi\u017cjoni.<\/p>\n<p>Mag\u0127mul g\u0127al u\u017cu esti\u017c fil-g\u0127adira, l-ACE jinkludi sistema ta&#8217; baterija doppja b&#8217;batterija integrata ta&#8217; 4000mAh u batterija addizzjonali ta&#8217; 18650 estraibli, li tippermetti operazzjoni kontinwa matul sessjonijiet twal tal-ka\u010b\u010ba. Id-disinn b&#8217;sa\u0127\u0127a, mag\u0127mul minn lega ta&#8217; aluminju b&#8217;sa\u0127\u0127a g\u0127olja, ji\u017cgura li l-ACE jista&#8217; jg\u0127addi minn ambjenti tat-di\u017cert u u\u017cu intensiv, wara li g\u0127adda minn testijiet rigoru\u017ci ta&#8217; re\u017cistenza g\u0127all-impatt. B&#8217;klassifikazzjoni ta&#8217; impermeabilit\u00e0 IP67, is-scope jibqa&#8217; affidabbli f&#8217;kundizzjonijiet atmosferi\u010bi avversi, li joffri pa\u010bi tal-mo\u0127\u0127 lill-ka\u010b\u010bituri irrispettivament mill-ambjent.<\/p>\n<p>Iddisinjat bil-ka\u010b\u010bituri f&#8217;mo\u0127\u0127u, l-Nocpix ACE H50R jinkludi karatteristi\u010bi essenzjali b\u0127al re\u010bording tal-vidjo attivat mid-rinkulju u disinn ming\u0127ajr ti\u010brit g\u0127al operazzjoni ming\u0127ajr problemi fil-g\u0127adira. B&#8217;\u017cidiet ta&#8217; konvenjenza g\u0127all-utent b\u0127al a\u0121\u0121usturi tal-fokus, g\u0127atu tat-t\u0127addim, u l-abilit\u00e0 li jitre\u0121\u0121g\u0127u lura l-vidjos direttament permezz tal-funzjoni tal-Gallerija, dan is-scope jikkombina prestazzjoni g\u0127olja ma&#8217; konvenjenza g\u0127al esperjenza ottimali tal-ka\u010b\u010ba.<\/p>\n","protected":false},"excerpt":{"rendered":"<p>Il-firex tar-rifl termiku Nocpix ACE H50R jikkombina sensur avvanzat ta&#8217; 640&#215;512 12um, detezzjoni ta&#8217; 3100m, u LRF integrali g\u0127al ka\u010b\u010ba ming\u0127ajr xebg\u0127.<\/p>\n","protected":false},"featured_media":686939,"template":"","meta":{"_acf_changed":false},"product_brand":[14451],"product_cat":[16088],"product_tag":[],"class_list":{"0":"post-686833","1":"product","2":"type-product","3":"status-publish","4":"has-post-thumbnail","6":"product_brand-nocpix","7":"product_cat-thermal-cameras-mt","9":"first","10":"instock","11":"taxable","12":"shipping-taxable","13":"purchasable","14":"product-type-simple"},"acf":[],"_links":{"self":[{"href":"https:\/\/nbg.eu\/mt\/wp-json\/wp\/v2\/product\/686833","targetHints":{"allow":["GET"]}}],"collection":[{"href":"https:\/\/nbg.eu\/mt\/wp-json\/wp\/v2\/product"}],"about":[{"href":"https:\/\/nbg.eu\/mt\/wp-json\/wp\/v2\/types\/product"}],"wp:featuredmedia":[{"embeddable":true,"href":"https:\/\/nbg.eu\/mt\/wp-json\/wp\/v2\/media\/686939"}],"wp:attachment":[{"href":"https:\/\/nbg.eu\/mt\/wp-json\/wp\/v2\/media?parent=686833"}],"wp:term":[{"taxonomy":"product_brand","embeddable":true,"href":"https:\/\/nbg.eu\/mt\/wp-json\/wp\/v2\/product_brand?post=686833"},{"taxonomy":"product_cat","embeddable":true,"href":"https:\/\/nbg.eu\/mt\/wp-json\/wp\/v2\/product_cat?post=686833"},{"taxonomy":"product_tag","embeddable":true,"href":"https:\/\/nbg.eu\/mt\/wp-json\/wp\/v2\/product_tag?post=686833"}],"curies":[{"name":"wp","href":"https:\/\/api.w.org\/{rel}","templated":true}]}}