{"id":687704,"date":"2026-01-08T18:14:10","date_gmt":"2026-01-08T15:14:10","guid":{"rendered":"https:\/\/nbg.eu\/product\/monokolju-termiku-lumi-h35\/"},"modified":"2026-04-14T16:07:53","modified_gmt":"2026-04-14T13:07:53","slug":"monokolju-termiku-lumi-h35","status":"publish","type":"product","link":"https:\/\/nbg.eu\/mt\/product\/monokolju-termiku-lumi-h35\/","title":{"rendered":"Nocpix Monokular Termali LUMI H35"},"content":{"rendered":"<h2>Nocpix LUMI H35: Il-kompanjon indispensabbli tieg\u0127ek g\u0127al kull applikazzjoni<\/h2>\n<p>Is-serje tal-monokular b&#8217;imma\u0121ni termika LUMI hija mdisinjata g\u0127al u\u017cu kemm ta&#8217; \u0121urnata kif ukoll ta&#8217; lejl u toffrilek kwalit\u00e0 e\u010b\u010bezzjonali tal-imma\u0121ni anke f&#8217;kundizzjonijiet meteorolo\u0121i\u010bi diffi\u010bli b\u0127all-irradd, is-smug jew ix-xita. Anki jekk ostakli b\u0127al ferg\u0127at, \u0127axix g\u0127oli jew ve\u0121etazzjoni densa jag\u0127mlu diffi\u010bli li tara, din it-teknolo\u0121ija tippermettlik li tara \u010bar dak li hemm quddiemek. Huma wkoll daqshekk kompatti u \u0127fief li tista&#8217; fa\u010bilment i\u0121\u0121orrhom imkien.<\/p>\n<p>Il-kameras termali LUMI huma perfetti g\u0127al varjet\u00e0 ta&#8217; applikazzjonijiet b\u0127at-tibjid, is-sorveljanza, is-sigurt\u00e0, l-orjentazzjoni tat-territorju jew operazzjonijiet ta&#8217; tfittxija u salvata\u0121\u0121.<\/p>\n<h2>Prestazzjoni tal-imma\u0121ni bla paragun g\u0127al imma\u0121nijiet mill-a\u0127jar<\/h2>\n<p>Is-serje LUMI tistabbilixxi standards \u0121odda fir-rigward tal-kwalit\u00e0 tal-imma\u0121ni. Mg\u0127ammra bil-aktar algoritmi tal-imma\u0121ni avvanzati u sensur termali qawwi b&#8217;NETD &lt; 18 mK, il-kamera toffri imma\u0121nijiet mill-a\u0127jar u realisti\u010bi. Id-display AMOLED b&#039;ri\u017coluzzjoni ta&#039; 1024 x 768 pixels ti\u017cgura pre\u017centazzjoni e\u010b\u010bezzjonali tal-imma\u0121ni, filwaqt li l-modalit\u00e0 Ultra Clear tottimizza aktar il-klarit\u00e0 tal-imma\u0121ni, spe\u010bjalment f&#039;kundizzjonijiet meteorolo\u0121i\u010bi diffi\u010bli.<\/p>\n<h2>Esperjenza ta&#8217; vi\u017cjoni personalizzata &#8211; personalizza l-apparat tieg\u0127ek perfettament<\/h2>\n<p>Grazzi g\u0127as-sensur kbir ta&#8217; 640 x 512 px u varjet\u00e0 ta&#8217; opzjonijiet ta&#8217; a\u0121\u0121ustament, tista&#8217; ta\u0121\u0121usta l-apparat biex jaqbel perfettament mal-b\u017connijiet tieg\u0127ek. Ag\u0127\u017cel minn 5 modi tal-kulur u ottimizza l-vista tieg\u0127ek b&#8217;10 livelli ta&#8217; bjut, reqqa u kuntrast &#8211; biex l-ebda dettal ma jg\u0127addili minn ta\u0127t.<\/p>\n<h2>Li taqsam l-esperjenza huwa fa\u010bli bi LUMI<\/h2>\n<p>G\u0127all-ka\u010b\u010batur modern, il-qbid ta&#8217; mumenti spe\u010bjali huwa importanti. B&#8217;Nocpix LUMI H35, tista&#8217; mhux biss taqsam il-re\u0121istrazzjonijiet tieg\u0127ek b&#8217;mod konvenjenti permezz tal-app, i\u017cda wkoll tilg\u0127abha direttament fuq l-apparat &#8211; perfett biex taqsam l-esperjenzi tieg\u0127ek b&#8217;o\u0127rajn immedjatament.<\/p>\n<h2>U\u017cu flessibbli grazzi g\u0127as-sistema tal-batterija li tista&#8217; tinbidel<\/h2>\n<p>Is-serje LUMI hija mg\u0127ammra b&#8217;batteriji standard 18650, li joffrulek flessibilit\u00e0 massima. Ikun fejn ikun, bil-\u0127a\u017cna tal-batteriji pprovduta tkun lest g\u0127al azzjoni mill-\u0121did fi \u017cmien qasir &#8211; u tista&#8217; tkompli l-missjoni tieg\u0127ek.<\/p>\n","protected":false},"excerpt":{"rendered":"<p>Nocpix LUMI H35: Il-kompann indispensabbli tieg\u0127ek g\u0127al-applikazzjonijiet kollha. Sensur ta&#8217; 640 b&#8217;18 mK, AMOLED display b&#8217;1024 \u00d7 768 pixels, batterija 18650 ne\u0127\u0127ija, firxa ta&#8217; detezzjoni ta&#8217; madwar 1800 metri, disinn kompatt.<\/p>\n","protected":false},"featured_media":687800,"template":"","meta":{"_acf_changed":false},"product_brand":[14451],"product_cat":[16087,14129],"product_tag":[],"class_list":{"0":"post-687704","1":"product","2":"type-product","3":"status-publish","4":"has-post-thumbnail","6":"product_brand-nocpix","7":"product_cat-monoculars-mt","8":"product_cat-termali","10":"first","11":"instock","12":"taxable","13":"shipping-taxable","14":"purchasable","15":"product-type-simple"},"acf":[],"_links":{"self":[{"href":"https:\/\/nbg.eu\/mt\/wp-json\/wp\/v2\/product\/687704","targetHints":{"allow":["GET"]}}],"collection":[{"href":"https:\/\/nbg.eu\/mt\/wp-json\/wp\/v2\/product"}],"about":[{"href":"https:\/\/nbg.eu\/mt\/wp-json\/wp\/v2\/types\/product"}],"wp:featuredmedia":[{"embeddable":true,"href":"https:\/\/nbg.eu\/mt\/wp-json\/wp\/v2\/media\/687800"}],"wp:attachment":[{"href":"https:\/\/nbg.eu\/mt\/wp-json\/wp\/v2\/media?parent=687704"}],"wp:term":[{"taxonomy":"product_brand","embeddable":true,"href":"https:\/\/nbg.eu\/mt\/wp-json\/wp\/v2\/product_brand?post=687704"},{"taxonomy":"product_cat","embeddable":true,"href":"https:\/\/nbg.eu\/mt\/wp-json\/wp\/v2\/product_cat?post=687704"},{"taxonomy":"product_tag","embeddable":true,"href":"https:\/\/nbg.eu\/mt\/wp-json\/wp\/v2\/product_tag?post=687704"}],"curies":[{"name":"wp","href":"https:\/\/api.w.org\/{rel}","templated":true}]}}