{"id":687813,"date":"2026-01-08T18:13:58","date_gmt":"2026-01-08T15:13:58","guid":{"rendered":"https:\/\/nbg.eu\/product\/thermal-camera-ace-s60r\/"},"modified":"2026-04-14T16:07:59","modified_gmt":"2026-04-14T13:07:59","slug":"thermal-camera-ace-s60r","status":"publish","type":"product","link":"https:\/\/nbg.eu\/mt\/product\/thermal-camera-ace-s60r\/","title":{"rendered":"Nocpix Kamera Termali ACE S60R"},"content":{"rendered":"<h2>Deskrizzjoni tal-Prodott<\/h2>\n<p>In-Nocpix ACE S60R Thermal Scope hija g\u0127odda \u0121dida u mill-ewwel, imfassla g\u0127al ka\u010b\u010baturi elitijarji li je\u0127tie\u0121u prestazzjoni massima fl-i\u010bken ambjenti. B&#8217;teknolo\u0121ija mill-aktar avvanzata u kostruzzjoni robusta, dan it-termografi ewlieni huwa mfassal biex jg\u0127inek tikkontrolla l-lejl u tikkontrollaw il-selva\u0121\u0121. Kemm jekk qieg\u0127ed tiskanna g\u0127all-pri\u017ca fuq distanzi twal jew qieg\u0127ed issegwi miri li ji\u010b\u010baqalqu malajr, l-ACE S60R joffri \u010barezza, pre\u010bi\u017cjoni u affidabilit\u00e0 bla paraguni.<\/p>\n<p>Fil-qalba ta&#8217; dan it-teleskop straordinarju hemm sensur termiku HD Gen-2 b&#8217;ri\u017coluzzjoni impressjonanti ta&#8217; 1280\u00d71024 u NETD ultra-sensittiva ta&#8217; \u226415mK. Dan is-sensur ta&#8217; \u0121enerazzjoni li jmiss jippermetti li l-ACE S60R jiskopri anke l-inqas tibdiliet fil-temperatura, biex jipprovdi imma\u0121nijiet termali \u010bari u dettaljati f&#8217;waqthom. B&#8217;rata ta&#8217; qafas ta&#8217; 50 Hz, it-teleskop jg\u0127addi vidjos li jsegwu l-velo\u010bit\u00e0 tal-mira tieg\u0127ek, li jippermettulek tikkuntattja b&#8217;pre\u010bi\u017cjoni bla paraguni.<\/p>\n<p>In-Nocpix ACE S60R jkollha wkoll lenti 60mm\/F1.0 li ti\u0121bor 20% aktar dawl minn teleskopi standard, biex ting\u0127atak imma\u0121nijiet aktar b&#8217;sa\u0127\u0127ithom u \u010bari anke f&#8217;kundizzjonijiet l-aktar dlam. I\u017c-\u017cieda fit-tul tad-detezzjoni tag\u0127ha sa 3100 metri tippermetti li ti\u010b\u010bara u issegwi miri &#8216;l bog\u0127od, biex tag\u0127tik vanta\u0121\u0121 kritiku g\u0127as-senarios ta&#8217; ka\u010b\u010ba u sparar fuq distanzi twal. Flimkien mal-algoritmu ta&#8217; pro\u010bessar tal-imma\u0121nijiet Realit\u00e0+ proprjetarju tan-Nocpix, l-ACE S60R jnaqqas b&#8217;mod drammatiku l-impatt ta\u017c-\u017cerrieg\u0127a ambjentali, biex jikkonsenja imma\u0121nijiet \u0127fief, b&#8217;kontrast g\u0127oli kull darba.<\/p>\n<p>G\u0127al dawk li jridu aktar \u010barezza vi\u017civa, l-ACE S60R hija mg\u0127ammra bis-sistema innovattiva Vision+. Id-display AMOLED tonda ta&#8217; 1.03 pulzier 2560\u00d72560, flimkien mal-ingrana\u0121\u0121 ta&#8217; lenti ewlenija fil-klassi industrijali, joffri ingrana\u0121\u0121 otti\u010bi bla paragun ming\u0127ajr l-ikkommestijar jew id-distorsjoni tipikament asso\u010bjati ma\u017c-\u017cieda elettronika. Din it-teknolo\u0121ija rivoluzzjonarja ti\u017cgura li tgawdi minn vista kristallina u kamp ta&#8217; vista wiesg\u0127a, kemm jekk qieg\u0127ed tg\u0127abba fuq il-mira tieg\u0127ek jew qieg\u0127ed tiskanna l-i\u017cjed madwark tieg\u0127ek.<\/p>\n<p>Il-pre\u010bi\u017cjoni hija l-bieb ewlieni meta jid\u0127lu l-ka\u010b\u010ba, u l-ACE S60R ma tiddejjaqx. Il-La\u017cer Ra\u0121\u0121 ta&#8217; Kampatur integrat (LRF) tag\u0127ha joffri kejl pre\u010bi\u017c sa 1200 metri &#8216;l bog\u0127od. Il-LRF huwa integrat b&#8217;mod seamless mad-disinn eleganti, i\u017c\u017comm l-allineament s\u0127i\u0127 tal-assi ottiku filwaqt li jippermettilek tikkalkula intervalli pre\u010bi\u017ci ming\u0127ajr ma tinterrompi l-fokus. U b&#8217;funzjonalit\u00e0 integrata ta&#8217; kalkolu balisti\u010bi, l-ACE S60R ti\u017cgura li t-tiri tieg\u0127ek ikunu pre\u010bi\u017ci, billi tie\u0127u kull fattur f&#8217;kunsiderazzjoni g\u0127al pre\u010bi\u017cjoni perfetta.<\/p>\n<p>Imfassla g\u0127all-ka\u010b\u010baturi, in-Nocpix ACE S60R tifta\u0127ar ukoll b&#8217;sistema doppja tal-batterija b&#8217;batterija integrata ta&#8217; 4000mAh u batterija tne\u0127\u0127ibbli ta&#8217; 18650 g\u0127al u\u017cu esti\u017c fil-qasam. \u0126a\u0121a inqas li tinkwieta dwar qtug\u0127 tal-qawwa fil-nofs tal-ka\u010b\u010ba &#8211; dan is-sistema hija mfassla biex iddum daqs l-avventura tieg\u0127ek. Barra minn hekk, karatteristi\u010bi b\u0127al auto screen off, rekordar ta&#8217; vidjos attivat mir-rakkju, u disinn ming\u0127ajr kopertura jg\u0127addu din it-termografi b\u0127ala su\u0121\u0121ett ta&#8217; bidla fil-qasam.<\/p>\n<p>Imfassla g\u0127al-kundizzjonijiet l-aktar qalila tat-temp barra, l-ACE S60R hija mag\u0127mula minn lega tal-aluminju b&#8217;sa\u0127\u0127a kbira, ittestjata bir-reqqa biex tiffa\u010b\u010ba x-xokk u l-u\u017cu iebes. Klassifikata IP67 g\u0127ar-re\u017cistenza g\u0127all-ilma, ta\u0127dem perfettament fil-\u0127all, it-trab u l-ambjenti sfidanti, biex ti\u017cgura li t-teleskop tieg\u0127ek huwa kemm ilqug\u0127 kemm l-istint tal-ka\u010b\u010ba tieg\u0127ek.<\/p>\n<p>In-Nocpix ACE S60R hija aktar minn sempli\u010bi vista termika &#8211; hija l-akbar g\u0127ajnuna g\u0127all-ka\u010b\u010ba. B&#8217;teknolo\u0121ija mill-ewwel, durabbilt\u00e0 e\u010b\u010bezzjonali, u firxa ta&#8217; karatteristi\u010bi avvanzati mfassla biex jissa\u0127\u0127u l-esperjenza tal-ka\u010b\u010ba tieg\u0127ek, din is-sistema se tiddefenixxi mill-\u0121did dak li tistenna mill-apparat tieg\u0127ek. Kun lest biex tikkontrolla l-lejl.<\/p>\n","protected":false},"excerpt":{"rendered":"<p>Il-Nocpix ACE S60R Thermal Scope huwa g\u0127odda ta&#8217; l-a\u0127\u0127ar teknologija g\u0127all-ka\u010b\u010baturi eliti\u010bi, li toffri \u010barezza, pre\u010bi\u017cjoni u affidabilit\u00e0 ming\u0127ajr paraguni fl-iktar ambjenti diffi\u010bli. Is-sensur termali HD ta&#8217; \u0120enerazzjoni-2 tieg\u0127u, lenti ta&#8217; 60mm\/F1.0, u s-sistema avvanzata ta&#8217; Vision+ jipprovdu kwalit\u00e0 e\u010b\u010bezzjonali tal-imma\u0121ni, filwaqt li r-radjatur tal-la\u017cer integrali, il-kalkolazzjoni ballistika, u s-sistema doppja tal-batterija jipprovdu pre\u010bi\u017cjoni u u\u017cu esti\u017c. Manifatturata minn lega ta&#8217; aluminju li tista&#8217; tibqa&#8217; g\u0127addejja mal-iktar kundizzjonijiet diffi\u010bli u mg\u0127ammra bl-IP67, l-ACE S60R hija ma\u0127suba biex tissopporta l-iktar kundizzjonijiet \u0127arxa.<\/p>\n","protected":false},"featured_media":687941,"template":"","meta":{"_acf_changed":false},"product_brand":[14451],"product_cat":[16088],"product_tag":[],"class_list":{"0":"post-687813","1":"product","2":"type-product","3":"status-publish","4":"has-post-thumbnail","6":"product_brand-nocpix","7":"product_cat-thermal-cameras-mt","9":"first","10":"instock","11":"taxable","12":"shipping-taxable","13":"purchasable","14":"product-type-simple"},"acf":[],"_links":{"self":[{"href":"https:\/\/nbg.eu\/mt\/wp-json\/wp\/v2\/product\/687813","targetHints":{"allow":["GET"]}}],"collection":[{"href":"https:\/\/nbg.eu\/mt\/wp-json\/wp\/v2\/product"}],"about":[{"href":"https:\/\/nbg.eu\/mt\/wp-json\/wp\/v2\/types\/product"}],"wp:featuredmedia":[{"embeddable":true,"href":"https:\/\/nbg.eu\/mt\/wp-json\/wp\/v2\/media\/687941"}],"wp:attachment":[{"href":"https:\/\/nbg.eu\/mt\/wp-json\/wp\/v2\/media?parent=687813"}],"wp:term":[{"taxonomy":"product_brand","embeddable":true,"href":"https:\/\/nbg.eu\/mt\/wp-json\/wp\/v2\/product_brand?post=687813"},{"taxonomy":"product_cat","embeddable":true,"href":"https:\/\/nbg.eu\/mt\/wp-json\/wp\/v2\/product_cat?post=687813"},{"taxonomy":"product_tag","embeddable":true,"href":"https:\/\/nbg.eu\/mt\/wp-json\/wp\/v2\/product_tag?post=687813"}],"curies":[{"name":"wp","href":"https:\/\/api.w.org\/{rel}","templated":true}]}}