{"id":688034,"date":"2025-10-17T23:10:38","date_gmt":"2025-10-17T20:10:38","guid":{"rendered":"https:\/\/nbg.eu\/product\/pistola-semiautomatika-kmr-w-02-spectra-s-kal-9x19\/"},"modified":"2026-04-16T18:04:16","modified_gmt":"2026-04-16T15:04:16","slug":"pistola-semiautomatika-kmr-w-02-spectra-s-kal-9x19","status":"publish","type":"product","link":"https:\/\/nbg.eu\/mt\/product\/pistola-semiautomatika-kmr-w-02-spectra-s-kal-9x19\/","title":{"rendered":"KMR Pistola Semi-Awtomatika W-02 SPECTRA S"},"content":{"rendered":"<h2>KMR W-02 SPECTRA S OR Semi-Automatiku Pistola &#8211; Kalibru 9&#215;19<\/h2>\n<p>Velo\u010bit\u00e0 kombinata ma&#8217; kompattezza. Il-KMR W-02 SPECTRA S OR hija pistola b&#8217;disinn aktar kompatt b&#8217;qabda mnaqqsa. B\u0127al fil-mudelli l-o\u0127ra tag\u0127na, tista&#8217; tistenna pre\u010bi\u017cjoni g\u0127olja u operazzjoni bla xkiel u bla problemi b&#8217;din il-pistola. Il-pistola hija mg\u0127ammra bis-sistema ta&#8217; stabilizzazzjoni tal-barriera BRS, a\u010b\u010bessorji KMR, mira ta&#8217; wara a\u0121\u0121ustabbi, tixtari tal-kompetizzjoni u interface lest g\u0127all-ottika.<\/p>\n<p>Karatteristi\u010bi:<\/p>\n<ul>\n<li>Barriera ta&#8217; 5&#8243;, Mg\u0127aww\u0121a, Nitridata<\/li>\n<li>BRS &#8211; Sistema ta&#8217; \u010airku tal-Barriera &#8211; Sistema ta&#8217; Stabilizzazzjoni tal-Barriera fil-Slide<\/li>\n<li>Qafas u Slide tal-Azzar, Mag\u0127mul b&#8217;CNC minn Blokk Solidu<\/li>\n<li>Qafas u Slide Nitridata &#8211; iswed<\/li>\n<li>Qafas Mnaqqas fl-Area tal-Qabda<\/li>\n<li>Interface Lest g\u0127all-Ottika (OR)<\/li>\n<li>Mira ta&#8217; Quddiem b&#8217;Fibra Ottika (1 mm)<\/li>\n<li>Mira ta&#8217; Wara OR Kompletament A\u0121\u0121ustabbi<\/li>\n<li>Mekkani\u017cmu tat-Tirrum SA\/DA<\/li>\n<li>Tirrum tal-Azzar Serrat SA\/DA b&#8217;Overtime A\u0121\u0121ustabbi &#8211; iswed<\/li>\n<li>Riserva Qasira<\/li>\n<li>Tixtari tal-Kompetizzjoni SA\/DA<\/li>\n<li>Sigurt\u00e0 Manwali Esti\u017ca fuq ix-Xellug<\/li>\n<li>Sigurt\u00e0 Manwali Pjana fuq il-Lemin<\/li>\n<li>Qbid tad-Duralumin WAVES &#8211; A\u0127mar Skur<\/li>\n<li>Buttuna tal-\u0126ru\u0121 tal-Maga\u017cen A\u0121\u0121ustabbi tad-Duralumin &#8211; iswed<\/li>\n<li>Maga\u017cen 9\u00d719, 9\u00d721 b&#8217;kapa\u010bit\u00e0 ta&#8217; 17-il munizzjon<\/li>\n<li>Maga\u017cen &#8211; 3x<\/li>\n<li>Kaxxa tal-Pistola KMR, Kit tat-Tindif, \u017bejt KMR, G\u0127odda tal-Immuntar tal-Barriera, Spe\u010bi tal-Prim 14 lbs, Spe\u010bi tar-Rimjun 11 lbs, 13 lbs, Sett tal-\u0120onot, Imblokkaturi Esa\u0121unali, Threadlocker, Karta tal-Garanzija, Manwal tal-Utent<\/li>\n<\/ul>\n<p>Spe\u010bifikazzjonijiet:<\/p>\n<ul>\n<li>Kalibru: 9\u00d719, 9\u00d721<\/li>\n<li>Tul Totali: 220 mm \/ 8.7 in<\/li>\n<li>Tul tal-Slide: 194 mm \/ 7.6 in<\/li>\n<li>Wisa&#8217; Totali: 39 mm \/ 1.5 in<\/li>\n<li>Wisa&#8217; tas-Slide: 26 mm \/ 1 in<\/li>\n<li>G\u0127oli Totali: 146 mm \/ 5.7 in<\/li>\n<li>Linja tal-Mira: 177 mm \/ 7 in<\/li>\n<li>Tul tal-Barriera: 127 mm \/ 5 in<\/li>\n<li>Kapa\u010bit\u00e0 tal-Maga\u017cen: 17<\/li>\n<li>Mekkani\u017cmu tat-Tirrum: SA \/ DA<\/li>\n<li>Tirrum: 17,5 N \/ 45 N<\/li>\n<li>Spe\u010bi tar-Rimjun: 12 lbs<\/li>\n<li>Spe\u010bi tal-Prim: 17 lbs<\/li>\n<li>Pi\u017c (bla maga\u017cen): 1230 g \/ 43.4 oz<\/li>\n<li>Pi\u017c (b&#8217;maga\u017cen vojt): 1320 g \/ 46.6 oz<\/li>\n<\/ul>\n","protected":false},"excerpt":{"rendered":"<p>Il-KMR W-02 SPECTRA S OR huwa pistola b&#8217;disinn aktar kompatt b&#8217;griep imnaqqas. B\u0127al mal-mudelli l-o\u0127ra tag\u0127na, tista&#8217; tistenna pre\u010bi\u017cjoni g\u0127olja u operazzjoni smoothja u fluwida b&#8217;din il-pistola. Il-pistola hija mg\u0127ammra b&#8217;sistema ta&#8217; stabbilizzazzjoni tal-barrel BRS, a\u010b\u010bessorji KMR, mirja ta&#8217; wara kompletament a\u0121\u0121ustabbli, hammer tal-kompetizzjoni u interfe\u010b\u010bja lesta g\u0127at-tag\u0127mir ottiku.<\/p>\n","protected":false},"featured_media":688118,"template":"","meta":{"_acf_changed":false},"product_brand":[11500],"product_cat":[14157],"product_tag":[],"class_list":{"0":"post-688034","1":"product","2":"type-product","3":"status-publish","4":"has-post-thumbnail","6":"product_brand-kmr-precision","7":"product_cat-pistoli","9":"first","10":"instock","11":"taxable","12":"shipping-taxable","13":"purchasable","14":"product-type-simple"},"acf":[],"_links":{"self":[{"href":"https:\/\/nbg.eu\/mt\/wp-json\/wp\/v2\/product\/688034","targetHints":{"allow":["GET"]}}],"collection":[{"href":"https:\/\/nbg.eu\/mt\/wp-json\/wp\/v2\/product"}],"about":[{"href":"https:\/\/nbg.eu\/mt\/wp-json\/wp\/v2\/types\/product"}],"wp:featuredmedia":[{"embeddable":true,"href":"https:\/\/nbg.eu\/mt\/wp-json\/wp\/v2\/media\/688118"}],"wp:attachment":[{"href":"https:\/\/nbg.eu\/mt\/wp-json\/wp\/v2\/media?parent=688034"}],"wp:term":[{"taxonomy":"product_brand","embeddable":true,"href":"https:\/\/nbg.eu\/mt\/wp-json\/wp\/v2\/product_brand?post=688034"},{"taxonomy":"product_cat","embeddable":true,"href":"https:\/\/nbg.eu\/mt\/wp-json\/wp\/v2\/product_cat?post=688034"},{"taxonomy":"product_tag","embeddable":true,"href":"https:\/\/nbg.eu\/mt\/wp-json\/wp\/v2\/product_tag?post=688034"}],"curies":[{"name":"wp","href":"https:\/\/api.w.org\/{rel}","templated":true}]}}