{"id":688136,"date":"2025-10-17T23:30:59","date_gmt":"2025-10-17T20:30:59","guid":{"rendered":"https:\/\/nbg.eu\/product\/pistola-semi-automatika-kmr-umbra-w-02-kal-9x19-zewg-xfafar\/"},"modified":"2026-04-16T18:04:12","modified_gmt":"2026-04-16T15:04:12","slug":"pistola-semi-automatika-kmr-umbra-w-02-kal-9x19-zewg-xfafar","status":"publish","type":"product","link":"https:\/\/nbg.eu\/mt\/product\/pistola-semi-automatika-kmr-umbra-w-02-kal-9x19-zewg-xfafar\/","title":{"rendered":"KMR Pistola Semi-Awtomatika W-02 UMBRA b&#8217;Kanna b&#8217;Filettatura"},"content":{"rendered":"<h2>KMR W-02 UMBRA OR &#8211; Pistola Qawwija u Kompatta g\u0127at-Tir Kompetittiv<\/h2>\n<p>B&#8217;din il-pistola kompatta m&#8217;intix se titlef t-tmexxija fil-kompetizzjoni, anzi, tista&#8217; tikkrea surpri\u017ca.<\/p>\n<p>Il-pistola hija mg\u0127ammra b&#8217;a\u010b\u010bessorji KMR u s-sistema ta&#8217; stabbilizzazzjoni tal-barmil BRS, li tfisser li torkesta l-merka.<\/p>\n<p>Dan il-mudell mhux biss g\u0127at-tir sportiv, imma g\u0127al kull tiratur passjonat.<\/p>\n<h2>Karatteristi\u010bi Ewlenin<\/h2>\n<ul>\n<li>Barmil Tqil ta&#8217; 4.5&#8243;, b&#8217;Innudati<\/li>\n<li>Sistema ta&#8217; \u010airku tal-Barmil (BRS) &#8211; Sistema ta&#8217; Stabbilizzazzjoni tal-Barmil fil-Wajer<\/li>\n<li>Qafas u Wajer tal-Azzar, Ma\u0127dum CNC minn O\u0121\u0121ett Solidu<\/li>\n<li>Qafas u Wajer Nitrurati &#8211; Iswed<\/li>\n<li>Interface Pronta g\u0127all-Ottika (OR)<\/li>\n<li>Sinjal ta&#8217; Quddiem ta&#8217; Fibra Ottika (1 mm)<\/li>\n<li>Sinjal ta&#8217; Wara OR Kompletament A\u0121\u0121ustabbli<\/li>\n<li>Mekkani\u017cmu ta&#8217; Trigger SA\/DA<\/li>\n<li>Trigger ta&#8217; Azzar Mnaqqax SA\/DA b&#8217;A\u0121\u0121ustament \u017bejjed &#8211; Iswed<\/li>\n<li>Reset Qasir<\/li>\n<li>Hammer Kompetizzjoni SA\/DA<\/li>\n<li>Sigurt\u00e0 Manwali Esti\u017ca fuq in-Na\u0127a tax-Xellug<\/li>\n<li>Sigurt\u00e0 Manwali Pjana fuq in-Na\u0127a tal-Lemin<\/li>\n<li>Magni tal-Aluminium WAVES &#8211; Iswed<\/li>\n<li>Buttuna g\u0127all-\u0126ru\u0121 tal-Ma\u0121\u0121azin A\u0121\u0121ustabbli tal-Aluminium &#8211; Iswed<\/li>\n<li>Ma\u0121\u0121azin 9\u00d719, 9\u00d721 b&#8217;kapa\u010bit\u00e0 ta&#8217; 17-il kuritur<\/li>\n<\/ul>\n<h2>X&#8217;Jinkludi<\/h2>\n<ul>\n<li>Pistola KMR W-02 UMBRA OR<\/li>\n<li>3 Ma\u0121\u0121azini<\/li>\n<li>Kit tat-Tindif<\/li>\n<li>\u017bejt KMR<\/li>\n<li>G\u0127odda g\u0127all-Monta\u0121\u0121 tal-Barmil<\/li>\n<li>Qawwa tal-Majn 14 lbs<\/li>\n<li>Qawwa tal-Molla tar-Reb\u0127 11 lbs, 13 lbs<\/li>\n<li>Sett tal-\u0126xuna<\/li>\n<li>\u0120wiezen E\u017cagonali<\/li>\n<li>Threadlocker<\/li>\n<li>Karta tal-Garanzija<\/li>\n<li>Manwal tal-Utent<\/li>\n<li>Stickers tal-Pubbli\u010bit\u00e0 ta&#8217; KMR Precision Arms<\/li>\n<\/ul>\n<h2>Spe\u010bifikazzjonijiet<\/h2>\n<ul>\n<li>Kaliber: 9\u00d719, 9\u00d721<\/li>\n<li>Tul Totali: 208 mm \/ 8.2 in<\/li>\n<li>Tul tal-Wajer: 181 mm \/ 7 in<\/li>\n<li>Wisa&#8217; Totali: 39 mm \/ 1.5 in<\/li>\n<li>Wisa&#8217; tal-Wajer: 26 mm \/ 1 in<\/li>\n<li>G\u0127oli Totali: 143 mm \/ 5.6 in<\/li>\n<li>Linja tas-Sinjal: 164 mm \/ 6.5 in<\/li>\n<li>Tul tal-Barmil: 114 mm \/ 4.5 in<\/li>\n<li>Kapa\u010bit\u00e0 tal-Ma\u0121\u0121azin: 17<\/li>\n<li>Mekkani\u017cmu tat-Trigger: SA \/ DA<\/li>\n<li>Qbid tat-Trigger: 17.5 N \/ 45 N<\/li>\n<li>Molla tar-Reb\u0127: 12 lbs<\/li>\n<li>Molla Prin\u010bipali: 17 lbs<\/li>\n<li>Pi\u017c (ming\u0127ajr ma\u0121\u0121azin): 1180 g \/ 41.6 oz<\/li>\n<li>Pi\u017c (b&#8217;ma\u0121\u0121azin vojt): 1270 g \/ 44.8 oz<\/li>\n<\/ul>\n","protected":false},"excerpt":{"rendered":"<p>Il-pistola KMR W-02 UMBRA OR 9&#215;19 \u017cg\u0127ira u kompatta, i\u017cda qawwija, b&#8217;\u010bippa tat-tixrib u stabbilizzazzjoni tal-\u0121ilda BRS.<\/p>\n","protected":false},"featured_media":0,"template":"","meta":{"_acf_changed":false},"product_brand":[],"product_cat":[14174],"product_tag":[],"class_list":{"0":"post-688136","1":"product","2":"type-product","3":"status-publish","5":"product_cat-mhux-kategorizzat","7":"first","8":"instock","9":"taxable","10":"shipping-taxable","11":"purchasable","12":"product-type-simple"},"acf":[],"_links":{"self":[{"href":"https:\/\/nbg.eu\/mt\/wp-json\/wp\/v2\/product\/688136","targetHints":{"allow":["GET"]}}],"collection":[{"href":"https:\/\/nbg.eu\/mt\/wp-json\/wp\/v2\/product"}],"about":[{"href":"https:\/\/nbg.eu\/mt\/wp-json\/wp\/v2\/types\/product"}],"wp:attachment":[{"href":"https:\/\/nbg.eu\/mt\/wp-json\/wp\/v2\/media?parent=688136"}],"wp:term":[{"taxonomy":"product_brand","embeddable":true,"href":"https:\/\/nbg.eu\/mt\/wp-json\/wp\/v2\/product_brand?post=688136"},{"taxonomy":"product_cat","embeddable":true,"href":"https:\/\/nbg.eu\/mt\/wp-json\/wp\/v2\/product_cat?post=688136"},{"taxonomy":"product_tag","embeddable":true,"href":"https:\/\/nbg.eu\/mt\/wp-json\/wp\/v2\/product_tag?post=688136"}],"curies":[{"name":"wp","href":"https:\/\/api.w.org\/{rel}","templated":true}]}}