{"id":68851,"date":"2023-11-26T19:05:46","date_gmt":"2023-11-26T19:05:46","guid":{"rendered":"https:\/\/nbg.eu\/product\/geissele-super-duty-mod1-rifle-16-5-56mm-luna-black\/"},"modified":"2026-01-21T11:54:29","modified_gmt":"2026-01-21T08:54:29","slug":"geissele-super-duty-mod1-rifle-16-5-56mm-luna-black","status":"publish","type":"product","link":"https:\/\/nbg.eu\/mt\/product\/geissele-super-duty-mod1-rifle-16-5-56mm-luna-black\/","title":{"rendered":"Geissele Super Duty Rifle, 16&#8243;, 5.56MM- Luna Black"},"content":{"rendered":"<h2>Rifle Geissele Super Duty &#8211; 16&#8243; 5.56MM<\/h2>\n<p>Ir-rifle Geissele Super Duty ta&#8217; 16&#8243; f&#8217;5.56 NATO jikkombina teknolo\u0121ija avvanzata ma&#8217; \u0127ila ta&#8217; manifattura.<\/p>\n<h2>Karatteristi\u010bi Ewlenin:<\/h2>\n<ul>\n<li>Kanna ta&#8217; 16&#8243; Cold Hammer Forged, Chrome-lined (dawran 1:7&#8243;)<\/li>\n<li>Manifatturat fil-fa\u010bilit\u00e0 ta&#8217; Geissele f&#8217;North Wales, PA<\/li>\n<li>Sistema tal-gass tul ta&#8217; karabina b&#8217;Gas Block Super Compact<\/li>\n<li>Rail Modulari SMR MK16 ta&#8217; 15&#8243; b&#8217;kompatibbilt\u00e0 M-LOK<\/li>\n<li>Ri\u010bevitur t&#8217;isfel tal-aluminju 7075-T6 b&#8217;kit ta&#8217; partijiet Ultra Duty<\/li>\n<li>Sigurt\u00e0 ambidestru Super Configurable<\/li>\n<li>Molla tal-azzjoni Super-42 u buffer H3<\/li>\n<\/ul>\n<h2>Spe\u010bifikazzjonijiet:<\/h2>\n<ul>\n<li>Kalibru: 5.56 NATO<\/li>\n<li>Kanna: Geissele Cold Hammer Forged, Chrome-Lined, Dawran 1\/7<\/li>\n<li>Ri\u010bevituri: Forged 7075-T6, Hardcoat anodized tip III<\/li>\n<li>Bolt Carrier: REBCG (Reliability Enhanced Bolt Carrier Group)<\/li>\n<li>Trigger: SSA-X b&#8217;Lightning Bow<\/li>\n<li>Apparat tal-bokka: Geissele Sparkout Flash Hider<\/li>\n<li>Charging Handle: Airborne<\/li>\n<li>Kulur: DDC (Desert Dirt Color)*<\/li>\n<\/ul>\n<p><em>*Nota: L-anodizzazzjoni DDC tista&#8217; tvarja fil-dell<\/em><\/p>\n<p>Ir-Rifle Geissele Super Duty joffri pre\u010bi\u017cjoni u affidabbilt\u00e0 f&#8217;pakkett kompatt.<\/p>\n","protected":false},"excerpt":{"rendered":"<p>Geissele Super Duty: 16&#8243; 5.56MM, teknolo\u0121ija avvanzata, mibnija bi pre\u010bi\u017cjoni.<\/p>\n","protected":false},"featured_media":68852,"template":"","meta":{"_acf_changed":false},"product_brand":[11394],"product_cat":[15123,14089,14158,15124],"product_tag":[],"class_list":{"0":"post-68851","1":"product","2":"type-product","3":"status-publish","4":"has-post-thumbnail","6":"product_brand-geissele","7":"product_cat-ar-15-rifles-mt","8":"product_cat-karabbini","9":"product_cat-rifle","10":"product_cat-semi-automatic-rifles-mt","12":"first","13":"outofstock","14":"taxable","15":"shipping-taxable","16":"product-type-simple"},"acf":[],"_links":{"self":[{"href":"https:\/\/nbg.eu\/mt\/wp-json\/wp\/v2\/product\/68851","targetHints":{"allow":["GET"]}}],"collection":[{"href":"https:\/\/nbg.eu\/mt\/wp-json\/wp\/v2\/product"}],"about":[{"href":"https:\/\/nbg.eu\/mt\/wp-json\/wp\/v2\/types\/product"}],"wp:featuredmedia":[{"embeddable":true,"href":"https:\/\/nbg.eu\/mt\/wp-json\/wp\/v2\/media\/68852"}],"wp:attachment":[{"href":"https:\/\/nbg.eu\/mt\/wp-json\/wp\/v2\/media?parent=68851"}],"wp:term":[{"taxonomy":"product_brand","embeddable":true,"href":"https:\/\/nbg.eu\/mt\/wp-json\/wp\/v2\/product_brand?post=68851"},{"taxonomy":"product_cat","embeddable":true,"href":"https:\/\/nbg.eu\/mt\/wp-json\/wp\/v2\/product_cat?post=68851"},{"taxonomy":"product_tag","embeddable":true,"href":"https:\/\/nbg.eu\/mt\/wp-json\/wp\/v2\/product_tag?post=68851"}],"curies":[{"name":"wp","href":"https:\/\/api.w.org\/{rel}","templated":true}]}}