{"id":688803,"date":"2025-12-22T15:23:07","date_gmt":"2025-12-22T12:23:07","guid":{"rendered":"https:\/\/nbg.eu\/product\/hyllus-duffel-military-green-65-litru\/"},"modified":"2026-04-15T14:32:50","modified_gmt":"2026-04-15T11:32:50","slug":"hyllus-duffel-military-green-65-litru","status":"publish","type":"product","link":"https:\/\/nbg.eu\/mt\/product\/hyllus-duffel-military-green-65-litru\/","title":{"rendered":"Eberlestock Duffel Hyllus &#8211; 65 Litru"},"content":{"rendered":"<h2>Hyllus Duffel- 65 Litri<\/h2>\n<p>Il-Hyllus Duffel hija bor\u017ca duffel b&#8217;ri\u017cistenza g\u0127all-ilma, ultra-\u0127ajja g\u0127all-konsolidazzjoni tal-o\u0121\u0121etti fil-pick-up jew fil-bi\u010b\u010ba ta&#8217; fuq tal-kabina. Il-art u l-\u0127itan laterali jinkludu Nylon b&#8217;kisja ta&#8217; 1000D TPU u t-tarf huwa Nylon Ripstop b&#8217;kisja ta&#8217; 500D TPU.<\/p>\n<p>Il-\u0121ibs interni u esterni b&#8217;ferrovija jg\u0127inu biex l-o\u0121\u0121etti \u017cg\u0127ar ji\u0121u organizzati b&#8217;mod fa\u010bli u sigur, filwaqt li apertadura kbira g\u0127all-kompartiment prin\u010bipali tippermetti l-\u0127a\u017cna rapida tal-ilbies u l-o\u0121\u0121etti kbar. Il-Hyllus fiha strape ta&#8217; webbing biex tista&#8217; tintrabat b&#8217;mod konvenjenti ma&#8217; manku tal-bagalji.<\/p>\n<h2>Dimensjonijiet<\/h2>\n<p>65L Volum: 3966ci<br \/>\n65L Pi\u017c: 2.5Lb<br \/>\n65L Dimensjonijiet: 11G\u0127 x 27T x 13W<\/p>\n<h2>Karatteristi\u010bi<\/h2>\n<p>Kostruzzjoni b&#8217;ri\u017cistenza g\u0127all-ilma<br \/>\nKompartiment ewlieni kbir b&#8217;\u0121ibs interni ta&#8217; organizzazzjoni b&#8217;ferrovija<br \/>\n\u0120ibs esterni b&#8217;ferrovija fuq i\u017c-\u017cew\u0121 na\u0127at u quddiem<br \/>\nStrapi biex jin\u0121arru l-duffels<\/p>\n","protected":false},"excerpt":{"rendered":"<p>Il-Hyllus Duffel &#8211; 65 Litru huwa kaxxa ta&#8217; vja\u0121\u0121 b&#8217;re\u017cistenza g\u0127all-ilma, ultra-s\u0127i\u0127a, b&#8217;volum ta&#8217; 3966ci, li ji\u017cen 2.5Lb.<\/p>\n","protected":false},"featured_media":688893,"template":"","meta":{"_acf_changed":false},"product_brand":[15150],"product_cat":[14098],"product_tag":[],"class_list":{"0":"post-688803","1":"product","2":"type-product","3":"status-publish","4":"has-post-thumbnail","6":"product_brand-eberlestock","7":"product_cat-boroz-tal-kamp","9":"first","10":"instock","11":"taxable","12":"shipping-taxable","13":"purchasable","14":"product-type-variable","15":"wvs-archive-product-wrapper"},"acf":[],"_links":{"self":[{"href":"https:\/\/nbg.eu\/mt\/wp-json\/wp\/v2\/product\/688803","targetHints":{"allow":["GET"]}}],"collection":[{"href":"https:\/\/nbg.eu\/mt\/wp-json\/wp\/v2\/product"}],"about":[{"href":"https:\/\/nbg.eu\/mt\/wp-json\/wp\/v2\/types\/product"}],"wp:featuredmedia":[{"embeddable":true,"href":"https:\/\/nbg.eu\/mt\/wp-json\/wp\/v2\/media\/688893"}],"wp:attachment":[{"href":"https:\/\/nbg.eu\/mt\/wp-json\/wp\/v2\/media?parent=688803"}],"wp:term":[{"taxonomy":"product_brand","embeddable":true,"href":"https:\/\/nbg.eu\/mt\/wp-json\/wp\/v2\/product_brand?post=688803"},{"taxonomy":"product_cat","embeddable":true,"href":"https:\/\/nbg.eu\/mt\/wp-json\/wp\/v2\/product_cat?post=688803"},{"taxonomy":"product_tag","embeddable":true,"href":"https:\/\/nbg.eu\/mt\/wp-json\/wp\/v2\/product_tag?post=688803"}],"curies":[{"name":"wp","href":"https:\/\/api.w.org\/{rel}","templated":true}]}}