{"id":688992,"date":"2024-09-02T13:30:54","date_gmt":"2024-09-02T10:30:54","guid":{"rendered":"https:\/\/nbg.eu\/product\/bipod-harris-s-lm-notch-rotate-9-13\/"},"modified":"2026-05-13T17:00:37","modified_gmt":"2026-05-13T14:00:37","slug":"bipod-harris-s-lm-notch-rotate-9-13","status":"publish","type":"product","link":"https:\/\/nbg.eu\/mt\/product\/bipod-harris-s-lm-notch-rotate-9-13\/","title":{"rendered":"Bipod Harris &#8211; S -LM Notch Rotate 9-13&#8243;"},"content":{"rendered":"<div class=\"product-description\">\n<h2>Bipod Harris &#8211; S -LM Notch Rotate 9-13&#8243;<\/h2>\n<p>\u0126e\u0121\u0121e\u0121 l-esperjenza ta&#8217; tir tieg\u0127ek bl-Bipod Harris S-LM Notch Rotate. Dan il-bipod li ji\u017cen ftit, versatili huwa perfett g\u0127at-tir pro\u010bess jew bankrest.<\/p>\n<ul>\n<li>G\u0127oli regolabbli: 9&#8243; sa 13&#8243;<\/li>\n<li>Jatta\u010b\u010ba direttament mal-Picatinny Rail<\/li>\n<li>Karatteristika ta&#8217; swivel g\u0127at-terrain mhux mag\u0127luq<\/li>\n<li>Saqajn biss g\u0127al til\u0127iq fa\u010bli<\/li>\n<li>Pi\u017c \u0127afif ta&#8217; biss 13.5 oz<\/li>\n<li>Swievel ta&#8217; slung inkorporat<\/li>\n<li>100% Mag\u0127mul fl-Istati Uniti<\/li>\n<\/ul>\n<p>Kostruzzjoni bl-azzar ittrattata bit-s\u0127ana u lega b&#8217;sa\u0127\u0127a, b&#8217;g\u0127atu tar-saqajn tar-rubber u knob tal-polimer. Il-finishja nigranti anodizzata ti\u017cgura durabilit\u00e0 u stil.<\/p>\n<p>Esperjenza pre\u010bi\u017cjoni u stabbilit\u00e0 b&#8217;dan il-bipod ta&#8217; kwalit\u00e0 g\u0127olja, mag\u0127mul g\u0127al tirjun serji li jitolbu l-a\u0127jar.<\/p>\n<\/div>\n","protected":false},"excerpt":{"rendered":"<p>Il-Bipod Versattili ta&#8217; 9-13&#8243; li Jdur, G\u0127al Terrens Mhux Uniformi, Ultra \u0126fief 13.5oz.<\/p>\n","protected":false},"featured_media":35224,"template":"","meta":{"_acf_changed":false},"product_brand":[12027],"product_cat":[14137,14158,14119],"product_tag":[],"class_list":{"0":"post-688992","1":"product","2":"type-product","3":"status-publish","4":"has-post-thumbnail","6":"product_brand-harris-bipods","7":"product_cat-bipods","8":"product_cat-rifle","9":"product_cat-tuning-tar-rifle","11":"first","12":"instock","13":"taxable","14":"shipping-taxable","15":"purchasable","16":"product-type-simple"},"acf":[],"_links":{"self":[{"href":"https:\/\/nbg.eu\/mt\/wp-json\/wp\/v2\/product\/688992","targetHints":{"allow":["GET"]}}],"collection":[{"href":"https:\/\/nbg.eu\/mt\/wp-json\/wp\/v2\/product"}],"about":[{"href":"https:\/\/nbg.eu\/mt\/wp-json\/wp\/v2\/types\/product"}],"wp:featuredmedia":[{"embeddable":true,"href":"https:\/\/nbg.eu\/mt\/wp-json\/wp\/v2\/media\/35224"}],"wp:attachment":[{"href":"https:\/\/nbg.eu\/mt\/wp-json\/wp\/v2\/media?parent=688992"}],"wp:term":[{"taxonomy":"product_brand","embeddable":true,"href":"https:\/\/nbg.eu\/mt\/wp-json\/wp\/v2\/product_brand?post=688992"},{"taxonomy":"product_cat","embeddable":true,"href":"https:\/\/nbg.eu\/mt\/wp-json\/wp\/v2\/product_cat?post=688992"},{"taxonomy":"product_tag","embeddable":true,"href":"https:\/\/nbg.eu\/mt\/wp-json\/wp\/v2\/product_tag?post=688992"}],"curies":[{"name":"wp","href":"https:\/\/api.w.org\/{rel}","templated":true}]}}