{"id":689068,"date":"2025-03-06T13:06:02","date_gmt":"2025-03-06T10:06:02","guid":{"rendered":"https:\/\/nbg.eu\/product\/clawgear-m-lok-qd-mount\/"},"modified":"2026-05-13T15:10:02","modified_gmt":"2026-05-13T12:10:02","slug":"clawgear-m-lok-qd-mount","status":"publish","type":"product","link":"https:\/\/nbg.eu\/mt\/product\/clawgear-m-lok-qd-mount\/","title":{"rendered":"Clawgear M-LOK QD Mount"},"content":{"rendered":"<h2>Clawgear M-LOK QD Mount: Attach is-Sikur u Bla Xkiel g\u0127as-Sling<\/h2>\n<p>Og\u0127la is-setup tal-arma tan-nar tieg\u0127ek bil-Clawgear M-LOK QD Mount, iddisinjat g\u0127all-prestazzjoni ming\u0127ajr kompromess u integrazzjoni bla xkiel tas-sling. Mag\u0127mul minn aluminju b&#8217;sa\u0127\u0127tu u mitmum bi coating anodized Mil-Spec, dan il-mount b&#8217;profil baxx jag\u0127ti durabbilt\u00e0 e\u010b\u010bezzjonali u re\u017cistenza g\u0127all-korru\u017cjoni, li ji\u017cgura affidabbilt\u00e0 fit-tul fil-qasam.<\/p>\n<p>L-imbuttatura diretta M-LOK tipprovdi interface sikura u bla xkiel, filwaqt li l-karatteristika anti-rotazzjoni ti\u017cgura li l-qafla tas-sling tieg\u0127ek tibqa&#8217; soda f&#8217;postha, biex ji\u0121i evitat moviment jew spostament mhux mixtieq. Kompatibli ma&#8217; l-qafal QD standard kollha, il-Clawgear M-LOK QD Mount jippermetti l-\u0127olqien u t-tne\u0127\u0127ija rapidi u fa\u010bli tas-sling, billi jimplifikaw it-tran\u017cizzjonijiet tieg\u0127ek u jtejbu l-esperjenza tat-tiri kemm ovarall.<\/p>\n<p>Kemm jekk qed t\u0127abbat ma&#8217; xenarji tattici e\u017ci\u0121enti jew inkella qed tivvja\u0121\u0121a g\u0127al avventuri fl-ajruplan, il-Clawgear M-LOK QD Mount hija s-soluzzjoni affidabbli u versatili g\u0127all-b\u017connijiet ta&#8217; atta\u010b\u010bar tas-sling tieg\u0127ek. Og\u0127la l-prestazzjoni tal-arma tan-nar tieg\u0127ek b&#8217;dan l-a\u010b\u010bessorju sod u li jista&#8217; jintu\u017ca fa\u010bilment.<\/p>\n","protected":false},"excerpt":{"rendered":"<p>G\u0127oli-sa\u0127\u0127a aluminju M-LOK QD mount b&#8217;disinn baxx-profil, anti-rotazzjoni g\u0127al i\u017cjed kisja b&#8217;xokk, i\u0121bed b&#8217;sa\u0127\u0127a sling.<\/p>\n","protected":false},"featured_media":240601,"template":"","meta":{"_acf_changed":false},"product_brand":[11228],"product_cat":[14094,14158,14119],"product_tag":[],"class_list":{"0":"post-689068","1":"product","2":"type-product","3":"status-publish","4":"has-post-thumbnail","6":"product_brand-clawgear","7":"product_cat-goqqdiet","8":"product_cat-rifle","9":"product_cat-tuning-tar-rifle","11":"first","12":"outofstock","13":"taxable","14":"shipping-taxable","15":"purchasable","16":"product-type-simple"},"acf":[],"_links":{"self":[{"href":"https:\/\/nbg.eu\/mt\/wp-json\/wp\/v2\/product\/689068","targetHints":{"allow":["GET"]}}],"collection":[{"href":"https:\/\/nbg.eu\/mt\/wp-json\/wp\/v2\/product"}],"about":[{"href":"https:\/\/nbg.eu\/mt\/wp-json\/wp\/v2\/types\/product"}],"wp:featuredmedia":[{"embeddable":true,"href":"https:\/\/nbg.eu\/mt\/wp-json\/wp\/v2\/media\/240601"}],"wp:attachment":[{"href":"https:\/\/nbg.eu\/mt\/wp-json\/wp\/v2\/media?parent=689068"}],"wp:term":[{"taxonomy":"product_brand","embeddable":true,"href":"https:\/\/nbg.eu\/mt\/wp-json\/wp\/v2\/product_brand?post=689068"},{"taxonomy":"product_cat","embeddable":true,"href":"https:\/\/nbg.eu\/mt\/wp-json\/wp\/v2\/product_cat?post=689068"},{"taxonomy":"product_tag","embeddable":true,"href":"https:\/\/nbg.eu\/mt\/wp-json\/wp\/v2\/product_tag?post=689068"}],"curies":[{"name":"wp","href":"https:\/\/api.w.org\/{rel}","templated":true}]}}