{"id":689096,"date":"2025-03-03T22:26:47","date_gmt":"2025-03-03T19:26:47","guid":{"rendered":"https:\/\/nbg.eu\/product\/daa-3-piece-steel-die-set-223\/"},"modified":"2026-05-13T16:02:56","modified_gmt":"2026-05-13T13:02:56","slug":"daa-3-piece-steel-die-set-223","status":"publish","type":"product","link":"https:\/\/nbg.eu\/mt\/product\/daa-3-piece-steel-die-set-223\/","title":{"rendered":"DAA 3-Piece Steel Die Set .223"},"content":{"rendered":"<h2>DAA 3-Piece Steel Die Set .223<\/h2>\n<p>Itrebbi l-esperjenza tieg\u0127ek tal-irkarkjar bil-Die Set tal-Azzar ta&#8217; 3 Bi\u010b\u010biet ta&#8217; Double Alpha Academy g\u0127all-kaliber .223. Mag\u0127mula f&#8217;kollaborazzjoni ma&#8217; Lee Precision, dan il-kumpless huwa adattat g\u0127ar-rikarkjar progressiv tar-rifle.<\/p>\n<ul>\n<li>Die tat-tbaqqir s\u0127i\u0127 g\u0127al funzjoni affidabbli<\/li>\n<li>Die g\u0127all-po\u0121\u0121ir pre\u010bi\u017c tal-pallona g\u0127all-allinjament pre\u010bi\u017c<\/li>\n<li>Die tal-Crimp tal-Fabbrika tal-Istil tal-Kollet g\u0127al prestazzjoni mtejba<\/li>\n<li>Jinkludi 2 spares tal-pins tad-dekappar u 3 nuci tal-azzar DAA ta&#8217; 1&#8243; bl-iskalzati \u017cg\u0127ar \u017cejda<\/li>\n<li>Kaxxa tal-\u0127a\u017cna EVA personalizzata inklu\u017ca<\/li>\n<\/ul>\n<p>Id-dies separati tal-crimp u tal-po\u0121\u0121ir ji\u017cguraw ri\u017cultati ottimali ming\u0127ajr \u0127sara tal-ka\u017cilla. Gawdi l-pre\u010bi\u017cjoni tal-ammunition tal-fabbrika bl-isflessibilit\u00e0 tal-irkarkjar manwali. Perfett kemm g\u0127al min hu espert u kemm g\u0127al min hu novi\u017c fl-irkarkjar.<\/p>\n<p>A\u0121\u0121orna l-istazzjoni tal-irkarkjar tieg\u0127ek illum b&#8217;dan il-kumpless superjuri tad-dies ta&#8217; DAA!<\/p>\n","protected":false},"excerpt":{"rendered":"<p>Settijiet tal-\u0127att mill-\u0121did tal-pre\u010bi\u017cjoni .223: Tubi full-size, seat, crimp. Mag\u0127mulin minn Lee.<\/p>\n","protected":false},"featured_media":235721,"template":"","meta":{"_acf_changed":false},"product_brand":[11279],"product_cat":[14133,14144],"product_tag":[],"class_list":{"0":"post-689096","1":"product","2":"type-product","3":"status-publish","4":"has-post-thumbnail","6":"product_brand-doublealpha","7":"product_cat-accessorji-gat-tgabbija-mill-gdid","8":"product_cat-rikargar-mill-gdid","10":"first","11":"instock","12":"taxable","13":"shipping-taxable","14":"purchasable","15":"product-type-simple"},"acf":[],"_links":{"self":[{"href":"https:\/\/nbg.eu\/mt\/wp-json\/wp\/v2\/product\/689096","targetHints":{"allow":["GET"]}}],"collection":[{"href":"https:\/\/nbg.eu\/mt\/wp-json\/wp\/v2\/product"}],"about":[{"href":"https:\/\/nbg.eu\/mt\/wp-json\/wp\/v2\/types\/product"}],"wp:featuredmedia":[{"embeddable":true,"href":"https:\/\/nbg.eu\/mt\/wp-json\/wp\/v2\/media\/235721"}],"wp:attachment":[{"href":"https:\/\/nbg.eu\/mt\/wp-json\/wp\/v2\/media?parent=689096"}],"wp:term":[{"taxonomy":"product_brand","embeddable":true,"href":"https:\/\/nbg.eu\/mt\/wp-json\/wp\/v2\/product_brand?post=689096"},{"taxonomy":"product_cat","embeddable":true,"href":"https:\/\/nbg.eu\/mt\/wp-json\/wp\/v2\/product_cat?post=689096"},{"taxonomy":"product_tag","embeddable":true,"href":"https:\/\/nbg.eu\/mt\/wp-json\/wp\/v2\/product_tag?post=689096"}],"curies":[{"name":"wp","href":"https:\/\/api.w.org\/{rel}","templated":true}]}}