{"id":689225,"date":"2024-08-18T11:35:41","date_gmt":"2024-08-18T08:35:41","guid":{"rendered":"https:\/\/nbg.eu\/product\/ejector-sa-da-kmr\/"},"modified":"2026-04-16T18:08:04","modified_gmt":"2026-04-16T15:08:04","slug":"ejector-sa-da-kmr","status":"publish","type":"product","link":"https:\/\/nbg.eu\/mt\/product\/ejector-sa-da-kmr\/","title":{"rendered":"KMR E\u0121ettur SA\/DA"},"content":{"rendered":"<h2>\u0126errgej SA\/DA KMR g\u0127all-Armamenti KMR<\/h2>\n<p>L-\u0126errgej SA\/DA KMR huwa a\u010b\u010bessorju versattili u affidabbli li huwa ddisinjat g\u0127all-u\u017cu ma&#8217; diversi mudelli ta&#8217; Armamenti KMR. Huwa jkollu mekkani\u017cmu ta&#8217; azzjoni wa\u0127da (SA) u azzjoni doppja (DA), u jipprovdi lill-utenti b&#8217;flessibilit\u00e0 u kontroll imtejba matul l-operazzjoni. Kompatibbli mal-mudelli li \u0121ejjin:<\/p>\n<ul>\n<li>KMR L-02 EMIQ<\/li>\n<li>KMR L-02 EMIQ (OR)<\/li>\n<li>KMR L-02 ORCA FROM 2024<\/li>\n<li>KMR L-02 ORCA UNTIL 2023<\/li>\n<li>KMR L-02 SPECTRA FROM 2024<\/li>\n<li>KMR L-02 SPECTRA UNTIL 2023<\/li>\n<li>KMR L-02 UMBRA (OR) SR<\/li>\n<li>KMR W-02 CUDA (OR)<\/li>\n<li>KMR W-02 UMBRA<\/li>\n<li>KMR W-02 UMBRA (OR)<\/li>\n<\/ul>\n<p>Numru ta&#8217; referenza ta&#8217; 1060-00701-0401<\/p>\n","protected":false},"excerpt":{"rendered":"<p>Ejector SA\/DA KMR &#8211; a\u010b\u010bessorju \u017cejda affidabbli u versatili g\u0127all-KMR.<\/p>\n","protected":false},"featured_media":25688,"template":"","meta":{"_acf_changed":false},"product_brand":[11500],"product_cat":[14108],"product_tag":[],"class_list":{"0":"post-689225","1":"product","2":"type-product","3":"status-publish","4":"has-post-thumbnail","6":"product_brand-kmr-precision","7":"product_cat-partijiet-kmr","9":"first","10":"instock","11":"taxable","12":"shipping-taxable","13":"product-type-simple"},"acf":[],"_links":{"self":[{"href":"https:\/\/nbg.eu\/mt\/wp-json\/wp\/v2\/product\/689225","targetHints":{"allow":["GET"]}}],"collection":[{"href":"https:\/\/nbg.eu\/mt\/wp-json\/wp\/v2\/product"}],"about":[{"href":"https:\/\/nbg.eu\/mt\/wp-json\/wp\/v2\/types\/product"}],"wp:featuredmedia":[{"embeddable":true,"href":"https:\/\/nbg.eu\/mt\/wp-json\/wp\/v2\/media\/25688"}],"wp:attachment":[{"href":"https:\/\/nbg.eu\/mt\/wp-json\/wp\/v2\/media?parent=689225"}],"wp:term":[{"taxonomy":"product_brand","embeddable":true,"href":"https:\/\/nbg.eu\/mt\/wp-json\/wp\/v2\/product_brand?post=689225"},{"taxonomy":"product_cat","embeddable":true,"href":"https:\/\/nbg.eu\/mt\/wp-json\/wp\/v2\/product_cat?post=689225"},{"taxonomy":"product_tag","embeddable":true,"href":"https:\/\/nbg.eu\/mt\/wp-json\/wp\/v2\/product_tag?post=689225"}],"curies":[{"name":"wp","href":"https:\/\/api.w.org\/{rel}","templated":true}]}}