{"id":689254,"date":"2024-08-17T17:58:41","date_gmt":"2024-08-17T14:58:41","guid":{"rendered":"https:\/\/nbg.eu\/product\/ejector-spring-kmr\/"},"modified":"2026-02-26T14:43:58","modified_gmt":"2026-02-26T11:43:58","slug":"ejector-spring-kmr","status":"publish","type":"product","link":"https:\/\/nbg.eu\/mt\/product\/ejector-spring-kmr\/","title":{"rendered":"Xifer tal-\u0120er\u017cuma KMR"},"content":{"rendered":"<h2>Ejector Spring KMR<\/h2>\n<p>L-Ejector Spring KMR hija komponent essenzjali g\u0127al varjet\u00e0 ta&#8217; mudelli tal-armi, iddisinjata biex tipprovdi e\u0121ezzjoni affidabbli u konsistenti ta&#8217; qartrigi mitlufin.<\/p>\n<p>Manifatturata b&#8217;pre\u010bi\u017cjoni u durabbilt\u00e0 f&#8217;mo\u0127\u0127ha, din il-qawwa ti\u017cgura estrazzjoni u e\u0121ezzjoni affidabbli ta&#8217; qartrigi mitlufin, u \u017c\u017comm l-operat smooth u konsistenti tal-arma tieg\u0127ek. Ma\u0127dumin minn materjali ta&#8217; kwalit\u00e0 g\u0127olja, din il-qawwa hija ddisinjata biex tiffa\u010b\u010bja l-isfidi tal-u\u017cu regolari u tag\u0127ti prestazzjoni li jdumu.<\/p>\n<p>Siwi kemm inti marksman professjonali jew entusjast, din il-parti hija a\u010b\u010bessorju essenzjali biex i\u017c\u017comm il-prestazzjoni ottimali tal-armi tieg\u0127ek kompatibbli mal-KMR. Investixxi f&#8217;dan il-komponent affidabbli u esperjenza d-differenza li jista&#8217; jag\u0127mel fl-esperjenza tal-sparar tieg\u0127ek.<\/p>\n<p>G\u0127al Armi KMR:<\/p>\n<p>KMR L-02 EMIQ<\/p>\n<p>KMR L-02 EMIQ (OR)<\/p>\n<p>KMR L-02 ORCA FROM 2024<\/p>\n<p>KMR L-02 ORCA UNTIL 2023<\/p>\n<p>KMR L-02 SPECTRA FROM 2024<\/p>\n<p>KMR L-02 SPECTRA UNTIL 2023<\/p>\n<p>KMR L-02 UMBRA (OR) SR<\/p>\n<p>KMR S-02 FROM 2024<\/p>\n<p>KMR W-02 CUDA (OR)<\/p>\n<p>KMR W-02 UMBRA<\/p>\n<p>KMR W-02 UMBRA (OR)<\/p>\n","protected":false},"excerpt":{"rendered":"<p>Qawwi ejettur g\u0127al armi serje KMR, kompatibbli ma&#8217; mudelli multipli.<\/p>\n","protected":false},"featured_media":24736,"template":"","meta":{"_acf_changed":false},"product_brand":[11500],"product_cat":[14126,14108],"product_tag":[],"class_list":{"0":"post-689254","1":"product","2":"type-product","3":"status-publish","4":"has-post-thumbnail","6":"product_brand-kmr-precision","7":"product_cat-molol","8":"product_cat-partijiet-kmr","10":"first","11":"instock","12":"taxable","13":"shipping-taxable","14":"product-type-simple"},"acf":[],"_links":{"self":[{"href":"https:\/\/nbg.eu\/mt\/wp-json\/wp\/v2\/product\/689254","targetHints":{"allow":["GET"]}}],"collection":[{"href":"https:\/\/nbg.eu\/mt\/wp-json\/wp\/v2\/product"}],"about":[{"href":"https:\/\/nbg.eu\/mt\/wp-json\/wp\/v2\/types\/product"}],"wp:featuredmedia":[{"embeddable":true,"href":"https:\/\/nbg.eu\/mt\/wp-json\/wp\/v2\/media\/24736"}],"wp:attachment":[{"href":"https:\/\/nbg.eu\/mt\/wp-json\/wp\/v2\/media?parent=689254"}],"wp:term":[{"taxonomy":"product_brand","embeddable":true,"href":"https:\/\/nbg.eu\/mt\/wp-json\/wp\/v2\/product_brand?post=689254"},{"taxonomy":"product_cat","embeddable":true,"href":"https:\/\/nbg.eu\/mt\/wp-json\/wp\/v2\/product_cat?post=689254"},{"taxonomy":"product_tag","embeddable":true,"href":"https:\/\/nbg.eu\/mt\/wp-json\/wp\/v2\/product_tag?post=689254"}],"curies":[{"name":"wp","href":"https:\/\/api.w.org\/{rel}","templated":true}]}}