{"id":689319,"date":"2024-08-17T15:16:22","date_gmt":"2024-08-17T12:16:22","guid":{"rendered":"https:\/\/nbg.eu\/product\/extractor-pin-22-lr-2x10-kmr\/"},"modified":"2026-04-16T18:10:03","modified_gmt":"2026-04-16T15:10:03","slug":"extractor-pin-22-lr-2x10-kmr","status":"publish","type":"product","link":"https:\/\/nbg.eu\/mt\/product\/extractor-pin-22-lr-2x10-kmr\/","title":{"rendered":"KMR Pin tal-Estrattur .22 LR 2&#215;10"},"content":{"rendered":"<h2>Extractor Pin 22 Lr 2X10 KMR &#8211; Pivot Point Pre\u010bi\u017c g\u0127all-Estrazjoni Affidabbli<\/h2>\n<p>Imfassla g\u0127all-pjattaforma tar-rimfire .22 LR KMR, l-Extractor Pin 22 Lr 2X10 KMR jipprovdi l-punt pivot kritiku g\u0127all-mekkani\u017cmu tal-estraktur biex jiffunzjona b&#8217;mod affidabbli. Mag\u0127mulin minn azzar imsa\u0127\u0127an, dan il-pin dimensjonat b&#8217;pre\u010bi\u017cjoni (2x10mm) ji\u017cgura tensjoni konsistenti u jipprevjeni l-mixi jew il-qsim tal-pin ta\u0127t nar malajr, u b&#8217;hekk ji\u017cgura li l-pistola KMR tieg\u0127ek testra\u0127 l-g\u0127ads u\u017cati b&#8217;affidabbilt\u00e0 ming\u0127ajr fallimenti.<\/p>\n<p>L-Extractor Pin 22 Lr 2X10 KMR huwa komponent essenzjali g\u0127all-manteniment tal-prestazzjoni ottimali ta&#8217; .22 LR KMR tieg\u0127ek. Il-kostruzzjoni b&#8217;sa\u0127\u0127itha u d-disinn pre\u010bi\u017c tieg\u0127u joffru l-appo\u0121\u0121 tal-pivot me\u0127tie\u0121 biex i\u017commu l-estraktur tieg\u0127ek jiffunzjona bla tlappi, tir wara tir. Kemm jekk qed tie\u0127u t-tiri, tu\u017ca g\u0127all-pjattijiet, jew qed tkompeti, dan il-pin tal-estraktur huwa upgrade inestimabbli biex ti\u017cgura li l-pistola KMR tieg\u0127ek topera fil-potenzjal massimu tag\u0127ha.<\/p>\n<p>Ag\u0127mel upgrade tal-.22 LR KMR tieg\u0127ek bl-Extractor Pin 22 Lr 2X10 KMR u esperjenza l-fidu\u010bja ta&#8217; punt pivot ta&#8217; kwalit\u00e0 g\u0127olja u affidabbli li j\u017comm l-estraktur tieg\u0127ek jopera b&#8217;pre\u010bi\u017cjoni u konsistenza. Investi fil-dettalji li jag\u0127mlu d-differenza, u gawdi l-pa\u010bi tal-mo\u0127\u0127 li ti\u0121i ma&#8217; arma tan-nar li testra\u0127 b&#8217;dipendabbilt\u00e0 s\u0127i\u0127a.<\/p>\n","protected":false},"excerpt":{"rendered":"<p>Pivot pin tal-istrajner ta&#8217; 2x10mm ta&#8217; precisjoni g\u0127al pistoli KMR .22 LR; kostruzzjoni tal-azzar i\u0127ammar.<\/p>\n","protected":false},"featured_media":24067,"template":"","meta":{"_acf_changed":false},"product_brand":[11500],"product_cat":[14108],"product_tag":[],"class_list":{"0":"post-689319","1":"product","2":"type-product","3":"status-publish","4":"has-post-thumbnail","6":"product_brand-kmr-precision","7":"product_cat-partijiet-kmr","9":"first","10":"instock","11":"taxable","12":"shipping-taxable","13":"product-type-simple"},"acf":[],"_links":{"self":[{"href":"https:\/\/nbg.eu\/mt\/wp-json\/wp\/v2\/product\/689319","targetHints":{"allow":["GET"]}}],"collection":[{"href":"https:\/\/nbg.eu\/mt\/wp-json\/wp\/v2\/product"}],"about":[{"href":"https:\/\/nbg.eu\/mt\/wp-json\/wp\/v2\/types\/product"}],"wp:featuredmedia":[{"embeddable":true,"href":"https:\/\/nbg.eu\/mt\/wp-json\/wp\/v2\/media\/24067"}],"wp:attachment":[{"href":"https:\/\/nbg.eu\/mt\/wp-json\/wp\/v2\/media?parent=689319"}],"wp:term":[{"taxonomy":"product_brand","embeddable":true,"href":"https:\/\/nbg.eu\/mt\/wp-json\/wp\/v2\/product_brand?post=689319"},{"taxonomy":"product_cat","embeddable":true,"href":"https:\/\/nbg.eu\/mt\/wp-json\/wp\/v2\/product_cat?post=689319"},{"taxonomy":"product_tag","embeddable":true,"href":"https:\/\/nbg.eu\/mt\/wp-json\/wp\/v2\/product_tag?post=689319"}],"curies":[{"name":"wp","href":"https:\/\/api.w.org\/{rel}","templated":true}]}}