{"id":689343,"date":"2024-08-16T23:18:23","date_gmt":"2024-08-16T20:18:23","guid":{"rendered":"https:\/\/nbg.eu\/product\/extractor-pin-kmr\/"},"modified":"2026-04-16T18:10:49","modified_gmt":"2026-04-16T15:10:49","slug":"extractor-pin-kmr","status":"publish","type":"product","link":"https:\/\/nbg.eu\/mt\/product\/extractor-pin-kmr\/","title":{"rendered":"KMR Pin tal-Estrattur"},"content":{"rendered":"<h2>Estrattur Pin g\u0127al Pistoli KMR<\/h2>\n<p>\u0126arreg il-prestazzjoni u l-affidabilit\u00e0 tal-pistola KMR tieg\u0127ek bl-Estrattur Pin. Manifatturat minn azzar g\u0127odda mg\u0127abbi u mmanifatturat skont l-ispe\u010bifikazzjonijiet pre\u010bi\u017ci tal-fabbrika, dan il-komponent ji\u017cgura li jil\u0127aq bi\u010b\u010ba sew fil-monta\u0121\u0121 tal-g\u0127enieni. Il-finish re\u017cistenti g\u0127at-t\u0127arrik tieg\u0127u ji\u017cgura durabilit\u00e0 fit-tul, filwaqt li s-sa\u0127\u0127a tal-\u0121ebla g\u0127olja tieg\u0127u tipprote\u0121i s-sistema kritika tal-pivot tal-estrattur.<\/p>\n<p>B\u0127ala l-assi g\u0127all-moviment tal-estrattur, dan il-pin jaqdi rwol vitali fi\u010b-\u010biklu tal-estrazzjoni. Billi j\u017comm tensjoni konsistenti tal-qawwa tal-qawwa, jipprevjeni \u0127sarat mekkani\u010bi u ji\u017cgura operazzjoni bla xkiel u affidabbli ma&#8217; kull tir. Kemm jekk int tirmilja fil-mira avvanzat jew entu\u017cjast tad-difi\u017ca personali, l-Estrattur Pin huwa upgrading essenzjali g\u0127all-pistola KMR tieg\u0127ek, li joffri l-prestazzjoni u l-pa\u010bi tal-mo\u0127\u0127 li tixtieq.<\/p>\n","protected":false},"excerpt":{"rendered":"<p>Pintal tal-estrudent b&#8217;sa\u0127\u0127a g\u0127olja tal-qoxra g\u0127al pistoli KMR; qbil pre\u010bi\u017c u tlestija li ddum.<\/p>\n","protected":false},"featured_media":23783,"template":"","meta":{"_acf_changed":false},"product_brand":[11500],"product_cat":[14108],"product_tag":[],"class_list":{"0":"post-689343","1":"product","2":"type-product","3":"status-publish","4":"has-post-thumbnail","6":"product_brand-kmr-precision","7":"product_cat-partijiet-kmr","9":"first","10":"instock","11":"taxable","12":"shipping-taxable","13":"product-type-simple"},"acf":[],"_links":{"self":[{"href":"https:\/\/nbg.eu\/mt\/wp-json\/wp\/v2\/product\/689343","targetHints":{"allow":["GET"]}}],"collection":[{"href":"https:\/\/nbg.eu\/mt\/wp-json\/wp\/v2\/product"}],"about":[{"href":"https:\/\/nbg.eu\/mt\/wp-json\/wp\/v2\/types\/product"}],"wp:featuredmedia":[{"embeddable":true,"href":"https:\/\/nbg.eu\/mt\/wp-json\/wp\/v2\/media\/23783"}],"wp:attachment":[{"href":"https:\/\/nbg.eu\/mt\/wp-json\/wp\/v2\/media?parent=689343"}],"wp:term":[{"taxonomy":"product_brand","embeddable":true,"href":"https:\/\/nbg.eu\/mt\/wp-json\/wp\/v2\/product_brand?post=689343"},{"taxonomy":"product_cat","embeddable":true,"href":"https:\/\/nbg.eu\/mt\/wp-json\/wp\/v2\/product_cat?post=689343"},{"taxonomy":"product_tag","embeddable":true,"href":"https:\/\/nbg.eu\/mt\/wp-json\/wp\/v2\/product_tag?post=689343"}],"curies":[{"name":"wp","href":"https:\/\/api.w.org\/{rel}","templated":true}]}}