{"id":689394,"date":"2024-08-17T17:59:06","date_gmt":"2024-08-17T14:59:06","guid":{"rendered":"https:\/\/nbg.eu\/product\/extractor-spring-kmr-s\/"},"modified":"2026-04-16T18:09:17","modified_gmt":"2026-04-16T15:09:17","slug":"extractor-spring-kmr-s","status":"publish","type":"product","link":"https:\/\/nbg.eu\/mt\/product\/extractor-spring-kmr-s\/","title":{"rendered":"KMR Molla tal-Estrattur S"},"content":{"rendered":"<h2>Extractor Spring KMR S: Ma\u0127dum b&#8217;pre\u010bi\u017cjoni g\u0127all-Prestazzjoni Ottimali tal-Arma<\/h2>\n<p>L-Extractor Spring hija komponent ma\u0127dum b&#8217;attenzjoni li hija ma\u0127duma biex ti\u017cgura prestazzjoni u affidabilit\u00e0 e\u010b\u010bezzjonali f&#8217;varjet\u00e0 ta&#8217; sistemi tal-armi KMR.<\/p>\n<p>Ma\u0127duma b&#8217;mod pre\u010bi\u017c u b&#8217;durabilit\u00e0 f&#8217;mo\u0127\u0127hom, din il-spring g\u0127andha rwol kru\u010bjali fl-operat smoother u affidabbli ta&#8217; dawn is-sistemi tal-armi avvanzati. Id-disinn tag\u0127ha kkalibrat b&#8217;attenzjoni ji\u017cgura estrattazzjoni konsistenti u affidabbli, li jippermetti lill-utenti li jaffdaw l-g\u0127odda tag\u0127hom f&#8217;sitwazzjonijiet l-aktar e\u017ci\u0121enti.<\/p>\n<p>G\u0127al Armi KMR:<\/p>\n<p>KMR S-01 LANCE (OR)<\/p>\n<p>KMR S-02 10 (OR) SR ADA<\/p>\n<p>KMR S-02 75 (OR) SR ADA<\/p>\n<p>KMR S-02 FROM 2024<\/p>\n<p>KMR S-02 SH1 (OR) SR ADA<\/p>\n<p>KMR S-02 SH2 (OR) SR ADA<\/p>\n<p>KMR S-02 TS (OR) SR ADA<\/p>\n<p>KMR S-02 UNTIL 2023<\/p>\n","protected":false},"excerpt":{"rendered":"<p>Xku\u017ca g\u0127all-eg\u0127luq ta&#8217; KMR varji, kompatibbli minn 2024.<\/p>\n","protected":false},"featured_media":24759,"template":"","meta":{"_acf_changed":false},"product_brand":[11500],"product_cat":[14126,14108],"product_tag":[],"class_list":{"0":"post-689394","1":"product","2":"type-product","3":"status-publish","4":"has-post-thumbnail","6":"product_brand-kmr-precision","7":"product_cat-molol","8":"product_cat-partijiet-kmr","10":"first","11":"instock","12":"taxable","13":"shipping-taxable","14":"product-type-simple"},"acf":[],"_links":{"self":[{"href":"https:\/\/nbg.eu\/mt\/wp-json\/wp\/v2\/product\/689394","targetHints":{"allow":["GET"]}}],"collection":[{"href":"https:\/\/nbg.eu\/mt\/wp-json\/wp\/v2\/product"}],"about":[{"href":"https:\/\/nbg.eu\/mt\/wp-json\/wp\/v2\/types\/product"}],"wp:featuredmedia":[{"embeddable":true,"href":"https:\/\/nbg.eu\/mt\/wp-json\/wp\/v2\/media\/24759"}],"wp:attachment":[{"href":"https:\/\/nbg.eu\/mt\/wp-json\/wp\/v2\/media?parent=689394"}],"wp:term":[{"taxonomy":"product_brand","embeddable":true,"href":"https:\/\/nbg.eu\/mt\/wp-json\/wp\/v2\/product_brand?post=689394"},{"taxonomy":"product_cat","embeddable":true,"href":"https:\/\/nbg.eu\/mt\/wp-json\/wp\/v2\/product_cat?post=689394"},{"taxonomy":"product_tag","embeddable":true,"href":"https:\/\/nbg.eu\/mt\/wp-json\/wp\/v2\/product_tag?post=689394"}],"curies":[{"name":"wp","href":"https:\/\/api.w.org\/{rel}","templated":true}]}}