{"id":689423,"date":"2024-09-18T13:09:26","date_gmt":"2024-09-18T10:09:26","guid":{"rendered":"https:\/\/nbg.eu\/product\/extractor-spring-or-kmr\/"},"modified":"2026-05-13T16:02:17","modified_gmt":"2026-05-13T13:02:17","slug":"extractor-spring-or-kmr","status":"publish","type":"product","link":"https:\/\/nbg.eu\/mt\/product\/extractor-spring-or-kmr\/","title":{"rendered":"KMR Molla tal-Estrattur OR"},"content":{"rendered":"<h2>EXTRACTOR SPRING OR KMR<\/h2>\n<p>Mag\u0127mul minn materjali ta&#8217; kwalit\u00e0 g\u0127olja u in\u0121inerizzat biex jirre\u017cisti t-talbiet tal-u\u017cu intensiv, din il-spring tipprovdi t-tensjoni u r-responsivit\u00e0 me\u0127tie\u0121a biex i\u017c\u017comm il-mekkanika tal-estratur tal-arma tieg\u0127ek topera b&#8217;mod bla xkiel. Sew jekk qed tipparte\u010bipa f&#8217;avvenimenti ta&#8217; sparar kompetittivi, qed ting\u0127aqad fit-ta\u0127ri\u0121 tattiku, jew qed tiddependi fuq il-KMR tieg\u0127ek g\u0127ad-difi\u017ca personali, din il-kaxxa tal-bidu ta&#8217; sostituzzjoni ti\u017cgura l-operat bla xkiel u affidabbli, darba wara l-o\u0127ra.<\/p>\n<p>L-a\u0121\u0121ornament jew is-sostituzzjoni tal-primavera tieg\u0127ek hija pro\u010bess sempli\u010bi u bla komplikazzjonijiet, li jippermettilek i\u017c\u017comm il-prestazzjoni massima tal-KMR tieg\u0127ek u testendi l-\u0127ajja tas-servizz tieg\u0127u. B&#8217;bu\u017c\u017cieqa pre\u010bi\u017ca u installazzjoni fa\u010bli, tista&#8217; tfejjaq l-arma tieg\u0127ek lura fl-azzjoni b&#8217;downtime minimu, biex ti\u017cgura li tkun dejjem lest g\u0127all-isfida li jmiss.<\/p>\n<p>G\u0127al Armi KMR:<\/p>\n<p>KMR L-02 EMIQ (OR)<\/p>\n<p>KMR L-02 SPECTRA MINN 2024<\/p>\n<p>KMR L-02 SPECTRA SAR 2023<\/p>\n<p>KMR L-02 UMBRA (OR) SR<\/p>\n<p>KMR W-02 CUDA (OR)<\/p>\n<p>KMR W-02 UMBRA (OR)<\/p>\n","protected":false},"excerpt":{"rendered":"<p>\u017b\u017cew\u0121 primarji tar-rifjut tal-estrazzjoni g\u0127al armi KMR L-02 u KMR W-02.<\/p>\n","protected":false},"featured_media":24782,"template":"","meta":{"_acf_changed":false},"product_brand":[11500],"product_cat":[14126,14108],"product_tag":[],"class_list":{"0":"post-689423","1":"product","2":"type-product","3":"status-publish","4":"has-post-thumbnail","6":"product_brand-kmr-precision","7":"product_cat-molol","8":"product_cat-partijiet-kmr","10":"first","11":"instock","12":"taxable","13":"shipping-taxable","14":"product-type-simple"},"acf":[],"_links":{"self":[{"href":"https:\/\/nbg.eu\/mt\/wp-json\/wp\/v2\/product\/689423","targetHints":{"allow":["GET"]}}],"collection":[{"href":"https:\/\/nbg.eu\/mt\/wp-json\/wp\/v2\/product"}],"about":[{"href":"https:\/\/nbg.eu\/mt\/wp-json\/wp\/v2\/types\/product"}],"wp:featuredmedia":[{"embeddable":true,"href":"https:\/\/nbg.eu\/mt\/wp-json\/wp\/v2\/media\/24782"}],"wp:attachment":[{"href":"https:\/\/nbg.eu\/mt\/wp-json\/wp\/v2\/media?parent=689423"}],"wp:term":[{"taxonomy":"product_brand","embeddable":true,"href":"https:\/\/nbg.eu\/mt\/wp-json\/wp\/v2\/product_brand?post=689423"},{"taxonomy":"product_cat","embeddable":true,"href":"https:\/\/nbg.eu\/mt\/wp-json\/wp\/v2\/product_cat?post=689423"},{"taxonomy":"product_tag","embeddable":true,"href":"https:\/\/nbg.eu\/mt\/wp-json\/wp\/v2\/product_tag?post=689423"}],"curies":[{"name":"wp","href":"https:\/\/api.w.org\/{rel}","templated":true}]}}