{"id":689442,"date":"2024-08-17T15:26:35","date_gmt":"2024-08-17T12:26:35","guid":{"rendered":"https:\/\/nbg.eu\/product\/fiber-optic-front-sight-kmr-625xd1x3-red\/"},"modified":"2026-05-13T16:03:18","modified_gmt":"2026-05-13T13:03:18","slug":"fiber-optic-front-sight-kmr-625xd1x3-red","status":"publish","type":"product","link":"https:\/\/nbg.eu\/mt\/product\/fiber-optic-front-sight-kmr-625xd1x3-red\/","title":{"rendered":"KMR Mira ta&#8217; Quddiem Fibra Ottika 6.25xD1x3 A\u0127mar"},"content":{"rendered":"<h2>Itjie\u0127ed is-Sinjal tal-Arma tieg\u0127ek bil-FIBER OPTIC FRONT SIGHT KMR 6,25xD1x3 RED<\/h2>\n<p>Id-dimensjonijiet tas-sinjal ta&#8217; 6.25 x D1 x 3 jag\u0127mluh l-g\u0127a\u017cla perfetta g\u0127all-arma tieg\u0127ek, u jipprovdu integrazzjoni seamless ming\u0127ajr ma jikkomprometti d-disinn \u0121enerali. Il-kostruzzjoni soda u l-materjali li jdumu li ntu\u017caw fil-manifattura tieg\u0127u ji\u017cguraw prestazzjoni li tdum fit-tul, anke f&#8217;ambjenti e\u017ci\u0121enti.<\/p>\n<p>Sew jekk inti impenjat f&#8217;operazzjonijiet tattici, sparar kompetittiv, jew u\u017cu rikreattiv, is-SINJAL FRONTALI tal-fiber optic se jg\u0127olli l-kapa\u010bitajiet tas-sinjalar tieg\u0127ek u jattek l-vanta\u0121\u0121 li te\u0127tie\u0121. E\u0127dem fuq dan l-a\u010b\u010bessorju affidabbli u ta&#8217; kwalit\u00e0 g\u0127olja biex itejjeb il-pre\u010bi\u017cjoni u l-pre\u010bi\u017cjoni tal-arma tieg\u0127ek.<\/p>\n<p>G\u0127al Armi KMR:<\/p>\n<p>KMR L-02 ORCA SAR L-2023<\/p>\n<p>KMR W-02 UMBRA<\/p>\n<p>Referenza: 0501-04605-0001<\/p>\n","protected":false},"excerpt":{"rendered":"<p>Vi\u017cta tal-quddiem ta&#8217; fibra ottika g\u0127al armi KMR, 6.25xD1x3, \u0127amra.<\/p>\n","protected":false},"featured_media":24136,"template":"","meta":{"_acf_changed":false},"product_brand":[11500],"product_cat":[14108],"product_tag":[],"class_list":{"0":"post-689442","1":"product","2":"type-product","3":"status-publish","4":"has-post-thumbnail","6":"product_brand-kmr-precision","7":"product_cat-partijiet-kmr","9":"first","10":"instock","11":"taxable","12":"shipping-taxable","13":"product-type-simple"},"acf":[],"_links":{"self":[{"href":"https:\/\/nbg.eu\/mt\/wp-json\/wp\/v2\/product\/689442","targetHints":{"allow":["GET"]}}],"collection":[{"href":"https:\/\/nbg.eu\/mt\/wp-json\/wp\/v2\/product"}],"about":[{"href":"https:\/\/nbg.eu\/mt\/wp-json\/wp\/v2\/types\/product"}],"wp:featuredmedia":[{"embeddable":true,"href":"https:\/\/nbg.eu\/mt\/wp-json\/wp\/v2\/media\/24136"}],"wp:attachment":[{"href":"https:\/\/nbg.eu\/mt\/wp-json\/wp\/v2\/media?parent=689442"}],"wp:term":[{"taxonomy":"product_brand","embeddable":true,"href":"https:\/\/nbg.eu\/mt\/wp-json\/wp\/v2\/product_brand?post=689442"},{"taxonomy":"product_cat","embeddable":true,"href":"https:\/\/nbg.eu\/mt\/wp-json\/wp\/v2\/product_cat?post=689442"},{"taxonomy":"product_tag","embeddable":true,"href":"https:\/\/nbg.eu\/mt\/wp-json\/wp\/v2\/product_tag?post=689442"}],"curies":[{"name":"wp","href":"https:\/\/api.w.org\/{rel}","templated":true}]}}