{"id":689738,"date":"2024-08-17T15:11:05","date_gmt":"2024-08-17T12:11:05","guid":{"rendered":"https:\/\/nbg.eu\/product\/firing-pin-3x16-kmr\/"},"modified":"2026-05-13T16:02:51","modified_gmt":"2026-05-13T13:02:51","slug":"firing-pin-3x16-kmr","status":"publish","type":"product","link":"https:\/\/nbg.eu\/mt\/product\/firing-pin-3x16-kmr\/","title":{"rendered":"KMR Pin ta&#8217; \u017bamma tal-Pin tan-Nar 3&#215;16 S-02"},"content":{"rendered":"<h2>Pinna tal-\u0126ruq 3X16 KMR: Affidabbilt\u00e0 tal-\u0126ruq Mibnija g\u0127all-Kompetizzjoni tal-I\u017cbir<\/h2>\n<p>Imfassla g\u0127all-esi\u0121enzi tal-kompetizzjoni tal-i\u017cbir, il-Pinna tal-\u0126ruq 3X16 KMR tag\u0127ti affidabbilt\u00e0 tal-\u0127ruq u re\u017cistenza ta&#8217; impatt bla kompromess. Ma\u0127dumin b&#8217;mod pre\u010bi\u017c g\u0127ad-dimensjonijiet ta&#8217; 3x16mm minn azzar mg\u0127arrex ta&#8217; grad g\u0127oli, din il-pinna tal-\u0127ruq hija ma\u0127duma biex i\u0121\u0121arr l-istressi ripetuti mekkani\u010bi tal-\u0127ruq rapidu ming\u0127ajr deformazzjoni jew kiser tat-tarf.<\/p>\n<p>Daqtiet fuq il-primer \u010bentrali u konsistenti jipprevjenu daqtiet \u0127fief jew nuqqasijiet tal-\u0127ruq, u ji\u017cguraw \u0127ruq affidabbli ma&#8217; kull tir. Il-kostruzzjoni robusta u t-tolleranzi pre\u010bi\u017ci tal-Pinna tal-\u0126ruq 3X16 KMR jag\u0127mluha a\u0121\u0121ornament essenzjali g\u0127all-i\u017cbierers kompetittivi serji li qed ifittxu li j\u017cidu l-prestazzjoni tag\u0127hom u jeliminaw l-\u0127sarat.<\/p>\n<p>Sew jekk tkun qed tiffa\u010b\u010bja l-isfidi ta&#8217; kompetizzjoni ta&#8217; 3 armi jew tkun qed timbotta l-limiti tal-kapa\u010bitajiet tal-pistola KMR tieg\u0127ek, il-Pinna tal-\u0126ruq 3X16 KMR tipprovdi l-\u0127ruq affidabbli u d-durabbilt\u00e0 li tdum li g\u0127andek b\u017conn biex tirnexxi. A\u0121\u0121orna l-KMR tieg\u0127ek illum u esperjenza d-differenza li l-in\u0121inerija pre\u010bi\u017ca tista&#8217; tag\u0127mel.<\/p>\n","protected":false},"excerpt":{"rendered":"<p>Pinna tal-isparar tal-azzar ta&#8217; 3x16mm ta&#8217; pre\u010bi\u017cjoni, ma\u0127duma g\u0127al affidabbilt\u00e0 tal-ixg\u0127il u re\u017cistenza g\u0127all-impatt fil-pistoli KMR.<\/p>\n","protected":false},"featured_media":23998,"template":"","meta":{"_acf_changed":false},"product_brand":[11500],"product_cat":[14773,14108],"product_tag":[],"class_list":{"0":"post-689738","1":"product","2":"type-product","3":"status-publish","4":"has-post-thumbnail","6":"product_brand-kmr-precision","7":"product_cat-labriet-tal-isparar","8":"product_cat-partijiet-kmr","10":"first","11":"instock","12":"taxable","13":"shipping-taxable","14":"product-type-simple"},"acf":[],"_links":{"self":[{"href":"https:\/\/nbg.eu\/mt\/wp-json\/wp\/v2\/product\/689738","targetHints":{"allow":["GET"]}}],"collection":[{"href":"https:\/\/nbg.eu\/mt\/wp-json\/wp\/v2\/product"}],"about":[{"href":"https:\/\/nbg.eu\/mt\/wp-json\/wp\/v2\/types\/product"}],"wp:featuredmedia":[{"embeddable":true,"href":"https:\/\/nbg.eu\/mt\/wp-json\/wp\/v2\/media\/23998"}],"wp:attachment":[{"href":"https:\/\/nbg.eu\/mt\/wp-json\/wp\/v2\/media?parent=689738"}],"wp:term":[{"taxonomy":"product_brand","embeddable":true,"href":"https:\/\/nbg.eu\/mt\/wp-json\/wp\/v2\/product_brand?post=689738"},{"taxonomy":"product_cat","embeddable":true,"href":"https:\/\/nbg.eu\/mt\/wp-json\/wp\/v2\/product_cat?post=689738"},{"taxonomy":"product_tag","embeddable":true,"href":"https:\/\/nbg.eu\/mt\/wp-json\/wp\/v2\/product_tag?post=689738"}],"curies":[{"name":"wp","href":"https:\/\/api.w.org\/{rel}","templated":true}]}}