{"id":689770,"date":"2024-08-17T18:12:25","date_gmt":"2024-08-17T15:12:25","guid":{"rendered":"https:\/\/nbg.eu\/product\/firing-pin-spring-kmr-s\/"},"modified":"2026-04-16T18:08:57","modified_gmt":"2026-04-16T15:08:57","slug":"firing-pin-spring-kmr-s","status":"publish","type":"product","link":"https:\/\/nbg.eu\/mt\/product\/firing-pin-spring-kmr-s\/","title":{"rendered":"KMR Molla tal-Pin tan-Nar S"},"content":{"rendered":"<h2>Firing Pin Spring KMR S<\/h2>\n<p>Il-Firing Pin Spring KMR S hija sostituzzjoni ta&#8217; kwalit\u00e0 g\u0127olja ta&#8217; spring ma\u0127suba g\u0127al varjet\u00e0 ta&#8217; sistemi ta&#8217; armi KMR<\/p>\n<p>Manifatturati b&#8217;pre\u010bi\u017cjoni u attenzjoni g\u0127ad-dettall, dan is-spring tal-firing pin ji\u017cgura prestazzjoni affidabbli u konsistenti fis-sistema tal-arma KMR tieg\u0127ek. Il-kostruzzjoni tad-durabbilt\u00e0 u l-materjali ta&#8217; kwalit\u00e0 g\u0127olja jag\u0127mluh g\u0127a\u017cla ta&#8217; sostituzzjoni li tdum fit-tul g\u0127all-manutenzjoni tal-funzjoni ottimali tal-arma tan-nar tieg\u0127ek.<\/p>\n<p>Sew jekk inti marksman professjonista jew entu\u017cjast appassjonat, dan l-pin huwa a\u010b\u010bessorju essenzjali biex i\u017c\u017comm l-arma KMR tieg\u0127ek topera fl-a\u0127jar mod. A\u0121\u0121orna l-arma tan-nar tieg\u0127ek b&#8217;dan il-komponent affidabbli u dipendenti u esperjenza d-differenza fil-prestazzjoni tas-shooting tieg\u0127ek.<\/p>\n<p>G\u0127al Armi KMR:<\/p>\n<p>KMR S-01 LANCE (OR)<\/p>\n<p>KMR S-02 10 (OR) SR ADA<\/p>\n<p>KMR S-02 75 (OR) SR ADA<\/p>\n<p>KMR S-02 MINN 2024<\/p>\n<p>KMR S-02 SH1 (OR) SR ADA<\/p>\n<p>KMR S-02 SH2 (OR) SR ADA<\/p>\n<p>KMR S-02 TS (OR) SR ADA<\/p>\n<p>KMR S-02 SA 2023<\/p>\n","protected":false},"excerpt":{"rendered":"<p>\u017brar tal-Pinna tal-Nar KMR S &#8211; g\u0127al KMR S-01, KMR S-02, u varjanti.<\/p>\n","protected":false},"featured_media":24972,"template":"","meta":{"_acf_changed":false},"product_brand":[11500],"product_cat":[14126,14108],"product_tag":[],"class_list":{"0":"post-689770","1":"product","2":"type-product","3":"status-publish","4":"has-post-thumbnail","6":"product_brand-kmr-precision","7":"product_cat-molol","8":"product_cat-partijiet-kmr","10":"first","11":"instock","12":"taxable","13":"shipping-taxable","14":"product-type-simple"},"acf":[],"_links":{"self":[{"href":"https:\/\/nbg.eu\/mt\/wp-json\/wp\/v2\/product\/689770","targetHints":{"allow":["GET"]}}],"collection":[{"href":"https:\/\/nbg.eu\/mt\/wp-json\/wp\/v2\/product"}],"about":[{"href":"https:\/\/nbg.eu\/mt\/wp-json\/wp\/v2\/types\/product"}],"wp:featuredmedia":[{"embeddable":true,"href":"https:\/\/nbg.eu\/mt\/wp-json\/wp\/v2\/media\/24972"}],"wp:attachment":[{"href":"https:\/\/nbg.eu\/mt\/wp-json\/wp\/v2\/media?parent=689770"}],"wp:term":[{"taxonomy":"product_brand","embeddable":true,"href":"https:\/\/nbg.eu\/mt\/wp-json\/wp\/v2\/product_brand?post=689770"},{"taxonomy":"product_cat","embeddable":true,"href":"https:\/\/nbg.eu\/mt\/wp-json\/wp\/v2\/product_cat?post=689770"},{"taxonomy":"product_tag","embeddable":true,"href":"https:\/\/nbg.eu\/mt\/wp-json\/wp\/v2\/product_tag?post=689770"}],"curies":[{"name":"wp","href":"https:\/\/api.w.org\/{rel}","templated":true}]}}