{"id":689785,"date":"2024-08-18T11:10:20","date_gmt":"2024-08-18T08:10:20","guid":{"rendered":"https:\/\/nbg.eu\/product\/firing-pin-screw-m4x5-din-913-kmr\/"},"modified":"2026-04-16T18:08:42","modified_gmt":"2026-04-16T15:08:42","slug":"firing-pin-screw-m4x5-din-913-kmr","status":"publish","type":"product","link":"https:\/\/nbg.eu\/mt\/product\/firing-pin-screw-m4x5-din-913-kmr\/","title":{"rendered":"KMR Vit tal-Pin tan-Nar M4x5 DIN 913"},"content":{"rendered":"<h2>Pintal Tapp M4X5 Din 913 KMR<\/h2>\n<p>Im\u0127ejji b&#8217;pre\u010bi\u017cjoni g\u0127al spe\u010bifikazzjonijiet e\u017catti, il-Pintal Tapp M4X5 Din 913 KMR hija manifatturata minn materjali ta&#8217; kwalit\u00e0 g\u0127olja biex tiffa\u010b\u010bja l-sfidi tal-u\u017cu e\u017ci\u0121enti. Id-dimensjonijiet ta&#8217; M4 x 5 mm u l-konfigurazzjoni ta&#8217; DIN 913 jag\u0127mluha adatta g\u0127all-mudelli ta&#8217; arma KMR indikata, li jipprovdu punt ta&#8217; konnessjoni sigur u affidabbli g\u0127all-mekkani\u017cmu tal-\u0121ebla tal-nar.<\/p>\n<p>Sew jekk qed ti\u017c\u017comm, tissewwi jew tnaqqax is-sistema tal-arma KMR tieg\u0127ek, il-Pintal Tapp M4X5 Din 913 KMR hija komponent essenzjali li g\u0127andek i\u017c\u017comm fuq il-\u0127in. Il-kwalit\u00e0 tag\u0127ha u d-disinn imfassal b&#8217;mod pre\u010bi\u017c ji\u017cguraw prestazzjoni konsistenti u affidabbli, li jikkontribwixxi g\u0127all-affidabbilt\u00e0 u l-effettivit\u00e0 \u0121enerali tal-arma tieg\u0127ek.<\/p>\n<\/p>\n<p>G\u0127al Armamenti KMR:<\/p>\n<\/p>\n<p>KMR S-01 LANCE (OR)<\/p>\n<\/p>\n<p>KMR S-02 10 (OR) SR ADA<\/p>\n<\/p>\n<p>KMR S-02 75 (OR) SR ADA<\/p>\n<\/p>\n<p>KMR S-02 MINN 2024<\/p>\n<\/p>\n<p>KMR S-02 SH1 (OR) SR ADA<\/p>\n<\/p>\n<p>KMR S-02 SH2 (OR) SR ADA<\/p>\n<\/p>\n<p>KMR S-02 TS (OR) SR ADA<\/p>\n<\/p>\n<p>KMR S-02 SAR 2023<\/p>\n","protected":false},"excerpt":{"rendered":"<p>Viti tal-Pinnijiet tal-\u0126ruq M4X5 Din 913 g\u0127all-mudelli KMR.<\/p>\n","protected":false},"featured_media":25341,"template":"","meta":{"_acf_changed":false},"product_brand":[11500],"product_cat":[14773,14108],"product_tag":[],"class_list":{"0":"post-689785","1":"product","2":"type-product","3":"status-publish","4":"has-post-thumbnail","6":"product_brand-kmr-precision","7":"product_cat-labriet-tal-isparar","8":"product_cat-partijiet-kmr","10":"first","11":"instock","12":"taxable","13":"shipping-taxable","14":"product-type-simple"},"acf":[],"_links":{"self":[{"href":"https:\/\/nbg.eu\/mt\/wp-json\/wp\/v2\/product\/689785","targetHints":{"allow":["GET"]}}],"collection":[{"href":"https:\/\/nbg.eu\/mt\/wp-json\/wp\/v2\/product"}],"about":[{"href":"https:\/\/nbg.eu\/mt\/wp-json\/wp\/v2\/types\/product"}],"wp:featuredmedia":[{"embeddable":true,"href":"https:\/\/nbg.eu\/mt\/wp-json\/wp\/v2\/media\/25341"}],"wp:attachment":[{"href":"https:\/\/nbg.eu\/mt\/wp-json\/wp\/v2\/media?parent=689785"}],"wp:term":[{"taxonomy":"product_brand","embeddable":true,"href":"https:\/\/nbg.eu\/mt\/wp-json\/wp\/v2\/product_brand?post=689785"},{"taxonomy":"product_cat","embeddable":true,"href":"https:\/\/nbg.eu\/mt\/wp-json\/wp\/v2\/product_cat?post=689785"},{"taxonomy":"product_tag","embeddable":true,"href":"https:\/\/nbg.eu\/mt\/wp-json\/wp\/v2\/product_tag?post=689785"}],"curies":[{"name":"wp","href":"https:\/\/api.w.org\/{rel}","templated":true}]}}