{"id":689996,"date":"2024-08-24T16:34:19","date_gmt":"2024-08-24T13:34:19","guid":{"rendered":"https:\/\/nbg.eu\/product\/flex-holster-right-hand-color-inlays\/"},"modified":"2025-12-28T21:30:48","modified_gmt":"2025-12-28T18:30:48","slug":"flex-holster-right-hand-color-inlays","status":"publish","type":"product","link":"https:\/\/nbg.eu\/mt\/product\/flex-holster-right-hand-color-inlays\/","title":{"rendered":"Flex Holster Right Hand Color Inlays"},"content":{"rendered":"<div class=\"product-description\">\n<h2>Flex Holster Right Hand Color Inlays<\/h2>\n<p>Ikkustomizza l-Flex Holster tieg\u0127ek tal-Lemin bil-logo inlays tal-plastik li huma ma\u0127ru\u0121a b&#8217;pre\u010bi\u017cjoni bil-laser tag\u0127na. Dawn l-a\u010b\u010benti tal-kulur vibrant i\u017cidu touch personali g\u0127all-holster tieg\u0127ek filwaqt li j\u017commu d-disinn eleganti tieg\u0127u.<\/p>\n<ul>\n<li>Installazzjoni fa\u010bli b&#8217;nastru 3M mi\u0121bud qabel<\/li>\n<li>Jistg\u0127u jitne\u0127\u0127ew u jinbidlu g\u0127al bidliet tal-kulur fil-\u0121ejjieni<\/li>\n<li>Film protettiv trasparenti inkluz (jista&#8217; jitne\u0127\u0127a g\u0127all-a\u0127jar dehra)<\/li>\n<li>Imfassal spe\u010bifikament g\u0127all-korp tal-holster Flex tal-Lemin<\/li>\n<\/ul>\n<p><strong>Nota:<\/strong> Filwaqt li l-inlays jistg\u0127u jitne\u0127\u0127ew u ji\u0121u sostitwiti, jekk jog\u0127\u0121bok kun konxju li l-inlay ori\u0121inali tista&#8217; tinkiser waqt it-tne\u0127\u0127ija. E\u017cer\u010bita kawtela meta tbiddel il-kuluri biex ti\u017cgura tran\u017cizzjoni smoothe.<\/p>\n<p>Og\u0127la l-istil tal-holster tieg\u0127ek b&#8217;dawn l-inlays tal-kulur li jqabbdu l-attenzjoni llum stess!<\/p>\n<\/div>\n","protected":false},"excerpt":{"rendered":"<p>Inlijar tal-kulur personalizzat g\u0127al hastri Flex tal-id il-leminija. Fa\u010bli biex tinstalla.<\/p>\n","protected":false},"featured_media":29657,"template":"","meta":{"_acf_changed":false},"product_brand":[11279],"product_cat":[14139,14145,14166],"product_tag":[],"class_list":{"0":"post-689996","1":"product","2":"type-product","3":"status-publish","4":"has-post-thumbnail","6":"product_brand-doublealpha","7":"product_cat-accessorji-gall-holster","8":"product_cat-holster-sportiv","9":"product_cat-tagmir","11":"first","12":"instock","13":"taxable","14":"shipping-taxable","15":"purchasable","16":"product-type-variable","17":"wvs-archive-product-wrapper"},"acf":[],"_links":{"self":[{"href":"https:\/\/nbg.eu\/mt\/wp-json\/wp\/v2\/product\/689996","targetHints":{"allow":["GET"]}}],"collection":[{"href":"https:\/\/nbg.eu\/mt\/wp-json\/wp\/v2\/product"}],"about":[{"href":"https:\/\/nbg.eu\/mt\/wp-json\/wp\/v2\/types\/product"}],"wp:featuredmedia":[{"embeddable":true,"href":"https:\/\/nbg.eu\/mt\/wp-json\/wp\/v2\/media\/29657"}],"wp:attachment":[{"href":"https:\/\/nbg.eu\/mt\/wp-json\/wp\/v2\/media?parent=689996"}],"wp:term":[{"taxonomy":"product_brand","embeddable":true,"href":"https:\/\/nbg.eu\/mt\/wp-json\/wp\/v2\/product_brand?post=689996"},{"taxonomy":"product_cat","embeddable":true,"href":"https:\/\/nbg.eu\/mt\/wp-json\/wp\/v2\/product_cat?post=689996"},{"taxonomy":"product_tag","embeddable":true,"href":"https:\/\/nbg.eu\/mt\/wp-json\/wp\/v2\/product_tag?post=689996"}],"curies":[{"name":"wp","href":"https:\/\/api.w.org\/{rel}","templated":true}]}}