{"id":690532,"date":"2024-08-18T11:12:46","date_gmt":"2024-08-18T08:12:46","guid":{"rendered":"https:\/\/nbg.eu\/product\/front-sight-screw-m3x3-din-914-kmr\/"},"modified":"2026-04-16T18:08:31","modified_gmt":"2026-04-16T15:08:31","slug":"front-sight-screw-m3x3-din-914-kmr","status":"publish","type":"product","link":"https:\/\/nbg.eu\/mt\/product\/front-sight-screw-m3x3-din-914-kmr\/","title":{"rendered":"KMR Vit tal-Mira ta&#8217; Quddiem M3x3 DIN 914"},"content":{"rendered":"<h2>Front Sight Screw M3X3 Din 914 KMR<\/h2>\n<p>Ag\u0127mel a\u0121\u0121ornament fil-prestazzjoni tal-arma tieg\u0127ek bl-Front Sight Screw M3X3 Din 914 KMR. Imfassal g\u0127all-kompatibbilt\u00e0 ma&#8217; firxa wiesg\u0127a ta&#8217; mudelli KMR, dan l-iskreww ji\u017cgura l-qbil sikur u pre\u010bi\u017c, itejjeb l-istabbilt\u00e0 u l-pre\u010bi\u017cjoni tal-arma tan-nar tieg\u0127ek. Mag\u0127mul minn materjali ta&#8217; kwalit\u00e0 g\u0127olja, il-Front Sight Screw M3X3 Din 914 KMR hija ma\u0127duma biex i\u017c\u017comm mal-\u0127ti\u0121ijiet ta&#8217; ambjenti tattijiet u kompetittivi tas-shooting.<\/p>\n<p>G\u0127al Armi KMR:<\/p>\n<p>KMR L-02 EMIQ (OR)<\/p>\n<p>KMR L-02 ORCA MI\u017b-2024<\/p>\n<p>KMR L-02 ORCA SAR-2023<\/p>\n<p>KMR L-02 SPECTRA MI\u017b-2024<\/p>\n<p>KMR L-02 SPECTRA SAR-2023<\/p>\n<p>KMR L-02 UMBRA (OR) SR<\/p>\n<p>KMR S-01 LANCE (OR)<\/p>\n<p>KMR S-02 10 (OR) SR ADA<\/p>\n<p>KMR S-02 75 (OR) SR ADA<\/p>\n<p>KMR S-02 MI\u017b-2024<\/p>\n<p>KMR S-02 SH1 (OR) SR ADA<\/p>\n<p>KMR S-02 SH2 (OR) SR ADA<\/p>\n<p>KMR S-02 TS (OR) SR ADA<\/p>\n<p>KMR S-02 SAR-2023<\/p>\n<p>KMR W-02 CUDA (OR)<\/p>\n<p>KMR W-02 UMBRA<\/p>\n<p>KMR W-02 UMBRA (OR)<\/p>\n","protected":false},"excerpt":{"rendered":"<p>Xifer tal-Vista ta &#8216;Quddiem M3X3 Din 914 Modelli tal-Arma KMR.<\/p>\n","protected":false},"featured_media":25410,"template":"","meta":{"_acf_changed":false},"product_brand":[11500],"product_cat":[14108],"product_tag":[],"class_list":{"0":"post-690532","1":"product","2":"type-product","3":"status-publish","4":"has-post-thumbnail","6":"product_brand-kmr-precision","7":"product_cat-partijiet-kmr","9":"first","10":"instock","11":"taxable","12":"shipping-taxable","13":"product-type-simple"},"acf":[],"_links":{"self":[{"href":"https:\/\/nbg.eu\/mt\/wp-json\/wp\/v2\/product\/690532","targetHints":{"allow":["GET"]}}],"collection":[{"href":"https:\/\/nbg.eu\/mt\/wp-json\/wp\/v2\/product"}],"about":[{"href":"https:\/\/nbg.eu\/mt\/wp-json\/wp\/v2\/types\/product"}],"wp:featuredmedia":[{"embeddable":true,"href":"https:\/\/nbg.eu\/mt\/wp-json\/wp\/v2\/media\/25410"}],"wp:attachment":[{"href":"https:\/\/nbg.eu\/mt\/wp-json\/wp\/v2\/media?parent=690532"}],"wp:term":[{"taxonomy":"product_brand","embeddable":true,"href":"https:\/\/nbg.eu\/mt\/wp-json\/wp\/v2\/product_brand?post=690532"},{"taxonomy":"product_cat","embeddable":true,"href":"https:\/\/nbg.eu\/mt\/wp-json\/wp\/v2\/product_cat?post=690532"},{"taxonomy":"product_tag","embeddable":true,"href":"https:\/\/nbg.eu\/mt\/wp-json\/wp\/v2\/product_tag?post=690532"}],"curies":[{"name":"wp","href":"https:\/\/api.w.org\/{rel}","templated":true}]}}