{"id":690544,"date":"2025-08-20T18:30:18","date_gmt":"2025-08-20T15:30:18","guid":{"rendered":"https:\/\/nbg.eu\/product\/german-tactical-systems-adjustable-ak-rear-sight\/"},"modified":"2026-05-13T16:48:56","modified_gmt":"2026-05-13T13:48:56","slug":"german-tactical-systems-adjustable-ak-rear-sight","status":"publish","type":"product","link":"https:\/\/nbg.eu\/mt\/product\/german-tactical-systems-adjustable-ak-rear-sight\/","title":{"rendered":"GERMAN TACTICAL SYSTEMS Adjustable AK Rear Sight"},"content":{"rendered":"<h2>GERMAN TACTICAL SYSTEMS A\u0121\u0121ustabbli AK Rear Sight<\/h2>\n<p>Eleva l-pre\u010bi\u017cjoni tal-pjattaforma AK tieg\u0127ek b&#8217;dan is-sight ta&#8217; wara mfassal b&#8217;pre\u010bi\u017cjoni. F&#8217;kuntrast mas-sights tradizzjonali tal-AK, dan id-disinn innovattiv joffri a\u0121\u0121ustamenti kemm g\u0127all-winded kif ukoll g\u0127all-elevazzjoni g\u0127al po\u017cizzjonament tas-shot bla paragun.<\/p>\n<ul>\n<li>A\u0121\u0121ustament doppju g\u0127all-winded u l-elevazzjoni<\/li>\n<li>Kostruzzjoni tal-azzar b&#8217;sa\u0127\u0127itha<\/li>\n<li>A\u0121\u0121ustamenti malajr ming\u0127ajr l-u\u017cu ta&#8217; g\u0127odod<\/li>\n<li>Kompatibbli mal-ma\u0121\u0121oranza tal-varjanti tal-AK<\/li>\n<li>Disinn b&#8217;livell baxx<\/li>\n<\/ul>\n<p>Perfett g\u0127all-kompetizzjonijiet tas-snipers, l-operaturi taktikali, u l-entu\u017cjasti tal-AK. Itejjeb il-prestazzjoni u l-estetika tal-AK tieg\u0127ek b&#8217;dan is-sight versatili u fa\u010bli biex jintu\u017ca. Kiseb pre\u010bi\u017cjoni superjuri f&#8217;kull kundizzjoni, mill-isparar tar-range g\u0127all-qasam.<\/p>\n","protected":false},"excerpt":{"rendered":"<p>Kangun reartal AK a\u0121\u0121ustabbi: Kontroll ta&#8217; \u017cew\u0121 direzzjonijiet u elevazzjoni, azzar sod.<\/p>\n","protected":false},"featured_media":471148,"template":"","meta":{"_acf_changed":false},"product_brand":[],"product_cat":[14158,14096,14119],"product_tag":[],"class_list":{"0":"post-690544","1":"product","2":"type-product","3":"status-publish","4":"has-post-thumbnail","6":"product_cat-rifle","7":"product_cat-tuning-ak","8":"product_cat-tuning-tar-rifle","10":"first","11":"outofstock","12":"taxable","13":"shipping-taxable","14":"purchasable","15":"product-type-simple"},"acf":[],"_links":{"self":[{"href":"https:\/\/nbg.eu\/mt\/wp-json\/wp\/v2\/product\/690544","targetHints":{"allow":["GET"]}}],"collection":[{"href":"https:\/\/nbg.eu\/mt\/wp-json\/wp\/v2\/product"}],"about":[{"href":"https:\/\/nbg.eu\/mt\/wp-json\/wp\/v2\/types\/product"}],"wp:featuredmedia":[{"embeddable":true,"href":"https:\/\/nbg.eu\/mt\/wp-json\/wp\/v2\/media\/471148"}],"wp:attachment":[{"href":"https:\/\/nbg.eu\/mt\/wp-json\/wp\/v2\/media?parent=690544"}],"wp:term":[{"taxonomy":"product_brand","embeddable":true,"href":"https:\/\/nbg.eu\/mt\/wp-json\/wp\/v2\/product_brand?post=690544"},{"taxonomy":"product_cat","embeddable":true,"href":"https:\/\/nbg.eu\/mt\/wp-json\/wp\/v2\/product_cat?post=690544"},{"taxonomy":"product_tag","embeddable":true,"href":"https:\/\/nbg.eu\/mt\/wp-json\/wp\/v2\/product_tag?post=690544"}],"curies":[{"name":"wp","href":"https:\/\/api.w.org\/{rel}","templated":true}]}}