{"id":690559,"date":"2024-11-27T10:37:53","date_gmt":"2024-11-27T07:37:53","guid":{"rendered":"https:\/\/nbg.eu\/product\/geissele-20-round-6mm-arc-magazine-black\/"},"modified":"2026-05-13T16:02:29","modified_gmt":"2026-05-13T13:02:29","slug":"geissele-20-round-6mm-arc-magazine-black","status":"publish","type":"product","link":"https:\/\/nbg.eu\/mt\/product\/geissele-20-round-6mm-arc-magazine-black\/","title":{"rendered":"Geissele Maga\u017cin 6mm ARC 20 Tiri &#8211; Black"},"content":{"rendered":"<h2>Geissele 20 round 6mm ARC Magazine \u2013 Iswed<\/h2>\n<p>Esperjenza durabbilt\u00e0 u affidabbilt\u00e0 bla titjib bi-Geissele 6mm ARC magazine. Ippre\u010bi\u017cati g\u0127all-kartrid\u0121 6mm ARC, dan il-magazine ta&#8217; 20-round jifra\u0127 kostruzzjoni ta&#8217; bi\u010b\u010ba wa\u0127da u saldatura bil-laser g\u0127al sa\u0127\u0127a superjuri.<\/p>\n<ul>\n<li>Korp tal-istainless steel 410 b&#8217;rivistiment nitride iswed<\/li>\n<li>Segwa\u010bi anti-tilt jiggarantixxi ja\u0127dem bla xkiel<\/li>\n<li>Disinn re\u017cistenti g\u0127all-korru\u017cjoni g\u0127al tul tal-\u0127ajja<\/li>\n<li>Ponta tal-istainless steel g\u0127al prestazzjoni konsistenti<\/li>\n<li>Tul totali: 6.1 pulzieri<\/li>\n<li>Mag\u0127mul bl-orgulju fl-Istati Uniti<\/li>\n<\/ul>\n<p>\u0126arre\u0121 l-esperjenza tieg\u0127ek ta&#8217; shooting b&#8217;impenn Geissele g\u0127all-kwalit\u00e0 u pre\u010bi\u017cjoni. Dan il-magazine huwa mag\u0127mul biex i\u0121arrab ir-rigoro\u017c ta&#8217; u\u017cu intensiv filwaqt li j\u017comm funzjonalit\u00e0 bla tebg\u0127a. Ag\u0127\u017cel Geissele g\u0127al prestazzjoni bla kompromess f&#8217;kull ronda.<\/p>\n","protected":false},"excerpt":{"rendered":"<p>Ma\u0121azin ta&#8217; 20 ronda 6mm ARC li jdumu. Anti-tilt, re\u017cistenti g\u0127all-korru\u017cjoni. Mag\u0127mul fl-Istati Uniti.<\/p>\n","protected":false},"featured_media":81848,"template":"","meta":{"_acf_changed":false},"product_brand":[11394],"product_cat":[14165,14158],"product_tag":[],"class_list":{"0":"post-690559","1":"product","2":"type-product","3":"status-publish","4":"has-post-thumbnail","6":"product_brand-geissele","7":"product_cat-magazines-tar-rifle","8":"product_cat-rifle","10":"first","11":"instock","12":"taxable","13":"shipping-taxable","14":"product-type-simple"},"acf":[],"_links":{"self":[{"href":"https:\/\/nbg.eu\/mt\/wp-json\/wp\/v2\/product\/690559","targetHints":{"allow":["GET"]}}],"collection":[{"href":"https:\/\/nbg.eu\/mt\/wp-json\/wp\/v2\/product"}],"about":[{"href":"https:\/\/nbg.eu\/mt\/wp-json\/wp\/v2\/types\/product"}],"wp:featuredmedia":[{"embeddable":true,"href":"https:\/\/nbg.eu\/mt\/wp-json\/wp\/v2\/media\/81848"}],"wp:attachment":[{"href":"https:\/\/nbg.eu\/mt\/wp-json\/wp\/v2\/media?parent=690559"}],"wp:term":[{"taxonomy":"product_brand","embeddable":true,"href":"https:\/\/nbg.eu\/mt\/wp-json\/wp\/v2\/product_brand?post=690559"},{"taxonomy":"product_cat","embeddable":true,"href":"https:\/\/nbg.eu\/mt\/wp-json\/wp\/v2\/product_cat?post=690559"},{"taxonomy":"product_tag","embeddable":true,"href":"https:\/\/nbg.eu\/mt\/wp-json\/wp\/v2\/product_tag?post=690559"}],"curies":[{"name":"wp","href":"https:\/\/api.w.org\/{rel}","templated":true}]}}