{"id":690604,"date":"2024-08-17T14:52:53","date_gmt":"2024-08-17T11:52:53","guid":{"rendered":"https:\/\/nbg.eu\/product\/fully-adjustable-sight-kmr-black-wide\/"},"modified":"2026-05-13T16:04:35","modified_gmt":"2026-05-13T13:04:35","slug":"fully-adjustable-sight-kmr-black-wide","status":"publish","type":"product","link":"https:\/\/nbg.eu\/mt\/product\/fully-adjustable-sight-kmr-black-wide\/","title":{"rendered":"KMR Mira Kompletament A\u0121\u0121ustabbli Iswed Wiesa&#8217;"},"content":{"rendered":"<h2>Sinjal A\u0121\u0121ustabbli Kompletament KMR Iswed-Wiesg\u0127a: Padronanza tal-Pre\u010bi\u017cjoni g\u0127all-Ispirar Kompetittivi<\/h2>\n<p>Is-Sinjal A\u0121\u0121ustabbli Kompletament KMR Iswed-Wiesg\u0127a hija l-a\u010b\u010bessorju definittiv g\u0127all-ispirar kompetittivi li jfittxu pre\u010bi\u017cjoni u versatilit\u00e0 bla tarbit. Imfassla b&#8217;enfasi fuq l-a\u0121\u0121ustament tal-eleva\/\u017cieda u l-akkwi\u017cizzjoni ta&#8217; mira ta&#8217; kontrast g\u0127oli, din is-sinjal toffri l-prestazzjoni li g\u0127andek b\u017conn biex iddominat ir-raba&#8217;.<\/p>\n<p>B&#8217;a\u0121\u0121ustament ta&#8217; klikk ta&#8217; mikrometru, il-KMR Iswed-Wiesg\u0127a jippermetti li zzeru l-punt tal-impatt pre\u010bi\u017cament g\u0127all-kargu u d-distanza spe\u010bifika tieg\u0127ek, li ji\u017cgura pre\u010bi\u017cjoni bla kompromessi. In-no\u010b\u010ba wiesg\u0127a tal-wara tipprovdi dehra tas-sinjal superjuri g\u0127al tran\u017cizzjonijiet rapidi, filwaqt li l-wi\u010b\u010b iswed mhux iffikat jne\u0127\u0127i l-\u0121li\u017c tax-xemx g\u0127al profil iswed fuq iswed \u010bar.<\/p>\n<p>Kemm jekk qed tie\u0127u sehem fi kompetizzjonijiet ta&#8217; pre\u010bi\u017cjoni ta&#8217; firxa twila jew li jnavigaw sfidi tal-azzar dinami\u010bi, is-Sinjal A\u0121\u0121ustabbli Kompletament KMR Iswed-Wiesg\u0127a hija l-g\u0127odda tieg\u0127ek biex tifla\u0127 il-potenzjal tieg\u0127ek veru. A\u0121\u0121orna t-tag\u0127mir tieg\u0127ek u \u0127u l-ispar tieg\u0127ek g\u0127al livelli \u0121odda b&#8217;dan is-sistema tal-issinjalazzjoni e\u010b\u010bezzjonali.<\/p>\n","protected":false},"excerpt":{"rendered":"<p>Il-Vi\u017cta A\u0121\u0121ustat Kompletament KMR Iswed-Wiesa&#8217; &#8211; Kontroll tal-Ellevazzjoni\/G\u0127arfien tal-Mira b&#8217;Kontrast G\u0127oli.<\/p>\n","protected":false},"featured_media":30347,"template":"","meta":{"_acf_changed":false},"product_brand":[11500],"product_cat":[14108],"product_tag":[],"class_list":{"0":"post-690604","1":"product","2":"type-product","3":"status-publish","4":"has-post-thumbnail","6":"product_brand-kmr-precision","7":"product_cat-partijiet-kmr","9":"first","10":"instock","11":"taxable","12":"shipping-taxable","13":"product-type-simple"},"acf":[],"_links":{"self":[{"href":"https:\/\/nbg.eu\/mt\/wp-json\/wp\/v2\/product\/690604","targetHints":{"allow":["GET"]}}],"collection":[{"href":"https:\/\/nbg.eu\/mt\/wp-json\/wp\/v2\/product"}],"about":[{"href":"https:\/\/nbg.eu\/mt\/wp-json\/wp\/v2\/types\/product"}],"wp:featuredmedia":[{"embeddable":true,"href":"https:\/\/nbg.eu\/mt\/wp-json\/wp\/v2\/media\/30347"}],"wp:attachment":[{"href":"https:\/\/nbg.eu\/mt\/wp-json\/wp\/v2\/media?parent=690604"}],"wp:term":[{"taxonomy":"product_brand","embeddable":true,"href":"https:\/\/nbg.eu\/mt\/wp-json\/wp\/v2\/product_brand?post=690604"},{"taxonomy":"product_cat","embeddable":true,"href":"https:\/\/nbg.eu\/mt\/wp-json\/wp\/v2\/product_cat?post=690604"},{"taxonomy":"product_tag","embeddable":true,"href":"https:\/\/nbg.eu\/mt\/wp-json\/wp\/v2\/product_tag?post=690604"}],"curies":[{"name":"wp","href":"https:\/\/api.w.org\/{rel}","templated":true}]}}