{"id":690787,"date":"2024-08-17T15:16:50","date_gmt":"2024-08-17T12:16:50","guid":{"rendered":"https:\/\/nbg.eu\/product\/hammer-pin-safety-pin-kmr\/"},"modified":"2026-04-16T18:10:00","modified_gmt":"2026-04-16T15:10:00","slug":"hammer-pin-safety-pin-kmr","status":"publish","type":"product","link":"https:\/\/nbg.eu\/mt\/product\/hammer-pin-safety-pin-kmr\/","title":{"rendered":"KMR Pin tas-Sikurezza tas-Serduq"},"content":{"rendered":"<h2>Hammer Pin Safety Pin g\u0127all-Pistoli KMR<\/h2>\n<p>Kun \u017cgur li l-alignment pre\u010bi\u017ca u l-operazzjoni bla xkiel tal-hammer u s-safety manwali tal-pistola KMR tieg\u0127ek bl-Hammer Pin Safety Pin. Dan il-komponent ma\u0127dum b&#8217;pre\u010bi\u017cjoni huwa ma\u0127dum mill-azzar g\u0127odda mg\u0127ammar biex jil\u0127aq l-ispe\u010bifikazzjonijiet tal-fabbrika KMR, li jipprovdi durabilit\u00e0 superjuri u re\u017cistenza g\u0127al-tag\u0127bija ta\u0127t l-istress tar-recoil.<\/p>\n<p>L-Hammer Pin Safety Pin jaqdi skop doppju, li jipprovdi retenjoni affidabbli u stabilit\u00e0 tal-pivot g\u0127all-mekkani\u017cmi tal-hammer u l-lever tas-safety. Billi j\u017comm l-alignment perfett, jg\u0127in i\u017comm break tat-trigger krittiku u inga\u0121\u0121 posittiv tas-safety, filwaqt li jipprevjeni l-moviment laterali mhux mixtieq fil-qafas.<\/p>\n<p>Imdorri minn sidien KMR g\u0127a\u017clin, dan l-a\u0121\u0121ornament essenzjali ji\u017cgura li l-kontrolli kritici tal-pistola tieg\u0127ek jibqg\u0127u posizzjonati b&#8217;mod pre\u010bi\u017c, anke ta\u0127t l-aktar kundizzjonijiet e\u017ci\u0121enti. Esperjenza l-fidu\u010bja ta&#8217; operazzjoni bla xkiel, konsistenti u funzjonalit\u00e0 tas-safety bla tlaqliq bl-Hammer Pin Safety Pin g\u0127all-pistola KMR tieg\u0127ek.<\/p>\n","protected":false},"excerpt":{"rendered":"<p>Hammer b&#8217;pre\u010bi\u017cjoni u pinnar tas-sigurt\u00e0 g\u0127al pistoli KMR, ji\u017cguraw allinjament u t\u0127addim lixxi.<\/p>\n","protected":false},"featured_media":24090,"template":"","meta":{"_acf_changed":false},"product_brand":[11500],"product_cat":[14108],"product_tag":[],"class_list":{"0":"post-690787","1":"product","2":"type-product","3":"status-publish","4":"has-post-thumbnail","6":"product_brand-kmr-precision","7":"product_cat-partijiet-kmr","9":"first","10":"instock","11":"taxable","12":"shipping-taxable","13":"product-type-simple"},"acf":[],"_links":{"self":[{"href":"https:\/\/nbg.eu\/mt\/wp-json\/wp\/v2\/product\/690787","targetHints":{"allow":["GET"]}}],"collection":[{"href":"https:\/\/nbg.eu\/mt\/wp-json\/wp\/v2\/product"}],"about":[{"href":"https:\/\/nbg.eu\/mt\/wp-json\/wp\/v2\/types\/product"}],"wp:featuredmedia":[{"embeddable":true,"href":"https:\/\/nbg.eu\/mt\/wp-json\/wp\/v2\/media\/24090"}],"wp:attachment":[{"href":"https:\/\/nbg.eu\/mt\/wp-json\/wp\/v2\/media?parent=690787"}],"wp:term":[{"taxonomy":"product_brand","embeddable":true,"href":"https:\/\/nbg.eu\/mt\/wp-json\/wp\/v2\/product_brand?post=690787"},{"taxonomy":"product_cat","embeddable":true,"href":"https:\/\/nbg.eu\/mt\/wp-json\/wp\/v2\/product_cat?post=690787"},{"taxonomy":"product_tag","embeddable":true,"href":"https:\/\/nbg.eu\/mt\/wp-json\/wp\/v2\/product_tag?post=690787"}],"curies":[{"name":"wp","href":"https:\/\/api.w.org\/{rel}","templated":true}]}}