{"id":690903,"date":"2024-08-17T14:54:34","date_gmt":"2024-08-17T11:54:34","guid":{"rendered":"https:\/\/nbg.eu\/product\/hammer-sa-hidden-kmr\/"},"modified":"2026-02-02T16:43:30","modified_gmt":"2026-02-02T13:43:30","slug":"hammer-sa-hidden-kmr","status":"publish","type":"product","link":"https:\/\/nbg.eu\/mt\/product\/hammer-sa-hidden-kmr\/","title":{"rendered":"IFFIN\u0120I SA MO\u0126BI KMR"},"content":{"rendered":"<h2>G\u0127al Armi KMR<\/h2>\n<p>KMR L-02 EMIQ<br \/>\nKMR L-02 EMIQ (OR)<br \/>\nKMR L-02 ORCA SAS-2023<br \/>\nKMR L-02 SPECTRA SAS-2023<br \/>\nKMR L-02 UMBRA (OR) SR<br \/>\nKMR W-02 CUDA (OR)<br \/>\nKMR W-02 UMBRA<br \/>\nKMR W-02 UMBRA (OR)<\/p>\n<h2>Selezzjoni minn Armi CZ<\/h2>\n<p>CZ CZECHMATE<br \/>\nCZ SHADOW 1<br \/>\nCZ SHADOW 2<br \/>\nCZ SHADOW 2 (OR)<br \/>\nCZ TS<br \/>\nCZ TS 2<\/p>\n","protected":false},"excerpt":{"rendered":"<p>0280-00301-0401<\/p>\n","protected":false},"featured_media":23876,"template":"","meta":{"_acf_changed":false},"product_brand":[11500],"product_cat":[14108],"product_tag":[],"class_list":{"0":"post-690903","1":"product","2":"type-product","3":"status-publish","4":"has-post-thumbnail","6":"product_brand-kmr-precision","7":"product_cat-partijiet-kmr","9":"first","10":"instock","11":"taxable","12":"shipping-taxable","13":"product-type-simple"},"acf":[],"_links":{"self":[{"href":"https:\/\/nbg.eu\/mt\/wp-json\/wp\/v2\/product\/690903","targetHints":{"allow":["GET"]}}],"collection":[{"href":"https:\/\/nbg.eu\/mt\/wp-json\/wp\/v2\/product"}],"about":[{"href":"https:\/\/nbg.eu\/mt\/wp-json\/wp\/v2\/types\/product"}],"wp:featuredmedia":[{"embeddable":true,"href":"https:\/\/nbg.eu\/mt\/wp-json\/wp\/v2\/media\/23876"}],"wp:attachment":[{"href":"https:\/\/nbg.eu\/mt\/wp-json\/wp\/v2\/media?parent=690903"}],"wp:term":[{"taxonomy":"product_brand","embeddable":true,"href":"https:\/\/nbg.eu\/mt\/wp-json\/wp\/v2\/product_brand?post=690903"},{"taxonomy":"product_cat","embeddable":true,"href":"https:\/\/nbg.eu\/mt\/wp-json\/wp\/v2\/product_cat?post=690903"},{"taxonomy":"product_tag","embeddable":true,"href":"https:\/\/nbg.eu\/mt\/wp-json\/wp\/v2\/product_tag?post=690903"}],"curies":[{"name":"wp","href":"https:\/\/api.w.org\/{rel}","templated":true}]}}