{"id":690993,"date":"2024-07-25T21:45:22","date_gmt":"2024-07-25T18:45:22","guid":{"rendered":"https:\/\/nbg.eu\/product\/hornady-6mm-arc-108gr-eld-match-ammunition\/"},"modified":"2026-01-21T11:46:10","modified_gmt":"2026-01-21T08:46:10","slug":"hornady-6mm-arc-108gr-eld-match-ammunition","status":"publish","type":"product","link":"https:\/\/nbg.eu\/mt\/product\/hornady-6mm-arc-108gr-eld-match-ammunition\/","title":{"rendered":"Hornady 6mm ARC 108gr. ELD MATCH Ammunition"},"content":{"rendered":"<div class=\"product-description\">\n<h2>Munizzjon Hornady 6mm ARC 108gr. ELD MATCH<\/h2>\n<p>Esperjenza prestazzjoni bla prededenti bl-Munizzjon Hornady 6mm ARC 108gr. ELD MATCH. Din il-kartrolla versatili joffri:<\/p>\n<ul>\n<li>Effi\u010bjenza e\u010b\u010bezzjonali b&#8217;kombini ta&#8217; kaliber g\u0127oli<\/li>\n<li>Prestazzjoni bla pre\u010bedent minn pjattaformi AR-15<\/li>\n<li>Ri\u017cultati ottimali f&#8217;armi tal-bultina qosra jew mikro<\/li>\n<li>Ideali g\u0127al sparar kompetittiv, ka\u010b\u010ba, u difi\u017ca personali<\/li>\n<li>Prestazzjoni terminali superjuri f&#8217;diversi applikazzjonijiet<\/li>\n<\/ul>\n<p>Il-6mm ARC jikkombjana di\u017cinn innovattiv tal-kartrolla ma&#8217; bojod mag\u0127\u017cula b&#8217;g\u0127aqal, li joffru bilan\u010b perfett bejn pi\u017c tas-sistema, prestazzjoni, u sparabbilt\u00e0. Sew jekk int tirrappre\u017centa sparatur kompetittiv, ka\u010b\u010batur, jew professjonist tal-infurzar tal-li\u0121i, din il-munizzjon toffri l-pre\u010bi\u017cjoni u s-setg\u0127a li te\u0127tie\u0121.<\/p>\n<\/div>\n","protected":false},"excerpt":{"rendered":"<p>Il-6mm ARC versatili: Munizzjoni ta&#8217; tellieqa ta&#8217; pre\u010bi\u017cjoni g\u0127all-AR-15 u g\u0127all-armi tat-tir.<\/p>\n","protected":false},"featured_media":691088,"template":"","meta":{"_acf_changed":false},"product_brand":[11461],"product_cat":[14161,14171],"product_tag":[],"class_list":{"0":"post-690993","1":"product","2":"type-product","3":"status-publish","4":"has-post-thumbnail","6":"product_brand-hornady","7":"product_cat-munizzjon","8":"product_cat-munizzjon-tar-rifle","10":"first","11":"instock","12":"taxable","13":"shipping-taxable","14":"purchasable","15":"product-type-simple"},"acf":[],"_links":{"self":[{"href":"https:\/\/nbg.eu\/mt\/wp-json\/wp\/v2\/product\/690993","targetHints":{"allow":["GET"]}}],"collection":[{"href":"https:\/\/nbg.eu\/mt\/wp-json\/wp\/v2\/product"}],"about":[{"href":"https:\/\/nbg.eu\/mt\/wp-json\/wp\/v2\/types\/product"}],"wp:featuredmedia":[{"embeddable":true,"href":"https:\/\/nbg.eu\/mt\/wp-json\/wp\/v2\/media\/691088"}],"wp:attachment":[{"href":"https:\/\/nbg.eu\/mt\/wp-json\/wp\/v2\/media?parent=690993"}],"wp:term":[{"taxonomy":"product_brand","embeddable":true,"href":"https:\/\/nbg.eu\/mt\/wp-json\/wp\/v2\/product_brand?post=690993"},{"taxonomy":"product_cat","embeddable":true,"href":"https:\/\/nbg.eu\/mt\/wp-json\/wp\/v2\/product_cat?post=690993"},{"taxonomy":"product_tag","embeddable":true,"href":"https:\/\/nbg.eu\/mt\/wp-json\/wp\/v2\/product_tag?post=690993"}],"curies":[{"name":"wp","href":"https:\/\/api.w.org\/{rel}","templated":true}]}}