{"id":691109,"date":"2025-03-04T21:24:07","date_gmt":"2025-03-04T18:24:07","guid":{"rendered":"https:\/\/nbg.eu\/product\/kmr-hand-stop-set-m-lok-alu-black\/"},"modified":"2026-05-13T15:56:48","modified_gmt":"2026-05-13T12:56:48","slug":"kmr-hand-stop-set-m-lok-alu-black","status":"publish","type":"product","link":"https:\/\/nbg.eu\/mt\/product\/kmr-hand-stop-set-m-lok-alu-black\/","title":{"rendered":"KMR Sett Hand Stop M-LOK ALU Iswed"},"content":{"rendered":"<h2>KMR Hand Stop Set (M-LOK) \u2013 Aluminju, Iswed<\/h2>\n<p>Itla l-esperjenza tal-issibjar tieg\u0127ek bl-KMR Hand Stop Set, a\u010b\u010bessorju versatili ddisinjat sabiex itejjeb il-\u0121estjoni tal-rikkul\u00e8, l-indikazzjoni tal-id, u l-kontroll \u0121enerali tal-arma. Ma\u0127dum minn aluminju \u0127afif, CNC-ma\u010b\u010binat u b&#8217;wi\u010b\u010b anodizzat iswed jag\u0127ti, dan l-iset tal-hand stop jintegra b&#8217;mod seamless mal-arma tieg\u0127ek kompatibbli mal-M-LOK.<\/p>\n<p>Id-disinn modulari b&#8217;\u017cew\u0121 bi\u010b\u010biet jew testura pprovduta jipprovdi punt ta&#8217; referenza fi\u017cika konsistenti g\u0127all-id tieg\u0127ek ta&#8217; sostenn, li ji\u017cgura presa ripetuta u jipprevjeni l-id tieg\u0127ek milli tiskula lejn il-muzzle. Billi jippermettielek &#8220;ti\u0121bed&#8221; il-fucil fil-katusa tieg\u0127ek, l-KMR Hand Stop Set jipprovdi sparar ferm aktar pjatt u sparar ta&#8217; segwitu aktar mg\u0127a\u0121\u0121el, itejjeb il-pre\u010bi\u017cjoni tieg\u0127ek \u0121enerali u l-prestazzjoni tal-issibjar.<\/p>\n<p>Kemm jekk int tirrapre\u017centa espert jew hobbyist appassjonat, l-KMR Hand Stop Set huwa \u0127tie\u0121a sabiex tnaqqas l-arma tieg\u0127ek. Itla&#8217; l-esperjenza tal-issibjar tieg\u0127ek u \u0127u l-\u0127iliet tieg\u0127ek g\u0127al g\u0127oljiet \u0121odda bl-a\u010b\u010bessorju innovattiv u affidabbli dan.<\/p>\n","protected":false},"excerpt":{"rendered":"<p>KMR HAND STOP SET, M-LOK, ALU, ISWED &#8211; Titjib fil-immani\u0121\u0121jar tar-ri\u010bess u l-kontroll tal-arma.<\/p>\n","protected":false},"featured_media":236523,"template":"","meta":{"_acf_changed":false},"product_brand":[11500],"product_cat":[14116,14108,14158,14119],"product_tag":[],"class_list":{"0":"post-691109","1":"product","2":"type-product","3":"status-publish","4":"has-post-thumbnail","6":"product_brand-kmr-precision","7":"product_cat-grieps-tar-rifle","8":"product_cat-partijiet-kmr","9":"product_cat-rifle","10":"product_cat-tuning-tar-rifle","12":"first","13":"instock","14":"taxable","15":"shipping-taxable","16":"purchasable","17":"product-type-simple"},"acf":[],"_links":{"self":[{"href":"https:\/\/nbg.eu\/mt\/wp-json\/wp\/v2\/product\/691109","targetHints":{"allow":["GET"]}}],"collection":[{"href":"https:\/\/nbg.eu\/mt\/wp-json\/wp\/v2\/product"}],"about":[{"href":"https:\/\/nbg.eu\/mt\/wp-json\/wp\/v2\/types\/product"}],"wp:featuredmedia":[{"embeddable":true,"href":"https:\/\/nbg.eu\/mt\/wp-json\/wp\/v2\/media\/236523"}],"wp:attachment":[{"href":"https:\/\/nbg.eu\/mt\/wp-json\/wp\/v2\/media?parent=691109"}],"wp:term":[{"taxonomy":"product_brand","embeddable":true,"href":"https:\/\/nbg.eu\/mt\/wp-json\/wp\/v2\/product_brand?post=691109"},{"taxonomy":"product_cat","embeddable":true,"href":"https:\/\/nbg.eu\/mt\/wp-json\/wp\/v2\/product_cat?post=691109"},{"taxonomy":"product_tag","embeddable":true,"href":"https:\/\/nbg.eu\/mt\/wp-json\/wp\/v2\/product_tag?post=691109"}],"curies":[{"name":"wp","href":"https:\/\/api.w.org\/{rel}","templated":true}]}}