{"id":691139,"date":"2025-03-07T13:06:11","date_gmt":"2025-03-07T10:06:11","guid":{"rendered":"https:\/\/nbg.eu\/product\/kmr-or-aimpoint-acro-mounting-kit-for-l-02-w-02-steel-black\/"},"modified":"2026-05-13T16:48:14","modified_gmt":"2026-05-13T13:48:14","slug":"kmr-or-aimpoint-acro-mounting-kit-for-l-02-w-02-steel-black","status":"publish","type":"product","link":"https:\/\/nbg.eu\/mt\/product\/kmr-or-aimpoint-acro-mounting-kit-for-l-02-w-02-steel-black\/","title":{"rendered":"KMR OR Aimpoint Acro Kit tal-Immuntar g\u0127al L-02, W-02 Azzar Iswed"},"content":{"rendered":"<h2>KMR &#8211; JEW TAL-AIMPOINT ACRO G\u0126AT-TWA\u0126\u0126IL G\u0126AL L-02, W-02, STEEL BLACK<\/h2>\n<p>Il-KMR Optic Ready (OR) Aimpoint ACRO Mounting Kit hija s-soluzzjoni definittiva g\u0127all-integrazzjoni soda tal-otti\u010bi u l-allinjament perfett tal-koveduta fuq il-pistoli KMR L-02 u W-02 tieg\u0127ek. Immanifatturat b&#8217;mod pre\u010bi\u017c minn azzar b&#8217;sa\u0127\u0127tu, dan il-kit ta&#8217; twa\u0127\u0127il ikollu pedament spe\u010bifiku g\u0127all-Aimpoint ACRO, disinn b&#8217;profil baxx, u finir kontra l-korro\u017cjoni iswed matte g\u0127al apparenza eleganti u li tdum.<\/p>\n<p>L-istruttura tal-azzar tal-KMR OR Aimpoint ACRO Mounting Kit ti\u017cgura li ma jkunx hemm spostament ta\u017c-\u017cero ta\u0127t rikskju kbir, u tipprovdi s-soluzzjoni ta&#8217; twa\u0127\u0127il l-aktar affidabbli g\u0127all-vidji ta&#8217; emitter mag\u0127luqa. Il-pre\u010bi\u017cjoni tal-applikazzjoni tiggarantixxi li l-otti\u010bi tieg\u0127ek jibqg\u0127u \u010bentralizzati anke waqt kompetizzjoni b&#8217;volum g\u0127oli jew u\u017cu ta&#8217; dmir, jag\u0127milha l-g\u0127a\u017cla definittiva g\u0127all-pistoli OR-series KMR.<\/p>\n","protected":false},"excerpt":{"rendered":"<p>KMR &#8211; KIT TAL-MOUNT AIMPOINT ACRO G\u0126AL L-02, W-02, AZZAR ISWED. Integrazzjoni solida tal-otti\u010bi u allinjament perfett tal-ko-witnessing g\u0127all-mudelli L-02 u W-02. Ma\u0127dum b&#8217;pre\u010bi\u017cjoni minn azzar b&#8217;sa\u0127\u0127a g\u0127olja, impronta spe\u010bifika tal-Aimpoint ACRO, disinn b&#8217;profil baxx, tingi\u017c kontra l-korru\u017cjoni iswed matt. Jipprovdi s-soluzzjoni tal-mount l-aktar durabbli g\u0127as-sinjali tal-emitter mag\u0127luqa; il-kostruzzjoni tal-azzar ti\u017cgura \u017cero bidla ta\u0127t triq \u0127arxa, filwaqt li l-konfigurazzjoni pre\u010bi\u017ca ti\u017cgura li l-otti\u010bi jibqg\u0127u mqabbda anke waqt kompetizzjoni b&#8217;volum g\u0127oli jew u\u017cu tad-dmir fuq pistoli tal-KMR OR-serje.<\/p>\n","protected":false},"featured_media":246150,"template":"","meta":{"_acf_changed":false},"product_brand":[11500],"product_cat":[14140,14108,14104,14898],"product_tag":[],"class_list":{"0":"post-691139","1":"product","2":"type-product","3":"status-publish","4":"has-post-thumbnail","6":"product_brand-kmr-precision","7":"product_cat-dots-gall-pistola","8":"product_cat-partijiet-kmr","9":"product_cat-partijiet-tal-pistola","10":"product_cat-red-dot-sights-mounts-mt","12":"first","13":"instock","14":"taxable","15":"shipping-taxable","16":"purchasable","17":"product-type-simple"},"acf":[],"_links":{"self":[{"href":"https:\/\/nbg.eu\/mt\/wp-json\/wp\/v2\/product\/691139","targetHints":{"allow":["GET"]}}],"collection":[{"href":"https:\/\/nbg.eu\/mt\/wp-json\/wp\/v2\/product"}],"about":[{"href":"https:\/\/nbg.eu\/mt\/wp-json\/wp\/v2\/types\/product"}],"wp:featuredmedia":[{"embeddable":true,"href":"https:\/\/nbg.eu\/mt\/wp-json\/wp\/v2\/media\/246150"}],"wp:attachment":[{"href":"https:\/\/nbg.eu\/mt\/wp-json\/wp\/v2\/media?parent=691139"}],"wp:term":[{"taxonomy":"product_brand","embeddable":true,"href":"https:\/\/nbg.eu\/mt\/wp-json\/wp\/v2\/product_brand?post=691139"},{"taxonomy":"product_cat","embeddable":true,"href":"https:\/\/nbg.eu\/mt\/wp-json\/wp\/v2\/product_cat?post=691139"},{"taxonomy":"product_tag","embeddable":true,"href":"https:\/\/nbg.eu\/mt\/wp-json\/wp\/v2\/product_tag?post=691139"}],"curies":[{"name":"wp","href":"https:\/\/api.w.org\/{rel}","templated":true}]}}