{"id":691184,"date":"2025-03-04T21:26:30","date_gmt":"2025-03-04T18:26:30","guid":{"rendered":"https:\/\/nbg.eu\/product\/kmr-rail-set-m-lok-alu\/"},"modified":"2026-05-13T16:01:26","modified_gmt":"2026-05-13T13:01:26","slug":"kmr-rail-set-m-lok-alu","status":"publish","type":"product","link":"https:\/\/nbg.eu\/mt\/product\/kmr-rail-set-m-lok-alu\/","title":{"rendered":"KMR Sett tar-Rejl Picatinny M-LOK ALU"},"content":{"rendered":"<h2>KMR RAIL SET, M-LOK, ALU<\/h2>\n<p>Itejjeb il-versatilit\u00e0 tal-imnaqqax tal-M-LOK tieg\u0127ek bl-KMR RAIL SET, a\u010b\u010bessorju b&#8217;sa\u0127\u0127tu u \u0127afif g\u0127all-munta\u0121\u0121. Manifatturat minn aluminju 6061-T6 ta&#8217; kwalit\u00e0 g\u0127olja bl-u\u017cu tal-pre\u010bi\u017cjoni tal-magna CNC, dan is-sett tar-rampa joffri interfa\u010b\u010ba standard ta&#8217; Picatinny\/Mil-Std 1913, li jippermetti li twa\u0127\u0127al firxa wiesg\u0127a ta&#8217; a\u010b\u010bessorji tatti\u010bi b\u0127al bozoz, lasers, qbid, u bipods b&#8217;mod sigur.<\/p>\n<p>L-unfinish iswed anodizzat b&#8217;profil baxx ji\u017cgura durabilit\u00e0 massima ming\u0127ajr ma j\u017cid pi\u017c jew qabda bla b\u017conn fuq quddiem tal-arma tan-nar tieg\u0127ek. B&#8217;\u0127ardwer tal-monta\u0121\u0121 M-LOK inklu\u017c, tista&#8217; fa\u010bilment tintegra dan is-sett tar-rampa fil-imnaqqax M-LOK e\u017cistenti tieg\u0127ek, li jo\u0127loq plattaforma modolari u personalizzata biex tissodisfa l-\u0127ti\u0121ijiet spe\u010bifi\u010bi tieg\u0127ek.<\/p>\n<p>Sew jekk qed tfittex biex itejjeb il-funzjonalit\u00e0 tal-arma tieg\u0127ek jew sempli\u010bement trid mod affidabbli biex twa\u0127\u0127al l-a\u010b\u010bessorji favoriti tieg\u0127ek, l-KMR RAIL SET, M-LOK, ALU hija s-soluzzjoni perfetta. In\u0121enjerjat g\u0127all-prestazzjoni u d-durabilit\u00e0, dan l-a\u010b\u010bessorju se jg\u0127inek tie\u0127u l-esperjenza tal-isparar tieg\u0127ek g\u0127all-livell li jmiss.<\/p>\n","protected":false},"excerpt":{"rendered":"<p>Sett ta&#8217; xettijiet modularji M-LOK fil-lanjam, aluminju duraturi b&#8217;interfa\u010b\u010bja Picatinny.<\/p>\n","protected":false},"featured_media":236686,"template":"","meta":{"_acf_changed":false},"product_brand":[11500],"product_cat":[14094,14953,14172,14158,14119],"product_tag":[],"class_list":{"0":"post-691184","1":"product","2":"type-product","3":"status-publish","4":"has-post-thumbnail","6":"product_brand-kmr-precision","7":"product_cat-goqqdiet","8":"product_cat-m-lok-rail-systems-mt","9":"product_cat-rails","10":"product_cat-rifle","11":"product_cat-tuning-tar-rifle","13":"first","14":"instock","15":"taxable","16":"shipping-taxable","17":"purchasable","18":"product-type-variable","19":"wvs-archive-product-wrapper"},"acf":[],"_links":{"self":[{"href":"https:\/\/nbg.eu\/mt\/wp-json\/wp\/v2\/product\/691184","targetHints":{"allow":["GET"]}}],"collection":[{"href":"https:\/\/nbg.eu\/mt\/wp-json\/wp\/v2\/product"}],"about":[{"href":"https:\/\/nbg.eu\/mt\/wp-json\/wp\/v2\/types\/product"}],"wp:featuredmedia":[{"embeddable":true,"href":"https:\/\/nbg.eu\/mt\/wp-json\/wp\/v2\/media\/236686"}],"wp:attachment":[{"href":"https:\/\/nbg.eu\/mt\/wp-json\/wp\/v2\/media?parent=691184"}],"wp:term":[{"taxonomy":"product_brand","embeddable":true,"href":"https:\/\/nbg.eu\/mt\/wp-json\/wp\/v2\/product_brand?post=691184"},{"taxonomy":"product_cat","embeddable":true,"href":"https:\/\/nbg.eu\/mt\/wp-json\/wp\/v2\/product_cat?post=691184"},{"taxonomy":"product_tag","embeddable":true,"href":"https:\/\/nbg.eu\/mt\/wp-json\/wp\/v2\/product_tag?post=691184"}],"curies":[{"name":"wp","href":"https:\/\/api.w.org\/{rel}","templated":true}]}}