{"id":692143,"date":"2025-03-04T21:42:27","date_gmt":"2025-03-04T18:42:27","guid":{"rendered":"https:\/\/nbg.eu\/product\/kmr-qd-sling-swivel-small-25-mm\/"},"modified":"2026-05-13T16:02:05","modified_gmt":"2026-05-13T13:02:05","slug":"kmr-qd-sling-swivel-small-25-mm","status":"publish","type":"product","link":"https:\/\/nbg.eu\/mt\/product\/kmr-qd-sling-swivel-small-25-mm\/","title":{"rendered":"KMR QD Swivel ta\u010b-\u010ainga \u017bg\u0127ir 25mm"},"content":{"rendered":"<h2>KMR QD SLING SWIVEL, \u017bG\u0126IR 25 mm<\/h2>\n<p>Imfassla g\u0127al fissazzjoni rapida, affidabbilt\u00e0 b&#8217;sa\u0127\u0127itha, il-KMR QD Sling Swivel hija l-kumpanija ideali g\u0127all-arma tan-nar tieg\u0127ek. Im\u0127arr\u0121a mill-azzar b&#8217;qawwa g\u0127olja, dan il-g\u0127oqba jinkludi mekkani\u017cmu ta&#8217; rilaxk b&#8217;buttuna u rotazzjoni ta&#8217; 360 gradi, li jippermetti l-fissazzjoni jew it-tne\u0127\u0127ija ta&#8217; sieg\u0127a fi kwalunkwe socket kompatibili ma&#8217; QD, kemm jekk hija M-LOK, stock, jew handguard.<\/p>\n<p>Imfassla biex i\u017c\u017comm sa\u0127\u0127a kbira ta&#8217; t\u0127ec\u0127it u kundizzjonijiet tal-kamp, il-KMR QD Sling Swivel ti\u017cgura li l-vle\u0121\u0121a tieg\u0127ek tibqa&#8217; mg\u0127ollija b&#8217;mod sikur matul moviment dinamiku. Il-kulur iswed ixekkel ukoll id-durabbilt\u00e0 tal-g\u0127oqba, u jag\u0127milha g\u0127a\u017cla affidabbli g\u0127all-\u0127ti\u0121ijiet kollha tieg\u0127ek ta&#8217; fissazzjoni ta&#8217; sieg\u0127a.<\/p>\n","protected":false},"excerpt":{"rendered":"<p>SLING SWIVEL, \u017bG\u0126IR 25 mm KMR QD: A\u010b\u010bess\/Issepara malajr<\/p>\n","protected":false},"featured_media":236821,"template":"","meta":{"_acf_changed":false},"product_brand":[11500],"product_cat":[14094,14946,14119],"product_tag":[],"class_list":{"0":"post-692143","1":"product","2":"type-product","3":"status-publish","4":"has-post-thumbnail","6":"product_brand-kmr-precision","7":"product_cat-goqqdiet","8":"product_cat-sling-swivels-mt","9":"product_cat-tuning-tar-rifle","11":"first","12":"instock","13":"taxable","14":"shipping-taxable","15":"purchasable","16":"product-type-simple"},"acf":[],"_links":{"self":[{"href":"https:\/\/nbg.eu\/mt\/wp-json\/wp\/v2\/product\/692143","targetHints":{"allow":["GET"]}}],"collection":[{"href":"https:\/\/nbg.eu\/mt\/wp-json\/wp\/v2\/product"}],"about":[{"href":"https:\/\/nbg.eu\/mt\/wp-json\/wp\/v2\/types\/product"}],"wp:featuredmedia":[{"embeddable":true,"href":"https:\/\/nbg.eu\/mt\/wp-json\/wp\/v2\/media\/236821"}],"wp:attachment":[{"href":"https:\/\/nbg.eu\/mt\/wp-json\/wp\/v2\/media?parent=692143"}],"wp:term":[{"taxonomy":"product_brand","embeddable":true,"href":"https:\/\/nbg.eu\/mt\/wp-json\/wp\/v2\/product_brand?post=692143"},{"taxonomy":"product_cat","embeddable":true,"href":"https:\/\/nbg.eu\/mt\/wp-json\/wp\/v2\/product_cat?post=692143"},{"taxonomy":"product_tag","embeddable":true,"href":"https:\/\/nbg.eu\/mt\/wp-json\/wp\/v2\/product_tag?post=692143"}],"curies":[{"name":"wp","href":"https:\/\/api.w.org\/{rel}","templated":true}]}}