{"id":692157,"date":"2024-08-18T12:07:31","date_gmt":"2024-08-18T09:07:31","guid":{"rendered":"https:\/\/nbg.eu\/product\/magazine-catch-27-kmr-l-w\/"},"modified":"2026-04-16T18:07:57","modified_gmt":"2026-04-16T15:07:57","slug":"magazine-catch-27-kmr-l-w","status":"publish","type":"product","link":"https:\/\/nbg.eu\/mt\/product\/magazine-catch-27-kmr-l-w\/","title":{"rendered":"KMR Qafla tal-Maga\u017cin 27 L, W"},"content":{"rendered":"<h2>MAGAZINE CATCH 27 KMR L, W &#8211; A\u010b\u010bessorju tal-Arma Sikur u Affidabbli<\/h2>\n<p>Mag\u0127mul bi pre\u010bi\u017cjoni u attenzjoni g\u0127ad-dettall, il-MAGAZINE CATCH 27 KMR L, W huwa komponent essenzjali g\u0127al kull min jitlob il-livell massimu ta&#8217; prestazzjoni u affidabbilt\u00e0 mill-armamenti tag\u0127hom. Sew jekk inti professjonist jew qieg\u0127ed tibda, dan il-magazine catch huwa addizzjoni inestimabbli g\u0127at-tag\u0127mir tieg\u0127ek, li ji\u017cgura li l-arma tieg\u0127ek tkun dejjem lesta g\u0127al azzjoni.<\/p>\n<p>G\u0127al Armamenti KMR:<\/p>\n<p>KMR L-02 SPECTRA MINN 2024<\/p>\n<p>KMR L-02 SPECTRA SA\u0126 2023<\/p>\n<p>KMR W-02 CUDA MINN 2024<\/p>\n<p>KMR W-02 CUDA SA\u0126 2023<\/p>\n<p>KMR W-02 UMBRA<\/p>\n<p>KMR W-02 UMBRA (OR)<\/p>\n<p>Numru ta&#8217; referenza 1100-01201-0900.<\/p>\n","protected":false},"excerpt":{"rendered":"<p>Qbid tal-magazin g\u0127all-Armi KMR, kompatibbli mal-mudelli Umbra.<\/p>\n","protected":false},"featured_media":25734,"template":"","meta":{"_acf_changed":false},"product_brand":[11500],"product_cat":[14108],"product_tag":[],"class_list":{"0":"post-692157","1":"product","2":"type-product","3":"status-publish","4":"has-post-thumbnail","6":"product_brand-kmr-precision","7":"product_cat-partijiet-kmr","9":"first","10":"instock","11":"taxable","12":"shipping-taxable","13":"product-type-simple"},"acf":[],"_links":{"self":[{"href":"https:\/\/nbg.eu\/mt\/wp-json\/wp\/v2\/product\/692157","targetHints":{"allow":["GET"]}}],"collection":[{"href":"https:\/\/nbg.eu\/mt\/wp-json\/wp\/v2\/product"}],"about":[{"href":"https:\/\/nbg.eu\/mt\/wp-json\/wp\/v2\/types\/product"}],"wp:featuredmedia":[{"embeddable":true,"href":"https:\/\/nbg.eu\/mt\/wp-json\/wp\/v2\/media\/25734"}],"wp:attachment":[{"href":"https:\/\/nbg.eu\/mt\/wp-json\/wp\/v2\/media?parent=692157"}],"wp:term":[{"taxonomy":"product_brand","embeddable":true,"href":"https:\/\/nbg.eu\/mt\/wp-json\/wp\/v2\/product_brand?post=692157"},{"taxonomy":"product_cat","embeddable":true,"href":"https:\/\/nbg.eu\/mt\/wp-json\/wp\/v2\/product_cat?post=692157"},{"taxonomy":"product_tag","embeddable":true,"href":"https:\/\/nbg.eu\/mt\/wp-json\/wp\/v2\/product_tag?post=692157"}],"curies":[{"name":"wp","href":"https:\/\/api.w.org\/{rel}","templated":true}]}}