{"id":692251,"date":"2024-08-18T11:19:07","date_gmt":"2024-08-18T08:19:07","guid":{"rendered":"https:\/\/nbg.eu\/product\/magazine-catch-spring-screw-kmr\/"},"modified":"2026-04-16T18:08:15","modified_gmt":"2026-04-16T15:08:15","slug":"magazine-catch-spring-screw-kmr","status":"publish","type":"product","link":"https:\/\/nbg.eu\/mt\/product\/magazine-catch-spring-screw-kmr\/","title":{"rendered":"KMR Vit tal-Molla tal-Qafla tal-Maga\u017cin"},"content":{"rendered":"<h2>Skruf tal-Qbid tal-Maga\u017cin Affidabbli<\/h2>\n<p>L-Iskruf tal-Qbid tal-Maga\u017cin KMR huwa komponent essenzjali g\u0127al sistemi tal-armi minn varjet\u00e0 ta&#8217; manifatturi.<\/p>\n<p>Manifatturat skont l-istandards l-og\u0127la, dan l-iskruf huwa l-g\u0127a\u017cla perfetta g\u0127all-entu\u017cja\u017cmi tal-armi u l-professjonisti. Il-kostruzzjoni durabbli tieg\u0127u u l-attenzjoni g\u0127ad-dettall jag\u0127mluh a\u010b\u010bessorju indispensabbli g\u0127al kwalunkwe arsenali mg\u0127ammar sew.<\/p>\n<p>G\u0127all-Armi KMR:<\/p>\n<p>KMR L-02 EMIQ<\/p>\n<p>KMR L-02 EMIQ (OR)<\/p>\n<p>KMR L-02 ORCA MINN 2024<\/p>\n<p>KMR L-02 ORCA SAR 2023<\/p>\n<p>KMR L-02 SPECTRA MINN 2024<\/p>\n<p>KMR L-02 SPECTRA SAR 2023<\/p>\n<p>KMR L-02 UMBRA (OR) SR<\/p>\n<p>KMR S-01 LANCE (OR)<\/p>\n<p>KMR S-02 MINN 2024<\/p>\n<p>KMR S-02 SAR 2023<\/p>\n<p>KMR W-02 CUDA (OR)<\/p>\n<p>KMR W-02 UMBRA<\/p>\n<p>KMR W-02 UMBRA (OR).<\/p>\n","protected":false},"excerpt":{"rendered":"<p>Xatba Catch Spring Xkruvinija g\u0127all-Armi KMR.<\/p>\n","protected":false},"featured_media":25503,"template":"","meta":{"_acf_changed":false},"product_brand":[11500],"product_cat":[14126,14108],"product_tag":[],"class_list":{"0":"post-692251","1":"product","2":"type-product","3":"status-publish","4":"has-post-thumbnail","6":"product_brand-kmr-precision","7":"product_cat-molol","8":"product_cat-partijiet-kmr","10":"first","11":"instock","12":"taxable","13":"shipping-taxable","14":"product-type-simple"},"acf":[],"_links":{"self":[{"href":"https:\/\/nbg.eu\/mt\/wp-json\/wp\/v2\/product\/692251","targetHints":{"allow":["GET"]}}],"collection":[{"href":"https:\/\/nbg.eu\/mt\/wp-json\/wp\/v2\/product"}],"about":[{"href":"https:\/\/nbg.eu\/mt\/wp-json\/wp\/v2\/types\/product"}],"wp:featuredmedia":[{"embeddable":true,"href":"https:\/\/nbg.eu\/mt\/wp-json\/wp\/v2\/media\/25503"}],"wp:attachment":[{"href":"https:\/\/nbg.eu\/mt\/wp-json\/wp\/v2\/media?parent=692251"}],"wp:term":[{"taxonomy":"product_brand","embeddable":true,"href":"https:\/\/nbg.eu\/mt\/wp-json\/wp\/v2\/product_brand?post=692251"},{"taxonomy":"product_cat","embeddable":true,"href":"https:\/\/nbg.eu\/mt\/wp-json\/wp\/v2\/product_cat?post=692251"},{"taxonomy":"product_tag","embeddable":true,"href":"https:\/\/nbg.eu\/mt\/wp-json\/wp\/v2\/product_tag?post=692251"}],"curies":[{"name":"wp","href":"https:\/\/api.w.org\/{rel}","templated":true}]}}