{"id":692291,"date":"2025-05-21T16:01:25","date_gmt":"2025-05-21T13:01:25","guid":{"rendered":"https:\/\/nbg.eu\/product\/magazine-kmr-l-02-orca-cal-9x19-19-rnds\/"},"modified":"2026-04-16T18:04:47","modified_gmt":"2026-04-16T15:04:47","slug":"magazine-kmr-l-02-orca-cal-9x19-19-rnds","status":"publish","type":"product","link":"https:\/\/nbg.eu\/mt\/product\/magazine-kmr-l-02-orca-cal-9x19-19-rnds\/","title":{"rendered":"KMR Maga\u017cin L-02 ORCA 9&#215;19 19 Rawnds"},"content":{"rendered":"<h2>MAGAZINE KMR L-02 ORCA cal. 9&#215;19 19 bozoz<\/h2>\n<p>Itjie\u0127u l-prestazzjoni tal-pistola tieg\u0127ek KMR L-02 ORCA b&#8217;dan il-maga\u017cin b&#8217;kapa\u010bit\u00e0 g\u0127olja. Li j\u017comm 19-il bo\u010b\u010ba ta&#8217; ammunition 9x19mm, ji\u017cgura l-ikel affidabbli u l-operat smoother, li jag\u0127mluh il-kompanjun perfett g\u0127all-arma tan-nar tieg\u0127ek. Kompatibbli mal-mudelli KMR L-02 EMIQ u EMIQ (OR), dan il-maga\u017cin huwa essenzjali g\u0127al dawk li jfittxu kapa\u010bit\u00e0 akbar u funzjonalit\u00e0 mtejba.<\/p>\n<p>Numru tal-Parti: 1152-02402-0001<\/p>\n<p>Kompatibbli ma&#8217;:<\/p>\n<ul>\n<li>KMR L-02 EMIQ<\/li>\n<li>KMR L-02 EMIQ (OR)<\/li>\n<li>KMR L-02 ORCA SAL-2023<\/li>\n<\/ul>\n","protected":false},"excerpt":{"rendered":"<p>Maga\u017cin ta&#8217; kapa\u010bit\u00e0 g\u0127olja ta&#8217; 19-ring g\u0127al pistoli KMR L-02 ORCA 9&#215;19. Tixrid affidabbli u operat smuss.<\/p>\n","protected":false},"featured_media":365247,"template":"","meta":{"_acf_changed":false},"product_brand":[11500],"product_cat":[14108,14104],"product_tag":[],"class_list":{"0":"post-692291","1":"product","2":"type-product","3":"status-publish","4":"has-post-thumbnail","6":"product_brand-kmr-precision","7":"product_cat-partijiet-kmr","8":"product_cat-partijiet-tal-pistola","10":"first","11":"instock","12":"taxable","13":"shipping-taxable","14":"purchasable","15":"product-type-simple"},"acf":[],"_links":{"self":[{"href":"https:\/\/nbg.eu\/mt\/wp-json\/wp\/v2\/product\/692291","targetHints":{"allow":["GET"]}}],"collection":[{"href":"https:\/\/nbg.eu\/mt\/wp-json\/wp\/v2\/product"}],"about":[{"href":"https:\/\/nbg.eu\/mt\/wp-json\/wp\/v2\/types\/product"}],"wp:featuredmedia":[{"embeddable":true,"href":"https:\/\/nbg.eu\/mt\/wp-json\/wp\/v2\/media\/365247"}],"wp:attachment":[{"href":"https:\/\/nbg.eu\/mt\/wp-json\/wp\/v2\/media?parent=692291"}],"wp:term":[{"taxonomy":"product_brand","embeddable":true,"href":"https:\/\/nbg.eu\/mt\/wp-json\/wp\/v2\/product_brand?post=692291"},{"taxonomy":"product_cat","embeddable":true,"href":"https:\/\/nbg.eu\/mt\/wp-json\/wp\/v2\/product_cat?post=692291"},{"taxonomy":"product_tag","embeddable":true,"href":"https:\/\/nbg.eu\/mt\/wp-json\/wp\/v2\/product_tag?post=692291"}],"curies":[{"name":"wp","href":"https:\/\/api.w.org\/{rel}","templated":true}]}}