{"id":692326,"date":"2025-05-20T23:13:22","date_gmt":"2025-05-20T20:13:22","guid":{"rendered":"https:\/\/nbg.eu\/product\/magazine-mec-gar-cal-9x19-17-rnds\/"},"modified":"2026-04-16T18:04:50","modified_gmt":"2026-04-16T15:04:50","slug":"magazine-mec-gar-cal-9x19-17-rnds","status":"publish","type":"product","link":"https:\/\/nbg.eu\/mt\/product\/magazine-mec-gar-cal-9x19-17-rnds\/","title":{"rendered":"KMR Maga\u017cin MEC-GAR 9&#215;19 17 Rawnds"},"content":{"rendered":"<h2>MAGAZINE MEC-GAR kal. 9&#215;19 17 rnds<\/h2>\n<p>Referenza: 1152-01901-0000<\/p>\n<p>Maga\u017cin bi-kapa\u010bit\u00e0 g\u0127olja ta&#8217; 17-kartrici g\u0127al pistoli 9x19mm. Kompatibbli ma&#8217; diversi mudelli KMR inklu\u017c SPECTRA, UMBRA, u CUDA (ver\u017cjonijiet 2023 u 2024). Jiffittja wkoll fuq il-pistoli CZ SHADOW 1, SHADOW 2, u SP-01. Ikel affidabbli u kostruzzjoni durevoli ji\u017cguraw prestazzjoni ottimali g\u0127all-arma tan-nar tieg\u0127ek.<\/p>\n","protected":false},"excerpt":{"rendered":"<p>Il-mag ta&#8217; kapa\u010bit\u00e0 g\u0127olja ta&#8217; 9mm g\u0127all-pistoli KMR u CZ. 17-il skarto\u010b\u010b.<\/p>\n","protected":false},"featured_media":365195,"template":"","meta":{"_acf_changed":false},"product_brand":[11500],"product_cat":[14108,14104],"product_tag":[],"class_list":{"0":"post-692326","1":"product","2":"type-product","3":"status-publish","4":"has-post-thumbnail","6":"product_brand-kmr-precision","7":"product_cat-partijiet-kmr","8":"product_cat-partijiet-tal-pistola","10":"first","11":"instock","12":"taxable","13":"shipping-taxable","14":"purchasable","15":"product-type-simple"},"acf":[],"_links":{"self":[{"href":"https:\/\/nbg.eu\/mt\/wp-json\/wp\/v2\/product\/692326","targetHints":{"allow":["GET"]}}],"collection":[{"href":"https:\/\/nbg.eu\/mt\/wp-json\/wp\/v2\/product"}],"about":[{"href":"https:\/\/nbg.eu\/mt\/wp-json\/wp\/v2\/types\/product"}],"wp:featuredmedia":[{"embeddable":true,"href":"https:\/\/nbg.eu\/mt\/wp-json\/wp\/v2\/media\/365195"}],"wp:attachment":[{"href":"https:\/\/nbg.eu\/mt\/wp-json\/wp\/v2\/media?parent=692326"}],"wp:term":[{"taxonomy":"product_brand","embeddable":true,"href":"https:\/\/nbg.eu\/mt\/wp-json\/wp\/v2\/product_brand?post=692326"},{"taxonomy":"product_cat","embeddable":true,"href":"https:\/\/nbg.eu\/mt\/wp-json\/wp\/v2\/product_cat?post=692326"},{"taxonomy":"product_tag","embeddable":true,"href":"https:\/\/nbg.eu\/mt\/wp-json\/wp\/v2\/product_tag?post=692326"}],"curies":[{"name":"wp","href":"https:\/\/api.w.org\/{rel}","templated":true}]}}