{"id":692341,"date":"2024-08-18T11:13:19","date_gmt":"2024-08-18T08:13:19","guid":{"rendered":"https:\/\/nbg.eu\/product\/magwell-screw-m4x8-din-915-kmr\/"},"modified":"2026-04-16T18:08:27","modified_gmt":"2026-04-16T15:08:27","slug":"magwell-screw-m4x8-din-915-kmr","status":"publish","type":"product","link":"https:\/\/nbg.eu\/mt\/product\/magwell-screw-m4x8-din-915-kmr\/","title":{"rendered":"KMR Vit tal-Magwell M4x8 DIN 915"},"content":{"rendered":"<h2>Viti tal-Magwell M4X8 Din 915 KMR &#8211; Attachments tal-Arma Siguri g\u0127all-Mudelli KMR<\/h2>\n<p>Il-Viti tal-Magwell huma komponent essenzjali g\u0127all-\u0127olqien ta&#8217; \u0121arr sikur tal-a\u010b\u010bessorji u l-attachments g\u0127as-sistemi tal-armi tieg\u0127ek KMR.<\/p>\n<p>Mag\u0127mula minn materjali ta&#8217; kwalit\u00e0 g\u0127olja u ma\u0127duma biex jirre\u017cistu l-vjos tat-tag\u0127mir tattiku, il-Viti tal-Magwell ji\u017cguraw l-ilbies u l-\u0121arr sikur, biex jipprevjenu li l-attachments tieg\u0127ek jitkissru jew jispi\u010b\u010baw matul l-operazzjoni. It-t\u0127awwil tag\u0127hom M4x8 Din 915 jipprovdu konnessjoni qawwija u li wie\u0127ed jista&#8217; jafda, li jippermettuk li timmontas bil-kunfidenza target, lasers, dwal, u tag\u0127mir essenzjali ie\u0127or fuq il-pjattaforma tieg\u0127ek KMR.<\/p>\n<p>Il-Viti tal-Magwell huma a\u010b\u010bessorju li m&#8217;g\u0127andekx tonqos ming\u0127ajr, biex ittejjeb il-funzjonalit\u00e0 u l-kundizzjoni tal-arma tieg\u0127ek. Kun \u010bert li l-attachments tieg\u0127ek jibqg\u0127u sodi f&#8217;posthom u ji\u017cguraw rendiment ottimali b&#8217;dan il-vit affidabbli u li jddum.<\/p>\n","protected":false},"excerpt":{"rendered":"<p>Vit il-magwel M4x8 Din 915 g\u0127all-mudelli KMR L-02 EMIQ, ORCA.<\/p>\n","protected":false},"featured_media":25433,"template":"","meta":{"_acf_changed":false},"product_brand":[11500],"product_cat":[14104,14977,14128],"product_tag":[],"class_list":{"0":"post-692341","1":"product","2":"type-product","3":"status-publish","4":"has-post-thumbnail","6":"product_brand-kmr-precision","7":"product_cat-partijiet-tal-pistola","8":"product_cat-pistol-magwells-mt","9":"product_cat-pistola","11":"first","12":"instock","13":"taxable","14":"shipping-taxable","15":"product-type-simple"},"acf":[],"_links":{"self":[{"href":"https:\/\/nbg.eu\/mt\/wp-json\/wp\/v2\/product\/692341","targetHints":{"allow":["GET"]}}],"collection":[{"href":"https:\/\/nbg.eu\/mt\/wp-json\/wp\/v2\/product"}],"about":[{"href":"https:\/\/nbg.eu\/mt\/wp-json\/wp\/v2\/types\/product"}],"wp:featuredmedia":[{"embeddable":true,"href":"https:\/\/nbg.eu\/mt\/wp-json\/wp\/v2\/media\/25433"}],"wp:attachment":[{"href":"https:\/\/nbg.eu\/mt\/wp-json\/wp\/v2\/media?parent=692341"}],"wp:term":[{"taxonomy":"product_brand","embeddable":true,"href":"https:\/\/nbg.eu\/mt\/wp-json\/wp\/v2\/product_brand?post=692341"},{"taxonomy":"product_cat","embeddable":true,"href":"https:\/\/nbg.eu\/mt\/wp-json\/wp\/v2\/product_cat?post=692341"},{"taxonomy":"product_tag","embeddable":true,"href":"https:\/\/nbg.eu\/mt\/wp-json\/wp\/v2\/product_tag?post=692341"}],"curies":[{"name":"wp","href":"https:\/\/api.w.org\/{rel}","templated":true}]}}